{"id":2640,"date":"2018-07-03T22:43:50","date_gmt":"2018-07-03T22:43:50","guid":{"rendered":"https:\/\/cochacashu.sandiegozooglobal.org\/?page_id=2640"},"modified":"2019-03-25T00:02:27","modified_gmt":"2019-03-25T00:02:27","slug":"contacto","status":"publish","type":"page","link":"https:\/\/cochacashu.sandiegozooglobal.org\/es\/contacto\/","title":{"rendered":"Contacto"},"content":{"rendered":"<p>Si tienes cualquier comentario, sugerencia, o pregunta, no dudes en contactarnos. Nos encantaria ayudarte!<\/p>\n<p>Nos puedes encontrar en:<\/p>\n<p><span style=\"color: #000000;\"><strong>La oficina de Cocha Cashu en Cusco<\/strong><\/span><\/p>\n<p><span style=\"color: #000000;\">Av. Peru F-10, Urb. Quispicanchis, Cusco, Peru, <\/span><\/p>\n<p><span style=\"color: #000000;\">Tel: (0051) (084) 226225, <\/span><\/p>\n<p><span style=\"color: #000000;\">E-mail: Veronica Chavez,<\/span> <a href=\"mailto:v.chavez@sandiegozooperu.org\">v.chavez@sandiegozooperu.org<\/a><\/p>\n<p>En <a href=\"https:\/\/www.facebook.com\/CochaCashu\/\">Facebook<\/a><\/p>\n<p>O en <a href=\"https:\/\/twitter.com\/CochaCashu\">Twitter<\/a><\/p>\n<p><span style=\"color: #000000;\"><strong>San Diego Zoo Institute for Conservation Research <\/strong><\/span><\/p>\n<p><span style=\"color: #000000;\"> San Diego Zoo Institute for Conservation Research,\u00a0<\/span><span style=\"color: #000000;\">15600 San Pasqual Valley Road, Escondido, California 92027, o v\u00eda tel\u00e9fono: Tel: 760- 291-5427, o v\u00eda correo electr\u00f3nico:\u00a0<\/span><span style=\"color: #000000;\">Ignacio Vilchis,<\/span><span style=\"color: #008000;\">\u00a0<\/span><span style=\"color: #3366ff;\">ivilchis@sandiegozoo.org<\/span><\/p>\n<p><span style=\"color: #000000;\"><strong>SERNANP &#8211; Lima<\/strong><\/span><\/p>\n<p><span style=\"color: #000000;\">Calle Diecisiete 355, Urb. El Palomar, Lima 27, Telf: (511) 717 7500 \/ (511) 225 1053, Fax: (511) 475 1555, correo electr\u00f3nico:<\/span> <a href=\"mailto:sernanp@sernanp.gob.pe\">sernanp@sernanp.gob.pe<\/a><\/p>\n<p><a href=\"http:\/\/www.sernanp.gob.pe\" target=\"_blank\" rel=\"noopener noreferrer\">www.sernanp.gob.pe<\/a><\/p>\n<p><span style=\"color: #000000;\"><strong>SERNANP &#8211; Cusco<\/strong><\/span><\/p>\n<p><span style=\"color: #000000;\">Avenida Cinco Los Chachacomos F-2-4, Urb. Larapa Grande, San Jeronimo, Cusco. Tel: (084) 274509, correo electr\u00f3nico:<\/span> <a href=\"mailto:pnmanu@sernanp.gob.pe\">pnmanu@sernanp.gob.pe<\/a><\/p>\n<p><a href=\"https:\/\/cochacashu.sandiegozooglobal.org\/wp-content\/uploads\/2011\/11\/11014954_911756528882166_705714574889932639_n.jpg\"><img decoding=\"async\" loading=\"lazy\" class=\"aligncenter size-full wp-image-1970\" src=\"https:\/\/cochacashu.sandiegozooglobal.org\/wp-content\/uploads\/2011\/11\/11014954_911756528882166_705714574889932639_n.jpg\" alt=\"11014954_911756528882166_705714574889932639_n\" width=\"800\" height=\"565\" srcset=\"https:\/\/cochacashu.sandiegozooglobal.org\/wp-content\/uploads\/2011\/11\/11014954_911756528882166_705714574889932639_n.jpg 800w, https:\/\/cochacashu.sandiegozooglobal.org\/wp-content\/uploads\/2011\/11\/11014954_911756528882166_705714574889932639_n-300x211.jpg 300w, https:\/\/cochacashu.sandiegozooglobal.org\/wp-content\/uploads\/2011\/11\/11014954_911756528882166_705714574889932639_n-424x300.jpg 424w\" sizes=\"(max-width: 800px) 100vw, 800px\" \/><\/a><\/p>\n","protected":false},"excerpt":{"rendered":"<p>Si tienes cualquier comentario, sugerencia, o pregunta, no dudes en contactarnos. Nos encantaria ayudarte! Nos puedes encontrar en: La oficina de Cocha Cashu en Cusco Av. Peru F-10, Urb. Quispicanchis, Cusco, Peru, Tel: (0051) (084) 226225, E-mail: Veronica Chavez, v.chavez@sandiegozooperu.org &hellip; <a href=\"https:\/\/cochacashu.sandiegozooglobal.org\/es\/contacto\/\">Sigue leyendo <span class=\"meta-nav\">&rarr;<\/span><\/a><\/p>\n","protected":false},"author":1,"featured_media":0,"parent":0,"menu_order":0,"comment_status":"closed","ping_status":"closed","template":"","meta":{"_mi_skip_tracking":false,"_exactmetrics_sitenote_active":false,"_exactmetrics_sitenote_note":"","_exactmetrics_sitenote_category":0,"footnotes":""},"_links":{"self":[{"href":"https:\/\/cochacashu.sandiegozooglobal.org\/es\/wp-json\/wp\/v2\/pages\/2640\/"}],"collection":[{"href":"https:\/\/cochacashu.sandiegozooglobal.org\/es\/wp-json\/wp\/v2\/pages\/"}],"about":[{"href":"https:\/\/cochacashu.sandiegozooglobal.org\/es\/wp-json\/wp\/v2\/types\/page\/"}],"author":[{"embeddable":true,"href":"https:\/\/cochacashu.sandiegozooglobal.org\/es\/wp-json\/wp\/v2\/users\/1\/"}],"replies":[{"embeddable":true,"href":"https:\/\/cochacashu.sandiegozooglobal.org\/es\/wp-json\/wp\/v2\/comments\/?post=2640"}],"version-history":[{"count":6,"href":"https:\/\/cochacashu.sandiegozooglobal.org\/es\/wp-json\/wp\/v2\/pages\/2640\/revisions\/"}],"predecessor-version":[{"id":3374,"href":"https:\/\/cochacashu.sandiegozooglobal.org\/es\/wp-json\/wp\/v2\/pages\/2640\/revisions\/3374\/"}],"wp:attachment":[{"href":"https:\/\/cochacashu.sandiegozooglobal.org\/es\/wp-json\/wp\/v2\/media\/?parent=2640"}],"curies":[{"name":"wp","href":"https:\/\/api.w.org\/{rel}","templated":true}]}}