{"id":2650,"date":"2018-07-03T23:21:56","date_gmt":"2018-07-03T23:21:56","guid":{"rendered":"https:\/\/cochacashu.sandiegozooglobal.org\/?page_id=2650"},"modified":"2018-07-12T20:03:14","modified_gmt":"2018-07-12T20:03:14","slug":"educashu","status":"publish","type":"page","link":"https:\/\/cochacashu.sandiegozooglobal.org\/es\/educashu\/","title":{"rendered":"EduCashu"},"content":{"rendered":"<p style=\"text-align: justify;\"><span style=\"color: #141823;\">El plan de trabajo del acuerdo a 10 a\u00f1os firmado entre SERNANP y SDZG para la administraci\u00f3n conjunta <\/span>de la Estaci\u00f3n no indica expl\u00edcitamente la necesidad de invertir en los temas de educaci\u00f3n, difusi\u00f3n y fomentaci\u00f3n de la capacidad. Sin embargo, las conversaciones con el Parque Nacional del Manu y con la poblaci\u00f3n local en los alrededores del Parque han puesto estos en una alta prioridad.<\/p>\n<p style=\"text-align: justify;\">Seg\u00fan la percepci\u00f3n de SERNANP y San Diego Zoo Global, nuestro rol no es s\u00f3lo para llevar a cabo investigaci\u00f3n cient\u00edfica de primera categor\u00eda, sino tambi\u00e9n promoverlo y conectar la ciencia con nuestro constituyente, construyendo una relaci\u00f3n basada en la difusi\u00f3n\u00a0 de los resultados de nuestras investigaciones.<\/p>\n<p style=\"text-align: justify;\">Adem\u00e1s, nos gustar\u00eda tener una relaci\u00f3n m\u00e1s transparente con las comunidades del Manu y otros actores claves, as\u00ed como aumentar la conciencia p\u00fablica de las actividades de la estaci\u00f3n y la importancia de su papel en la investigaci\u00f3n de la ecolog\u00eda tropical, conservaci\u00f3n de la biodiversidad y la gesti\u00f3n. De este modo, nuestro programa de Educaci\u00f3n para la Conservaci\u00f3n, Desarrollo de Capacidades y Extensi\u00f3n (EduCashu) tiene la siguiente visi\u00f3n como su mandato:<\/p>\n<p style=\"text-align: center;\"><strong>VISI\u00d3N<\/strong><\/p>\n<p style=\"text-align: center;\">&#8220;EduCashu es un modelo innovador de los centros de investigaci\u00f3n a participar e integrarse con la poblaci\u00f3n local, la comunidad acad\u00e9mica, las instituciones gubernamentales y la sociedad en general.&#8221;<\/p>\n<p style=\"text-align: justify;\"><strong><a href=\"https:\/\/cochacashu.sandiegozooglobal.org\/wp-content\/uploads\/2014\/04\/Maisal-kids-library.jpg\"><img decoding=\"async\" loading=\"lazy\" class=\"alignleft wp-image-1309 size-full\" src=\"https:\/\/cochacashu.sandiegozooglobal.org\/wp-content\/uploads\/2014\/04\/Maisal-kids-library.jpg\" alt=\"Fortunato Rayan\" width=\"960\" height=\"694\" srcset=\"https:\/\/cochacashu.sandiegozooglobal.org\/wp-content\/uploads\/2014\/04\/Maisal-kids-library.jpg 960w, https:\/\/cochacashu.sandiegozooglobal.org\/wp-content\/uploads\/2014\/04\/Maisal-kids-library-300x216.jpg 300w, https:\/\/cochacashu.sandiegozooglobal.org\/wp-content\/uploads\/2014\/04\/Maisal-kids-library-414x300.jpg 414w\" sizes=\"(max-width: 960px) 100vw, 960px\" \/><\/a><\/strong>Para obtener m\u00e1s informaci\u00f3n,\u00a0haz clic en el siguiente enlace <a href=\"https:\/\/cochacashu.sandiegozooglobal.org\/wp-content\/uploads\/2018\/02\/EDUCASHU-Espa\u00f1ol.pdf\">EDUCASHU Espa\u00f1ol,\u00a0<\/a>o p\u00f3ngase en contacto con <a href=\"mailto:c.flores@sandiegozooperu.org\">Cesar Flores<\/a>.<\/p>\n<p style=\"text-align: justify;\">\n","protected":false},"excerpt":{"rendered":"<p>El plan de trabajo del acuerdo a 10 a\u00f1os firmado entre SERNANP y SDZG para la administraci\u00f3n conjunta de la Estaci\u00f3n no indica expl\u00edcitamente la necesidad de invertir en los temas de educaci\u00f3n, difusi\u00f3n y fomentaci\u00f3n de la capacidad. Sin &hellip; <a href=\"https:\/\/cochacashu.sandiegozooglobal.org\/es\/educashu\/\">Sigue leyendo <span class=\"meta-nav\">&rarr;<\/span><\/a><\/p>\n","protected":false},"author":1,"featured_media":0,"parent":0,"menu_order":0,"comment_status":"closed","ping_status":"closed","template":"","meta":{"_mi_skip_tracking":false,"_exactmetrics_sitenote_active":false,"_exactmetrics_sitenote_note":"","_exactmetrics_sitenote_category":0,"footnotes":""},"_links":{"self":[{"href":"https:\/\/cochacashu.sandiegozooglobal.org\/es\/wp-json\/wp\/v2\/pages\/2650\/"}],"collection":[{"href":"https:\/\/cochacashu.sandiegozooglobal.org\/es\/wp-json\/wp\/v2\/pages\/"}],"about":[{"href":"https:\/\/cochacashu.sandiegozooglobal.org\/es\/wp-json\/wp\/v2\/types\/page\/"}],"author":[{"embeddable":true,"href":"https:\/\/cochacashu.sandiegozooglobal.org\/es\/wp-json\/wp\/v2\/users\/1\/"}],"replies":[{"embeddable":true,"href":"https:\/\/cochacashu.sandiegozooglobal.org\/es\/wp-json\/wp\/v2\/comments\/?post=2650"}],"version-history":[{"count":6,"href":"https:\/\/cochacashu.sandiegozooglobal.org\/es\/wp-json\/wp\/v2\/pages\/2650\/revisions\/"}],"predecessor-version":[{"id":3199,"href":"https:\/\/cochacashu.sandiegozooglobal.org\/es\/wp-json\/wp\/v2\/pages\/2650\/revisions\/3199\/"}],"wp:attachment":[{"href":"https:\/\/cochacashu.sandiegozooglobal.org\/es\/wp-json\/wp\/v2\/media\/?parent=2650"}],"curies":[{"name":"wp","href":"https:\/\/api.w.org\/{rel}","templated":true}]}}