{"id":2655,"date":"2018-07-03T23:31:37","date_gmt":"2018-07-03T23:31:37","guid":{"rendered":"https:\/\/cochacashu.sandiegozooglobal.org\/?page_id=2655"},"modified":"2018-07-09T17:00:33","modified_gmt":"2018-07-09T17:00:33","slug":"para-todos-visitantes","status":"publish","type":"page","link":"https:\/\/cochacashu.sandiegozooglobal.org\/es\/para-todos-visitantes\/","title":{"rendered":"Para TODOS Visitantes"},"content":{"rendered":"<p>Aunque Cocha Cashu atiende principalmente a investigadores y sus asistentes, recibimos regularmente grupos de estudiantes en cursos de ecolog\u00eda tropical, adem\u00e1s de equipos de televisi\u00f3n y cine, fot\u00f3grafos y periodistas, t\u00e9cnicos, personal del Parque, autoridades gubernamentales y educativas, grupos escolares, familias ind\u00edgenas que pasan, y familiares del personal de Cocha Cashu.<\/p>\n<p>Aqu\u00ed proporcionamos informaci\u00f3n que es esencial para TODOS los visitantes, as\u00ed como un subconjunto de detalles destinados a servir a investigadores espec\u00edficamente.<\/p>\n","protected":false},"excerpt":{"rendered":"<p>Aunque Cocha Cashu atiende principalmente a investigadores y sus asistentes, recibimos regularmente grupos de estudiantes en cursos de ecolog\u00eda tropical, adem\u00e1s de equipos de televisi\u00f3n y cine, fot\u00f3grafos y periodistas, t\u00e9cnicos, personal del Parque, autoridades gubernamentales y educativas, grupos escolares, &hellip; <a href=\"https:\/\/cochacashu.sandiegozooglobal.org\/es\/para-todos-visitantes\/\">Sigue leyendo <span class=\"meta-nav\">&rarr;<\/span><\/a><\/p>\n","protected":false},"author":1,"featured_media":0,"parent":0,"menu_order":0,"comment_status":"closed","ping_status":"closed","template":"","meta":{"_mi_skip_tracking":false,"_exactmetrics_sitenote_active":false,"_exactmetrics_sitenote_note":"","_exactmetrics_sitenote_category":0,"footnotes":""},"_links":{"self":[{"href":"https:\/\/cochacashu.sandiegozooglobal.org\/es\/wp-json\/wp\/v2\/pages\/2655\/"}],"collection":[{"href":"https:\/\/cochacashu.sandiegozooglobal.org\/es\/wp-json\/wp\/v2\/pages\/"}],"about":[{"href":"https:\/\/cochacashu.sandiegozooglobal.org\/es\/wp-json\/wp\/v2\/types\/page\/"}],"author":[{"embeddable":true,"href":"https:\/\/cochacashu.sandiegozooglobal.org\/es\/wp-json\/wp\/v2\/users\/1\/"}],"replies":[{"embeddable":true,"href":"https:\/\/cochacashu.sandiegozooglobal.org\/es\/wp-json\/wp\/v2\/comments\/?post=2655"}],"version-history":[{"count":1,"href":"https:\/\/cochacashu.sandiegozooglobal.org\/es\/wp-json\/wp\/v2\/pages\/2655\/revisions\/"}],"predecessor-version":[{"id":2658,"href":"https:\/\/cochacashu.sandiegozooglobal.org\/es\/wp-json\/wp\/v2\/pages\/2655\/revisions\/2658\/"}],"wp:attachment":[{"href":"https:\/\/cochacashu.sandiegozooglobal.org\/es\/wp-json\/wp\/v2\/media\/?parent=2655"}],"curies":[{"name":"wp","href":"https:\/\/api.w.org\/{rel}","templated":true}]}}