{"id":2659,"date":"2018-07-03T23:33:08","date_gmt":"2018-07-03T23:33:08","guid":{"rendered":"https:\/\/cochacashu.sandiegozooglobal.org\/?page_id=2659"},"modified":"2018-07-12T20:08:47","modified_gmt":"2018-07-12T20:08:47","slug":"home","status":"publish","type":"page","link":"https:\/\/cochacashu.sandiegozooglobal.org\/es\/","title":{"rendered":"Home"},"content":{"rendered":"<div id=\"lipsum\">\n<p style=\"text-align: center;\"><strong>BIENVENIDOS A LA ESTACI\u00d3N BIOL\u00d3GICA COCHA CASHU<\/strong><\/p>\n<p style=\"text-align: justify;\"><span style=\"color: #000000;\">La <strong>Estaci\u00f3n Biol\u00f3gica de Cocha Cashu (EBCC)<\/strong> es un sitio de investigaci\u00f3n de campo situada en el Parque Nacional del Manu, en el sudeste del Per\u00fa. Cocha Cashu es \u00fanica porque se ubica sobre una extensa regi\u00f3n m\u00ednimamente afectada por el hombre; proporcionando conocimientos cr\u00edticos sobre la biodiversidad y los procesos de una selva sana e intacta. <a href=\"https:\/\/cochacashu.sandiegozooglobal.org\/es\/about-us\/san-diego-zoo-global\/\">San Diego Zoo Global <\/a>te invita a descubrir la EBCC y unirse a su grupo de investigadores en su b\u00fasqueda para salvar las especies en v\u00edas de extinci\u00f3n y preservar los bosques tropicales de Peru. \u00a1Bienvenidos!<\/span><\/p>\n<p style=\"text-align: right;\"><em>Foto: Ken Bohn \/ SDZG<\/em><img decoding=\"async\" loading=\"lazy\" class=\"aligncenter size-large wp-image-163\" title=\"\" src=\"https:\/\/cochacashu.sandiegozooglobal.org\/wp-content\/uploads\/2011\/11\/T11_0626_050-1024x576.jpg\" alt=\"\" width=\"584\" height=\"328\" srcset=\"https:\/\/cochacashu.sandiegozooglobal.org\/wp-content\/uploads\/2011\/11\/T11_0626_050-1024x576.jpg 1024w, https:\/\/cochacashu.sandiegozooglobal.org\/wp-content\/uploads\/2011\/11\/T11_0626_050-300x168.jpg 300w, https:\/\/cochacashu.sandiegozooglobal.org\/wp-content\/uploads\/2011\/11\/T11_0626_050-500x281.jpg 500w, https:\/\/cochacashu.sandiegozooglobal.org\/wp-content\/uploads\/2011\/11\/T11_0626_050.jpg 1920w\" sizes=\"(max-width: 584px) 100vw, 584px\" \/><\/p>\n<\/div>\n<p>&nbsp;<\/p>\n","protected":false},"excerpt":{"rendered":"<p>BIENVENIDOS A LA ESTACI\u00d3N BIOL\u00d3GICA COCHA CASHU La Estaci\u00f3n Biol\u00f3gica de Cocha Cashu (EBCC) es un sitio de investigaci\u00f3n de campo situada en el Parque Nacional del Manu, en el sudeste del Per\u00fa. Cocha Cashu es \u00fanica porque se ubica &hellip; <a href=\"https:\/\/cochacashu.sandiegozooglobal.org\/es\/\">Sigue leyendo <span class=\"meta-nav\">&rarr;<\/span><\/a><\/p>\n","protected":false},"author":1,"featured_media":0,"parent":0,"menu_order":0,"comment_status":"closed","ping_status":"closed","template":"","meta":{"_mi_skip_tracking":false,"_exactmetrics_sitenote_active":false,"_exactmetrics_sitenote_note":"","_exactmetrics_sitenote_category":0,"footnotes":""},"_links":{"self":[{"href":"https:\/\/cochacashu.sandiegozooglobal.org\/es\/wp-json\/wp\/v2\/pages\/2659\/"}],"collection":[{"href":"https:\/\/cochacashu.sandiegozooglobal.org\/es\/wp-json\/wp\/v2\/pages\/"}],"about":[{"href":"https:\/\/cochacashu.sandiegozooglobal.org\/es\/wp-json\/wp\/v2\/types\/page\/"}],"author":[{"embeddable":true,"href":"https:\/\/cochacashu.sandiegozooglobal.org\/es\/wp-json\/wp\/v2\/users\/1\/"}],"replies":[{"embeddable":true,"href":"https:\/\/cochacashu.sandiegozooglobal.org\/es\/wp-json\/wp\/v2\/comments\/?post=2659"}],"version-history":[{"count":2,"href":"https:\/\/cochacashu.sandiegozooglobal.org\/es\/wp-json\/wp\/v2\/pages\/2659\/revisions\/"}],"predecessor-version":[{"id":3200,"href":"https:\/\/cochacashu.sandiegozooglobal.org\/es\/wp-json\/wp\/v2\/pages\/2659\/revisions\/3200\/"}],"wp:attachment":[{"href":"https:\/\/cochacashu.sandiegozooglobal.org\/es\/wp-json\/wp\/v2\/media\/?parent=2659"}],"curies":[{"name":"wp","href":"https:\/\/api.w.org\/{rel}","templated":true}]}}