{"id":2673,"date":"2018-07-03T23:40:04","date_gmt":"2018-07-03T23:40:04","guid":{"rendered":"https:\/\/cochacashu.sandiegozooglobal.org\/?page_id=2673"},"modified":"2020-06-09T16:05:59","modified_gmt":"2020-06-09T16:05:59","slug":"blogs-y-boletines","status":"publish","type":"page","link":"https:\/\/cochacashu.sandiegozooglobal.org\/es\/blogs-y-boletines\/","title":{"rendered":"Blogs y Bolet\u00ednes"},"content":{"rendered":"<h1><strong>Boletines digitales &#8211; Noticias desde la Estaci\u00f3n Biol\u00f3gica de Cocha Cashu<\/strong><\/h1>\n<p><a href=\"https:\/\/mailchi.mp\/7b764f64bdaa\/news-from-cocha-cashu-noticias-desde-cocha-cashu-4000913?e=9e22203a1d\">Marzo 2020<\/a><\/p>\n<p><a href=\"https:\/\/mailchi.mp\/f02d9db86434\/news-from-cocha-cashu-noticias-desde-cocha-cashu-3408341?e=261a32c5f3\">Febrero 2019<\/a><\/p>\n<p><a href=\"https:\/\/mailchi.mp\/87b5684157d6\/news-from-cocha-cashu-noticias-desde-cocha-cashu-3349277?e=261a32c5f3\">Octubre 2018<\/a><\/p>\n<p><a href=\"https:\/\/mailchi.mp\/6bc421550c68\/news-from-cocha-cashu-noticias-desde-cocha-cashu-3331661?e=261a32c5f3\">Agosto 2018<\/a><\/p>\n<p><a href=\"https:\/\/mailchi.mp\/567b857fe6bb\/news-from-cocha-cashu-noticias-desde-cocha-cashu-3124417?e=b05c4aabda\">Enero 2018<\/a><\/p>\n<p><a href=\"http:\/\/mailchi.mp\/95fb1b6b22db\/news-from-cocha-cashu-noticias-desde-cocha-cashu\">Junio 2017<\/a><\/p>\n<p><a href=\"http:\/\/us3.campaign-archive1.com\/?u=d2f5c35a8b9670ca05d8d234c&amp;id=c71056a3bf&amp;e=cfe8fb88b8\">Diciembre 2016<\/a><\/p>\n<p><a href=\"http:\/\/us3.campaign-archive1.com\/?u=d2f5c35a8b9670ca05d8d234c&amp;id=a36e265e30\">Junio 2016<\/a><\/p>\n<p><a href=\"http:\/\/us3.campaign-archive1.com\/?u=d2f5c35a8b9670ca05d8d234c&amp;id=4e67cb98af\">Diciembre 2015<\/a><\/p>\n<p><a href=\"http:\/\/us3.campaign-archive1.com\/?u=d2f5c35a8b9670ca05d8d234c&amp;id=5713589076&amp;e=51d82c8f4c\">Mayo 2015<\/a><\/p>\n<p><a href=\"http:\/\/us3.campaign-archive2.com\/?u=d2f5c35a8b9670ca05d8d234c&amp;id=b813051bd2&amp;e=cfe8fb88b8\">Diciembre 2014<\/a><\/p>\n<h1><strong>Posts de Blog<\/strong><\/h1>\n<p><a href=\"https:\/\/www.facebook.com\/notes\/cocha-cashu\/arquitectos-de-la-noche-murci%C3%A9lagos-en-los-bosques-neotropicales\/3406098176069800\/\">Arquitectos de la noche: Murci\u00e9lagos en los bosques Neotropicales<\/a>, Orlando Zegarra, <em>junio<\/em> <em>2020<\/em><\/p>\n<p><a href=\"https:\/\/www.facebook.com\/notes\/cocha-cashu\/aprendiendo-con-los-matsigenkas-del-manu\/2336191553060473\/?__tn__=HH-R\">Aprendiendo con los Matsigenkas del Manu<\/a>, Karen Castillo, <em>enero 2019<\/em><\/p>\n<p><a href=\"https:\/\/www.facebook.com\/notes\/cocha-cashu\/cocha-cashu-una-bienvenida-extrema\/1499175626762074\/\">Cocha Cashu, una bienvenida extrema<\/a>, Jhonathan Jara, <em>abril 2017<\/em><\/p>\n<h1><strong>Blog posts de estudiantes de nuestro Curso en Ecologia Tropical y T\u00e9cnicas de Campo <\/strong><\/h1>\n<p><a href=\"https:\/\/www.facebook.com\/notes\/cocha-cashu\/agallas-un-misterioso-mundo-en-cocha-cashu\/2479317288747898\/?__tn__=HH-R\">Agallas: Un misterioso mundo en Cocha Cashu<\/a>, Juliana Olarte, <em>abril 2019<\/em><\/p>\n<p><a href=\"https:\/\/www.facebook.com\/notes\/cocha-cashu\/cocha-cashu-y-sus-caimanes-30-a%C3%B1os-despu%C3%A9s\/2452338228112471\/?__tn__=HH-R\">Cocha Cashu y sus caimanes: 30 a\u00f1os despu\u00e9s<\/a>, Mario Caller, <em>abril 2019<\/em><\/p>\n<p><a href=\"https:\/\/www.facebook.com\/notes\/cocha-cashu\/un-amor-en-el-bosque\/2397350920277869\/?__tn__=HH-R\">Un amor en el bosque<\/a>, Carmen Tucto, <em>marzo 2019<\/em><\/p>\n<p><a href=\"https:\/\/www.facebook.com\/notes\/cocha-cashu\/una-decisi%C3%B3n-de-dos-picotazos-un-keystone-en-cocha-cashu\/2345605055452456\/?__tn__=HH-R\">Una decisi\u00f3n de dos picotazos: un &#8216;keystone&#8217; en Cocha Cashu<\/a>, Nicolas Mamani Cabana, <em>febrero 2019<\/em><\/p>\n<p><a href=\"https:\/\/www.facebook.com\/notes\/cocha-cashu\/buzz-cando-abejas-sin-aguij%C3%B3n\/2340960805916881\/?__tn__=HH-R\">Buzz-cando abejas sin aguij\u00f3n<\/a>, Yannet Quispe Delgado, <em>febrero 2019<\/em><\/p>\n<p><a href=\"https:\/\/www.facebook.com\/notes\/cocha-cashu\/cuidado-o-te-pueden-comer-una-rana-con-un-gran-apetito\/2324089380937357\/?__tn__=HH-R\">Cuidado! o te pueden comer: una rana con un gran apetito<\/a>, Angel Llompart Navarro, <em>enero 2019<\/em><\/p>\n<p><a href=\"https:\/\/www.facebook.com\/notes\/cocha-cashu\/el-impacto-del-canto\/2322615421084753\/?__tn__=HH-R\">El impacto del canto<\/a>, Claudio Cardama Sifuentes, <em>enero 2019<\/em><\/p>\n<p><a href=\"https:\/\/www.facebook.com\/notes\/cocha-cashu\/la-vida-nocturna-del-bosque\/2313966115283017\/?__tn__=HH-R\">La vida nocturna del bosque<\/a>, Antuane Cornejo, <em>enero 2019<\/em><\/p>\n<p><a href=\"https:\/\/www.facebook.com\/notes\/cocha-cashu\/una-cocha-y-sus-libelulas\/1969996633013302\/\">Una cocha y sus libelulas<\/a>, Emmy Medina, <em>junio 2018<\/em><\/p>\n<p><a href=\"https:\/\/www.facebook.com\/notes\/cocha-cashu\/una-pasi%C3%B3n-por-los-peces\/1968362233176742\/\">Una pasi\u00f3n por los peces<\/a>, Karen Castillo, <em>junio 2018<\/em><\/p>\n<p><a href=\"https:\/\/www.facebook.com\/notes\/cocha-cashu\/agresivo-con-uno-tolerante-con-otro-variaci%C3%B3n-en-la-respuesta-agresiva-del-cotom\/1955892404423725\/\">Agresivo con uno, tolerante con otro: Variaci\u00f3n en la respuesta agresiva del cotomono<\/a>,\u00a0Deborah Camila D\u00e1vila Raffo, <em>junio 2018<\/em><\/p>\n<p><a href=\"https:\/\/www.facebook.com\/notes\/cocha-cashu\/micrathena-la-ara%C3%B1a-de-cashu\/1955063177839981\/\">Micrathena, la ara\u00f1a de Cashu<\/a>,\u00a0<span class=\"_4yxo\">Felipe Zu\u00f1e Da Silva, <em>junio 2018<\/em><\/span><\/p>\n<p><a href=\"https:\/\/www.facebook.com\/notes\/cocha-cashu\/entre-lecciones-y-elecciones-mi-experiencia-en-cocha-cashu-estudiando-la-reprodu\/1957240054288960\/\">Entre lecciones y elecciones: Mi experiencia en Cocha Cashu estudiando la reproducci\u00f3n de lib\u00e9lulas<\/a>, Michela\u00a0del Rosario Olaya Chira, <em>junio 2018<\/em><\/p>\n<p><span style=\"font-weight: 200; color: #1d2129;\"><a href=\"https:\/\/www.facebook.com\/notes\/cocha-cashu\/how-do-woolly-and-spider-monkeys-co-exist-c%C3%B3mo-conviven-los-maquisapas-y-monos-c\/1407437149269256\">\u00bfC\u00f3mo conviven los maquisapas y monos choro?<\/a>, Nicole Abanto, <em>febrero 2017<\/em><\/span><\/p>\n<p><span style=\"font-weight: 200; color: #1d2129;\"><a href=\"https:\/\/www.facebook.com\/notes\/cocha-cashu\/densidad-y-comportamiento-alimenticio-de-ateles-chamek-entre-la-zona-de-transman\/1386064624739842\">Densidad y comportamiento alimenticio de Ateles chamek entre la zona de Transmanu y Cocha Cashu<\/a>,\u00a0<span style=\"font-weight: normal;\">David Alegria Meneses, <em>enero 2017<\/em><\/span><\/span><\/p>\n<p><span style=\"font-weight: 200; color: #1d2129;\"><a href=\"https:\/\/www.facebook.com\/notes\/cocha-cashu\/compartiendo-el-bosque-amaz%C3%B3nico-repartici%C3%B3n-de-recursos-en-una-comunidad-de-ano\/1382998015046503\">Compartiendo el bosque amaz\u00f3nico: Repartici\u00f3n de recursos en una comunidad de Anolis del Parque Nacional del Manu<\/a>,\u00a0<span style=\"font-weight: normal;\">Gerardo Luis Guti\u00e9rrez de la Cruz, <em>enero 2017<\/em><\/span><\/span><\/p>\n<p><span style=\"font-weight: 200; color: #1d2129;\"><a href=\"https:\/\/www.facebook.com\/notes\/cocha-cashu\/dispersi%C3%B3n-y-regeneraci%C3%B3n-de-pl%C3%A1ntulas-arb%C3%B3reas-en-un-bosque-de-sucesi%C3%B3n\/1382001145146190\">Dispersi\u00f3n y regeneraci\u00f3n de pl\u00e1ntulas arb\u00f3reas en un bosque de sucesi\u00f3n<\/a>,\u00a0<span style=\"font-weight: normal;\">Alexsander Quispe Naupas, <em>enero 2017<\/em><\/span><\/span><\/p>\n<p><span style=\"font-weight: 200; color: #1d2129;\"><a href=\"https:\/\/www.facebook.com\/notes\/cocha-cashu\/variaciones-en-la-dieta-la-frugivor%C3%ADa-del-cotomono\/1381000665246238\">Variaciones en la dieta: La frugivor\u00eda del cotomono<\/a>,\u00a0<span style=\"font-weight: normal;\">Florangel Condo Zu\u00f1iga, <em>enero 2017<\/em><\/span><\/span><\/p>\n<p><span style=\"font-weight: 200; color: #1d2129;\"><a href=\"https:\/\/www.facebook.com\/notes\/cocha-cashu\/afectamos-a-la-fauna-al-transitar-por-las-trochas\/1380087385337566\">\u00bfAfectamos a la fauna al transitar por las trochas?<\/a>, Diego Balbuena, <em>enero 2017<\/em><\/span><\/p>\n<p><span style=\"font-weight: 200; color: #1d2129;\"><a href=\"https:\/\/www.facebook.com\/notes\/cocha-cashu\/costos-y-beneficios-al-formar-grupos-mixtos-el-caso-del-mach%C3%ADn-negro\/1379301355416169\">Costos y beneficios al formar grupos mixtos: El caso del mach\u00edn negro<\/a>, Ana Peralta Aguilar, <em>enero 2017<\/em><\/span><\/p>\n<p><span style=\"font-weight: 200; color: #1d2129;\"><a href=\"https:\/\/www.facebook.com\/notes\/cocha-cashu\/llevando-semillas-los-murci%C3%A9lagos-come-frutas-como-dispersores-de-semillas-de-lo\/1378501998829438\">Llevando semillas: Los murci\u00e9lagos come frutas como dispersores de semillas de los \u00e1rboles de los bosques inundables del Manu<\/a>, Orlando Zegarra Mori, <em>enero 2017<\/em><\/span><\/p>\n<p><span style=\"font-weight: 200; color: #1d2129;\"><a href=\"https:\/\/www.facebook.com\/notes\/cocha-cashu\/buscando-osos-bandera-monitoreando-a-su-presa\/1377403642272607\">Buscando osos bandera: monitoreando a su presa<\/a>, Rocio Bardales Zegarra, <em>enero 2017<\/em><\/span><\/p>\n<p><span style=\"font-weight: 200; color: #1d2129;\"><a href=\"https:\/\/www.facebook.com\/notes\/cocha-cashu\/por-qu%C3%A9-los-primates-forman-grupos-mixtos\/1376757809003857\">\u00bfPor qu\u00e9 los primates forman grupos mixtos?<\/a>, Maribel Taco Huallpa, <em>enero 2017<\/em><\/span><\/p>\n<p><a href=\"https:\/\/www.facebook.com\/notes\/cocha-cashu\/una-reflexi%C3%B3n-en-la-cocha\/1076819735664334\">Una reflexi\u00f3n en la cocha<\/a>, Sarah Landeo, <em>diciembre 2015<\/em><\/p>\n<p><a href=\"https:\/\/www.facebook.com\/notes\/cocha-cashu\/los-murci%C3%A9lagos-sus-casas-y-los-bosques-una-gran-aventura-en-cocha-cashu\/1077243468955294\">Los murcielagos, sus casas y los bosques: Una gran aventura en Cocha Cashu<\/a>, Carlos Ruelas, <em>diciembre 2015<\/em><\/p>\n<p><a href=\"https:\/\/www.facebook.com\/notes\/cocha-cashu\/cocha-cashu-entre-abejas-y-ocasos\/1077723925573915\">Cocha Cashu: Entre abejas y ocasos<\/a>, Stephani Pariona, <em>diciembre 2015<\/em><\/p>\n<p><a href=\"https:\/\/www.facebook.com\/notes\/cocha-cashu\/tomando-impulso-para-saltar\/1078229252190049\">Tomando impulso para saltar<\/a>, Pedro Pablo Huanca, <em>diciembre 2015<\/em><\/p>\n<p><a href=\"https:\/\/www.facebook.com\/notes\/cocha-cashu\/rapaces-nocturnas-en-la-estaci%C3%B3n-biol%C3%B3gica-cocha-cashu\/1080151275331180\">Rapaces nocturnos en la Estaci\u00f3n Biol\u00f3gica Cocha Cashu<\/a>, Omar Bravo, <em>diciembre 2015<\/em><\/p>\n<p><a href=\"https:\/\/www.facebook.com\/notes\/cocha-cashu\/hadas-en-un-bosque-tropical\/1079399828739658\">Hadas en un bosque tropical<\/a>, Yessenia Vel\u00e1squez, <em>diciembre 2015<\/em><\/p>\n<p><em>Foto: David Chang<\/em><\/p>\n<p><a href=\"https:\/\/cochacashu.sandiegozooglobal.org\/wp-content\/uploads\/2014\/11\/morir_con_estilo.jpeg\"><img decoding=\"async\" loading=\"lazy\" class=\"aligncenter size-full wp-image-1973\" src=\"https:\/\/cochacashu.sandiegozooglobal.org\/wp-content\/uploads\/2014\/11\/morir_con_estilo.jpeg\" alt=\"morir_con_estilo\" width=\"960\" height=\"720\" srcset=\"https:\/\/cochacashu.sandiegozooglobal.org\/wp-content\/uploads\/2014\/11\/morir_con_estilo.jpeg 960w, https:\/\/cochacashu.sandiegozooglobal.org\/wp-content\/uploads\/2014\/11\/morir_con_estilo-300x225.jpeg 300w, https:\/\/cochacashu.sandiegozooglobal.org\/wp-content\/uploads\/2014\/11\/morir_con_estilo-400x300.jpeg 400w\" sizes=\"(max-width: 960px) 100vw, 960px\" \/><\/a><\/p>\n","protected":false},"excerpt":{"rendered":"<p>Boletines digitales &#8211; Noticias desde la Estaci\u00f3n Biol\u00f3gica de Cocha Cashu Marzo 2020 Febrero 2019 Octubre 2018 Agosto 2018 Enero 2018 Junio 2017 Diciembre 2016 Junio 2016 Diciembre 2015 Mayo 2015 Diciembre 2014 Posts de Blog Arquitectos de la noche: &hellip; <a href=\"https:\/\/cochacashu.sandiegozooglobal.org\/es\/blogs-y-boletines\/\">Sigue leyendo <span class=\"meta-nav\">&rarr;<\/span><\/a><\/p>\n","protected":false},"author":2,"featured_media":0,"parent":0,"menu_order":0,"comment_status":"closed","ping_status":"closed","template":"","meta":{"_mi_skip_tracking":false,"_exactmetrics_sitenote_active":false,"_exactmetrics_sitenote_note":"","_exactmetrics_sitenote_category":0,"footnotes":""},"_links":{"self":[{"href":"https:\/\/cochacashu.sandiegozooglobal.org\/es\/wp-json\/wp\/v2\/pages\/2673\/"}],"collection":[{"href":"https:\/\/cochacashu.sandiegozooglobal.org\/es\/wp-json\/wp\/v2\/pages\/"}],"about":[{"href":"https:\/\/cochacashu.sandiegozooglobal.org\/es\/wp-json\/wp\/v2\/types\/page\/"}],"author":[{"embeddable":true,"href":"https:\/\/cochacashu.sandiegozooglobal.org\/es\/wp-json\/wp\/v2\/users\/2\/"}],"replies":[{"embeddable":true,"href":"https:\/\/cochacashu.sandiegozooglobal.org\/es\/wp-json\/wp\/v2\/comments\/?post=2673"}],"version-history":[{"count":15,"href":"https:\/\/cochacashu.sandiegozooglobal.org\/es\/wp-json\/wp\/v2\/pages\/2673\/revisions\/"}],"predecessor-version":[{"id":3632,"href":"https:\/\/cochacashu.sandiegozooglobal.org\/es\/wp-json\/wp\/v2\/pages\/2673\/revisions\/3632\/"}],"wp:attachment":[{"href":"https:\/\/cochacashu.sandiegozooglobal.org\/es\/wp-json\/wp\/v2\/media\/?parent=2673"}],"curies":[{"name":"wp","href":"https:\/\/api.w.org\/{rel}","templated":true}]}}