{"id":2677,"date":"2018-07-03T23:42:26","date_gmt":"2018-07-03T23:42:26","guid":{"rendered":"https:\/\/cochacashu.sandiegozooglobal.org\/?page_id=2677"},"modified":"2018-07-13T18:09:09","modified_gmt":"2018-07-13T18:09:09","slug":"sig","status":"publish","type":"page","link":"https:\/\/cochacashu.sandiegozooglobal.org\/es\/sig\/","title":{"rendered":"SIG"},"content":{"rendered":"<p><!--:--><!--:es--><\/p>\n<p style=\"text-align: justify;\">James Sheppard (Instituto de Investigaci\u00f3n para la Conservaci\u00f3n) ha creado <a href=\"http:\/\/www.arcgis.com\/home\/search.html?t=content&amp;q=tags:Cocha%20Cashu\">mapas GIS\u00a0de Cocha Cashu p\u00fablico<\/a> que permite a los usuarios activar o desactivar diferentes capas geoespaciales en la pesta\u00f1a &#8220;Contenido&#8221; para crear sus propios mapas, incluyendo (para empezar):<\/p>\n<ul style=\"text-align: justify;\">\n<li>La estaci\u00f3n biol\u00f3gica<\/li>\n<li>La estaci\u00f3n meteorol\u00f3gica<\/li>\n<li>La sistema de trochas<\/li>\n<li>Un imagen satelital de alta resoluci\u00f3n<\/li>\n<li>Modelo digital de elevaci\u00f3n<\/li>\n<\/ul>\n<p style=\"text-align: justify;\">Los usuarios pueden realizar mediciones b\u00e1sicas y investigaciones espaciales con estas capas de datos, e imprimir mapas con una leyenda usando su propia computadora, smartphone o tableta. Las capas de datos tienen metadatos que explican su origen, el formato y los permisos. El icono de la estaci\u00f3n biol\u00f3gica cuenta con una ventana emergente que enlaza con la p\u00e1gina web SDZG Cocha Cashu y la p\u00e1gina de Cocha Cashu en Facebook. El icono de la estaci\u00f3n meteorol\u00f3gica enlaza con la p\u00e1gina de datos meteorol\u00f3gicos.<\/p>\n<p style=\"text-align: justify;\">Si\u00e9ntase libre para abrirla, hacer clic en los iconos, a\u00f1adir o eliminar contenido, acercarse o alejar, etc. Hay muchas capas que se podr\u00edan agregar a este mapa en l\u00ednea &#8211; por ejemplo, la hidrolog\u00eda, los avistamientos de primates, las muestras de suelo, datos de telemetr\u00eda, posiciones de trampas de hojarasca y c\u00e1maras trampa. Si quieren enviar sus datos a <a href=\"jsheppard@sandiegozoo.org\">James<\/a>, el estar\u00eda feliz de cargarlo como una capa. Tambi\u00e9n puede controlar si los datos se hace p\u00fablica o ser vistos por el personal de SDZG y sus colaboradores.<\/p>\n<p style=\"text-align: left;\">Para una cuenta p\u00fablica (y gratuita) de ArcGIS, haz clic en <a href=\"https:\/\/www.arcgis.com\/home\/signin.html\">https:\/\/www.arcgis.com\/home\/signin.html<\/a><\/p>\n<p style=\"text-align: justify;\"><a href=\"https:\/\/cochacashu.sandiegozooglobal.org\/wp-content\/uploads\/2014\/08\/12011221_1035637669782541_3298843455665782853_n.jpg\"><img decoding=\"async\" loading=\"lazy\" class=\"aligncenter size-full wp-image-1949\" src=\"https:\/\/cochacashu.sandiegozooglobal.org\/wp-content\/uploads\/2014\/08\/12011221_1035637669782541_3298843455665782853_n.jpg\" alt=\"12011221_1035637669782541_3298843455665782853_n\" width=\"960\" height=\"640\" srcset=\"https:\/\/cochacashu.sandiegozooglobal.org\/wp-content\/uploads\/2014\/08\/12011221_1035637669782541_3298843455665782853_n.jpg 960w, https:\/\/cochacashu.sandiegozooglobal.org\/wp-content\/uploads\/2014\/08\/12011221_1035637669782541_3298843455665782853_n-300x200.jpg 300w, https:\/\/cochacashu.sandiegozooglobal.org\/wp-content\/uploads\/2014\/08\/12011221_1035637669782541_3298843455665782853_n-450x300.jpg 450w\" sizes=\"(max-width: 960px) 100vw, 960px\" \/><\/a><\/p>\n","protected":false},"excerpt":{"rendered":"<p>James Sheppard (Instituto de Investigaci\u00f3n para la Conservaci\u00f3n) ha creado mapas GIS\u00a0de Cocha Cashu p\u00fablico que permite a los usuarios activar o desactivar diferentes capas geoespaciales en la pesta\u00f1a &#8220;Contenido&#8221; para crear sus propios mapas, incluyendo (para empezar): La estaci\u00f3n &hellip; <a href=\"https:\/\/cochacashu.sandiegozooglobal.org\/es\/sig\/\">Sigue leyendo <span class=\"meta-nav\">&rarr;<\/span><\/a><\/p>\n","protected":false},"author":1,"featured_media":0,"parent":0,"menu_order":0,"comment_status":"closed","ping_status":"closed","template":"","meta":{"_mi_skip_tracking":false,"_exactmetrics_sitenote_active":false,"_exactmetrics_sitenote_note":"","_exactmetrics_sitenote_category":0,"footnotes":""},"_links":{"self":[{"href":"https:\/\/cochacashu.sandiegozooglobal.org\/es\/wp-json\/wp\/v2\/pages\/2677\/"}],"collection":[{"href":"https:\/\/cochacashu.sandiegozooglobal.org\/es\/wp-json\/wp\/v2\/pages\/"}],"about":[{"href":"https:\/\/cochacashu.sandiegozooglobal.org\/es\/wp-json\/wp\/v2\/types\/page\/"}],"author":[{"embeddable":true,"href":"https:\/\/cochacashu.sandiegozooglobal.org\/es\/wp-json\/wp\/v2\/users\/1\/"}],"replies":[{"embeddable":true,"href":"https:\/\/cochacashu.sandiegozooglobal.org\/es\/wp-json\/wp\/v2\/comments\/?post=2677"}],"version-history":[{"count":2,"href":"https:\/\/cochacashu.sandiegozooglobal.org\/es\/wp-json\/wp\/v2\/pages\/2677\/revisions\/"}],"predecessor-version":[{"id":3246,"href":"https:\/\/cochacashu.sandiegozooglobal.org\/es\/wp-json\/wp\/v2\/pages\/2677\/revisions\/3246\/"}],"wp:attachment":[{"href":"https:\/\/cochacashu.sandiegozooglobal.org\/es\/wp-json\/wp\/v2\/media\/?parent=2677"}],"curies":[{"name":"wp","href":"https:\/\/api.w.org\/{rel}","templated":true}]}}