{"id":2689,"date":"2018-07-03T23:47:33","date_gmt":"2018-07-03T23:47:33","guid":{"rendered":"https:\/\/cochacashu.sandiegozooglobal.org\/?page_id=2689"},"modified":"2018-07-12T19:59:52","modified_gmt":"2018-07-12T19:59:52","slug":"recordando-a-francis-bossuyt","status":"publish","type":"page","link":"https:\/\/cochacashu.sandiegozooglobal.org\/es\/recordando-a-francis-bossuyt\/","title":{"rendered":"Recordando a Francis Bossuyt"},"content":{"rendered":"<p style=\"text-align: justify;\"><span style=\"color: #000000;\">Francis naci\u00f3 el 28 de abril, 1969, en Johannesburgo, Sud\u00e1frica, donde sus padres hab\u00edan emigrado de B\u00e9lgica en 1967. Seis a\u00f1os m\u00e1s tarde, la familia se mud\u00f3 a Inglaterra, donde vivi\u00f3 durante dos a\u00f1os antes de regresar a Sud\u00e1frica. Otro par de a\u00f1os m\u00e1s tarde se traslad\u00f3 a Inglaterra. Por el momento que la familia se traslad\u00f3 a los EE.UU. en 1982, Francis y su hermano mayor Stephen hab\u00edan estado expuestos a diferentes culturas, vivido y viajado a pa\u00edses de \u00c1frica y Europa, y ten\u00edan amigos de diversos or\u00edgen<img decoding=\"async\" loading=\"lazy\" class=\"alignleft size-medium wp-image-381\" title=\"\" src=\"https:\/\/cochacashu.sandiegozooglobal.org\/wp-content\/uploads\/2012\/01\/Francis-with-Titi-190x300.jpg\" alt=\"\" width=\"190\" height=\"300\" srcset=\"https:\/\/cochacashu.sandiegozooglobal.org\/wp-content\/uploads\/2012\/01\/Francis-with-Titi-190x300.jpg 190w, https:\/\/cochacashu.sandiegozooglobal.org\/wp-content\/uploads\/2012\/01\/Francis-with-Titi-649x1024.jpg 649w, https:\/\/cochacashu.sandiegozooglobal.org\/wp-content\/uploads\/2012\/01\/Francis-with-Titi.jpg 1200w\" sizes=\"(max-width: 190px) 100vw, 190px\" \/>es \u00e9tnicos. La familia se estableci\u00f3 en Trumbull, Connecticut, donde Francis asisti\u00f3 a Trumbull High, donde se gradu\u00f3 en 1986. Para entonces, hab\u00eda mostrado un gran inter\u00e9s en las artes, tomando clases de dibujo y pintura, y la adquisici\u00f3n de su primera guitarra. \u00c9l tambi\u00e9n desarroll\u00f3 un amor por la naturaleza y se encender\u00eda con excursiones y viajes de observaci\u00f3n de aves con su madre. <\/span><\/p>\n<p style=\"text-align: justify;\"><span style=\"color: #000000;\">Cuando lleg\u00f3 a Earlham College en Indiana en el verano de 1986 obtuvo una doble licenciatura en Biolog\u00eda y Qu\u00edmica. \u00c9l vivi\u00f3 en la legendaria &#8220;Granja&#8221;, donde aliment\u00f3 su fuerte sentido de independencia y donde muchas amistades se formaron. Trabaj\u00f3 en el Departamento de Biolog\u00eda como asistente del profesor, lo que lo llev\u00f3 a viajes de observaci\u00f3n de aves. Asimismo, supervis\u00f3 un proyecto educativo para ni\u00f1os de 3-5 a\u00f1os en una guarder\u00eda en Richmond y se entren\u00f3 para el triatl\u00f3n Earlham el cual termin\u00f3 dos veces. Mientras que en Earlham, particip\u00f3 en un programa de intercambio en Kenia, centr\u00e1ndose en la fauna africana y de la ecolog\u00eda y tambi\u00e9n se uni\u00f3 a un viaje a Costa Rica. Pas\u00f3 el verano de 1989 en RISD (Rhode Island School of Design) considerando la posibilidad de dedicarse al arte o Biolog\u00eda (teniendo un fuerte inter\u00e9s en ambos). En la primavera de 1990 se gradu\u00f3 de la Earlham con honores de ambos departamentos. <\/span><\/p>\n<p style=\"text-align: justify;\"><span style=\"color: #000000;\">Su primer trabajo despu\u00e9s de la universidad fue como asistente de investigaci\u00f3n en el Servicio de Pesca y el Centro de Investigaci\u00f3n de Vida Silvestre en Anchorage, Alaska, estudiando a los gansos emperador. Lo enviaron a una isla remota en la Pen\u00ednsula de Thunder Bay recopilando datos sobre los patrones de supervivencia y la migraci\u00f3n de los gansos. Despu\u00e9s de que su proyecto termin\u00f3, se traslad\u00f3 a San Francisco, donde, durante los siguientes cuatro a\u00f1os, trabaj\u00f3 en un centro para ni\u00f1os severamente perturbados como un consejero asistente, creando un programa de arte para ellos. En su tiempo libre, estudi\u00f3 fotograf\u00eda y tom\u00f3 clases de arte en Berkeley. Toc\u00f3 m\u00fasica y comenz\u00f3 una banda con sus amigos. Sin embargo, echaba de menos el mundo acad\u00e9mico y en el verano de 1994, regres\u00f3 a la escuela despu\u00e9s de inscribirse en la Universidad de UC en Davis, eligiendo como carrera el comportamiento animal. <\/span><\/p>\n<p style=\"text-align: justify;\"><span style=\"color: #000000;\">En los laboratorios del Centro de Primates de la UC Davis, trabaj\u00f3 con los monos Titi, pero despu\u00e9s de un tiempo descubri\u00f3 que era frustrante no poder observarlos en su h\u00e1bitat natural. Eso le llev\u00f3 finalmente a Cocha Cashu en junio de 1996. \u00c9l estaba encantado con la lejan\u00eda de la estaci\u00f3n y su h\u00e1bitat natural pr\u00edstino y estaba convencido de que este era el lugar adecuado para llevar a cabo su investigaci\u00f3n. Sin embargo, despu\u00e9s de un mes, fue llamado de vuelta a casa para asistir al funeral de su padre que pereci\u00f3 en el vuelo de TWA que se estrell\u00f3 en Long Island. Para absorber la tragedia de la familia, Francis suspendi\u00f3 temporalmente sus estudios. Un a\u00f1o m\u00e1s tarde estaba de vuelta en el Cocha Cashu con renovada energ\u00eda y determinaci\u00f3n para completar su investigaci\u00f3n. Becas de UC Davis, la Fundaci\u00f3n Leakey y la Fundaci\u00f3n Nacional de Ciencias financi\u00f3 parte de su investigaci\u00f3n. En enero de 2000 se hab\u00edan recopilado datos suficientes de sus siete grupos habituados para presentar sus conclusiones preliminares, titulado &#8220;dispersi\u00f3n natal y estrategias reproductivas mon\u00f3gamas en el monos Callicebus&#8221;, a su comit\u00e9 de disertaci\u00f3n <\/span><span style=\"color: #000000;\"><img decoding=\"async\" loading=\"lazy\" class=\"alignleft size-medium wp-image-382\" title=\"\" src=\"https:\/\/cochacashu.sandiegozooglobal.org\/wp-content\/uploads\/2012\/01\/misc-unknown-4-200x300.jpg\" alt=\"\" width=\"200\" height=\"300\" srcset=\"https:\/\/cochacashu.sandiegozooglobal.org\/wp-content\/uploads\/2012\/01\/misc-unknown-4-200x300.jpg 200w, https:\/\/cochacashu.sandiegozooglobal.org\/wp-content\/uploads\/2012\/01\/misc-unknown-4.jpg 320w\" sizes=\"(max-width: 200px) 100vw, 200px\" \/><\/span><span style=\"color: #000000;\">de tesis en la UC Davis. Poco despu\u00e9s regres\u00f3 a Cashu Cashu por un \u00faltimo a\u00f1o de recopilaci\u00f3n de datos. <\/span><\/p>\n<p style=\"text-align: justify;\"><span style=\"color: #000000;\">El 27 de abril de 2000, la v\u00edspera de su\u00a0 cumplea\u00f1os 31, Francisco fue a nadar en el lago antes de la cena despu\u00e9s de un d\u00eda de calor sudand<\/span><span style=\"color: #000000;\">o en los senderos, pero nunca regres\u00f3. Su madre llam\u00f3 a la estaci\u00f3n al d\u00eda siguiente p<\/span><span style=\"color: #000000;\">ara desearle un feliz cumplea\u00f1os lleg\u00f3 demasiado tarde &#8230; Durante semanas, los grupos de gu\u00edas locales realizaron b\u00fasquedas en el lago y los senderos, en busca de pistas sobre lo que le sucedi\u00f3 esa noche, pero nada se encontr\u00f3. Las autoridades peruanas finalmente presumen que fue v\u00edctima de un accidente en el lago &#8230; <\/span><\/p>\n<p style=\"text-align: justify;\"><span style=\"color: #000000;\">Su madre y hermano y su familia en B\u00e9lgica y por sus amigos y colegas a\u00fan lo extra\u00f1an mucho. Es un consuelo saber que \u00e9l sigue estando cerca de su amada Titi uno de los \u00faltimos lugares v\u00edrgenes del planeta. \u00c9l escribi\u00f3 una vez lo mucho que hab\u00eda que aprender de Titi y la forma en que se ejemplifica el amor que tiene un origen biol\u00f3gico b\u00e1sico, que no est\u00e9n reservados para el homo sapiens solamente. Estamos agradecidos de que despu\u00e9s de un per\u00edodo de incertidumbre, el destino de Cocha Cashu se encuentra ahora en las manos seguras de San Diego Zoo Global. Para nosotros, siempre ser\u00e1 un lugar especial donde ronda el esp\u00edritu de Francis, y esperamos que seguir\u00e1 siendo un santuario para las muchas criaturas que viven y trabajan all\u00ed, que aman y mueren all\u00ed &#8230;.<\/span><\/p>\n<p style=\"text-align: justify;\"><span style=\"color: #000000;\">Myriam Bossuyt, 17 de enero 2012<\/span><\/p>\n","protected":false},"excerpt":{"rendered":"<p>Francis naci\u00f3 el 28 de abril, 1969, en Johannesburgo, Sud\u00e1frica, donde sus padres hab\u00edan emigrado de B\u00e9lgica en 1967. Seis a\u00f1os m\u00e1s tarde, la familia se mud\u00f3 a Inglaterra, donde vivi\u00f3 durante dos a\u00f1os antes de regresar a Sud\u00e1frica. Otro &hellip; <a href=\"https:\/\/cochacashu.sandiegozooglobal.org\/es\/recordando-a-francis-bossuyt\/\">Sigue leyendo <span class=\"meta-nav\">&rarr;<\/span><\/a><\/p>\n","protected":false},"author":1,"featured_media":0,"parent":0,"menu_order":0,"comment_status":"closed","ping_status":"closed","template":"","meta":{"_mi_skip_tracking":false,"_exactmetrics_sitenote_active":false,"_exactmetrics_sitenote_note":"","_exactmetrics_sitenote_category":0,"footnotes":""},"_links":{"self":[{"href":"https:\/\/cochacashu.sandiegozooglobal.org\/es\/wp-json\/wp\/v2\/pages\/2689\/"}],"collection":[{"href":"https:\/\/cochacashu.sandiegozooglobal.org\/es\/wp-json\/wp\/v2\/pages\/"}],"about":[{"href":"https:\/\/cochacashu.sandiegozooglobal.org\/es\/wp-json\/wp\/v2\/types\/page\/"}],"author":[{"embeddable":true,"href":"https:\/\/cochacashu.sandiegozooglobal.org\/es\/wp-json\/wp\/v2\/users\/1\/"}],"replies":[{"embeddable":true,"href":"https:\/\/cochacashu.sandiegozooglobal.org\/es\/wp-json\/wp\/v2\/comments\/?post=2689"}],"version-history":[{"count":3,"href":"https:\/\/cochacashu.sandiegozooglobal.org\/es\/wp-json\/wp\/v2\/pages\/2689\/revisions\/"}],"predecessor-version":[{"id":3196,"href":"https:\/\/cochacashu.sandiegozooglobal.org\/es\/wp-json\/wp\/v2\/pages\/2689\/revisions\/3196\/"}],"wp:attachment":[{"href":"https:\/\/cochacashu.sandiegozooglobal.org\/es\/wp-json\/wp\/v2\/media\/?parent=2689"}],"curies":[{"name":"wp","href":"https:\/\/api.w.org\/{rel}","templated":true}]}}