{"id":2695,"date":"2018-07-03T23:50:41","date_gmt":"2018-07-03T23:50:41","guid":{"rendered":"https:\/\/cochacashu.sandiegozooglobal.org\/?page_id=2695"},"modified":"2018-07-12T19:30:47","modified_gmt":"2018-07-12T19:30:47","slug":"guias-fotograficas-de-especies","status":"publish","type":"page","link":"https:\/\/cochacashu.sandiegozooglobal.org\/es\/guias-fotograficas-de-especies\/","title":{"rendered":"Guias Fotogr\u00e1ficas de Especies"},"content":{"rendered":"<p><span style=\"color: #000000;\">Los siguientes enlaces te van a llevar a gu\u00edas fotogr\u00e1ficas guardados por otros sitios de web&#8230;<\/span><\/p>\n<h5><a href=\"http:\/\/fieldguides.fieldmuseum.org\/guides\/guide\/886\">Murcielagos &#8211; Cocha Cashu<\/a><\/h5>\n<h5><a href=\"http:\/\/fieldguides.fieldmuseum.org\/guides\/guide\/740\">Anf\u00edbios\u00a0&#8211; Cocha Cashu<\/a><\/h5>\n<h5><a href=\"http:\/\/fieldguides.fieldmuseum.org\/guides\/guide\/236\">Anf\u00edbios &#8211; Manu and Tambopata<\/a><\/h5>\n<h5><a href=\"https:\/\/fieldguides.fieldmuseum.org\/guides\/guide\/194\">Reptiles &#8211; Madre de Dios<\/a><\/h5>\n<h5><a href=\"https:\/\/fieldguides.fieldmuseum.org\/guides\/guide\/230\">Colibr\u00eds &#8211; Madre de Dios<\/a><\/h5>\n<h5><a href=\"https:\/\/fieldguides.fieldmuseum.org\/guides\/guide\/231\">Mam\u00edferos\u00a0grandes &#8211; Madre de Dios<\/a><\/h5>\n<h5><a href=\"http:\/\/fm2.fieldmuseum.org\/animalguides\/guideimages.asp?ID=29&amp;lang=eng\">Mam\u00edferos no voladores\u00a0&#8211; Madre de Dios<\/a><\/h5>\n<h5><a href=\"http:\/\/manuplants.org\/\">Plantas\u00a0&#8211; Parque Nacional del Manu<\/a><\/h5>\n<h5><a href=\"https:\/\/fieldguides.fieldmuseum.org\/guides\/guide\/525\">Hongos &#8211; Cocha Cashu<\/a><\/h5>\n<h5><a href=\"https:\/\/fieldguides.fieldmuseum.org\/guides\/guide\/205\">Peces &#8211; Cocha Cashu<\/a><\/h5>\n<h5><a href=\"https:\/\/fieldguides.fieldmuseum.org\/guides\/guide\/241\">Frutas &#8211; Cocha Cashu<\/a><\/h5>\n<h5><a href=\"https:\/\/fieldguides.fieldmuseum.org\/guides\/guide\/242\">Semillas &#8211; Cocha Cashu<\/a><\/h5>\n<h5><a href=\"https:\/\/fieldguides.fieldmuseum.org\/guides\/guide\/243\">Plantulas &#8211; Cocha Cashu<\/a><\/h5>\n<h5><a href=\"https:\/\/fieldguides.fieldmuseum.org\/guides\/guide\/413\">Escarabajos Peloteros &#8211; Cocha Cashu<\/a><\/h5>\n<p>&nbsp;<\/p>\n<p>Haga clic <a href=\"https:\/\/fieldguides.fieldmuseum.org\/search\/node\/madre%20de%20dios%20language%3Aen%2Cund\">aqu\u00ed<\/a> para ver m\u00e1s gu\u00edas de fotograf\u00edas de especies para otras partes de Madre de Dios.<\/p>\n<h5><em>\u00a0<\/em><\/h5>\n<p><a href=\"https:\/\/cochacashu.sandiegozooglobal.org\/wp-content\/uploads\/2012\/02\/IMG_4327.jpg\"><img decoding=\"async\" loading=\"lazy\" class=\"alignleft wp-image-1977 size-medium\" src=\"https:\/\/cochacashu.sandiegozooglobal.org\/wp-content\/uploads\/2012\/02\/IMG_4327-279x300.jpg\" alt=\"IMG_4327\" width=\"279\" height=\"300\" srcset=\"https:\/\/cochacashu.sandiegozooglobal.org\/wp-content\/uploads\/2012\/02\/IMG_4327-279x300.jpg 279w, https:\/\/cochacashu.sandiegozooglobal.org\/wp-content\/uploads\/2012\/02\/IMG_4327-952x1024.jpg 952w, https:\/\/cochacashu.sandiegozooglobal.org\/wp-content\/uploads\/2012\/02\/IMG_4327.jpg 1775w\" sizes=\"(max-width: 279px) 100vw, 279px\" \/><\/a><\/p>\n<h5 style=\"font-weight: inherit; color: #333333;\"><em style=\"font-weight: inherit; color: inherit;\">Foto: Cindy Hurtado<\/em><\/h5>\n","protected":false},"excerpt":{"rendered":"<p>Los siguientes enlaces te van a llevar a gu\u00edas fotogr\u00e1ficas guardados por otros sitios de web&#8230; Murcielagos &#8211; Cocha Cashu Anf\u00edbios\u00a0&#8211; Cocha Cashu Anf\u00edbios &#8211; Manu and Tambopata Reptiles &#8211; Madre de Dios Colibr\u00eds &#8211; Madre de Dios Mam\u00edferos\u00a0grandes &#8211; &hellip; <a href=\"https:\/\/cochacashu.sandiegozooglobal.org\/es\/guias-fotograficas-de-especies\/\">Sigue leyendo <span class=\"meta-nav\">&rarr;<\/span><\/a><\/p>\n","protected":false},"author":1,"featured_media":0,"parent":0,"menu_order":0,"comment_status":"closed","ping_status":"closed","template":"","meta":{"_mi_skip_tracking":false,"_exactmetrics_sitenote_active":false,"_exactmetrics_sitenote_note":"","_exactmetrics_sitenote_category":0,"footnotes":""},"_links":{"self":[{"href":"https:\/\/cochacashu.sandiegozooglobal.org\/es\/wp-json\/wp\/v2\/pages\/2695\/"}],"collection":[{"href":"https:\/\/cochacashu.sandiegozooglobal.org\/es\/wp-json\/wp\/v2\/pages\/"}],"about":[{"href":"https:\/\/cochacashu.sandiegozooglobal.org\/es\/wp-json\/wp\/v2\/types\/page\/"}],"author":[{"embeddable":true,"href":"https:\/\/cochacashu.sandiegozooglobal.org\/es\/wp-json\/wp\/v2\/users\/1\/"}],"replies":[{"embeddable":true,"href":"https:\/\/cochacashu.sandiegozooglobal.org\/es\/wp-json\/wp\/v2\/comments\/?post=2695"}],"version-history":[{"count":5,"href":"https:\/\/cochacashu.sandiegozooglobal.org\/es\/wp-json\/wp\/v2\/pages\/2695\/revisions\/"}],"predecessor-version":[{"id":3183,"href":"https:\/\/cochacashu.sandiegozooglobal.org\/es\/wp-json\/wp\/v2\/pages\/2695\/revisions\/3183\/"}],"wp:attachment":[{"href":"https:\/\/cochacashu.sandiegozooglobal.org\/es\/wp-json\/wp\/v2\/media\/?parent=2695"}],"curies":[{"name":"wp","href":"https:\/\/api.w.org\/{rel}","templated":true}]}}