{"id":2698,"date":"2018-07-03T23:52:03","date_gmt":"2018-07-03T23:52:03","guid":{"rendered":"https:\/\/cochacashu.sandiegozooglobal.org\/?page_id=2698"},"modified":"2019-09-19T00:53:41","modified_gmt":"2019-09-19T00:53:41","slug":"team-network","status":"publish","type":"page","link":"https:\/\/cochacashu.sandiegozooglobal.org\/es\/team-network\/","title":{"rendered":"TEAM Network"},"content":{"rendered":"\n<p>Por Patricia \u00c1lvarez-Loayza<\/p>\n\n\n<p style=\"text-align: justify;\"><strong>Evaluaci\u00f3n y monitoreo de procesos ecol\u00f3gicos tropicales (TEAM Network)<\/strong><\/p>\n<p style=\"text-align: justify;\">&#8220;La idea detr\u00e1s de TEAM es aparentemente sencilla: se mide&nbsp; y compara la vegetaci\u00f3n, vertebrados terrestres, que habitan en el bosque h\u00famedo tropical, y el clima utilizando una metodolog\u00eda est\u00e1ndar en un rango global de bosques tropicales, desde lugares relativamente pr\u00edstinos hasta lugares m\u00e1s afectados por la gente. TEAM actualmente opera en diecisiete sitios de bosques tropicales en \u00c1frica, Asia y Am\u00e9rica Latina y est\u00e1 apoyada por una red de cient\u00edficos que siguen estos m\u00e9todos estandarizados de toma de datos para cuantificar de alguna manera c\u00f3mo las plantas y animales responden a presiones tales como el cambio clim\u00e1tico y los cambios de origen antropog\u00e9nico&#8221; (de <a href=\"http:\/\/www.teamnetwork.org\/about\">la p\u00e1gina web de TEAM<\/a>).<\/p>\n<p style=\"text-align: justify;\"><strong>TEAM Network Per\u00fa: Un resumen<\/strong><\/p>\n<p style=\"text-align: justify;\">Desde el a\u00f1o 2011 durante los meses de junio, julio y agosto se han realizado evaluaciones de los bosques ubicados en terrazas inundables y terrazas firmes cerca a la Estaci\u00f3n Biol\u00f3gica Cocha Cashu y al Puesto de Vigilancia Pakitza. Se evaluaron las poblaciones de vertebrados terrestres, vegetaci\u00f3n y clima.<\/p>\n<p style=\"text-align: justify;\"><a href=\"https:\/\/cochacashu.sandiegozooglobal.org\/wp-content\/uploads\/2014\/04\/TEAM-map.jpg\"><img decoding=\"async\" loading=\"lazy\" class=\"alignleft size-medium wp-image-1584\" src=\"https:\/\/cochacashu.sandiegozooglobal.org\/wp-content\/uploads\/2014\/04\/TEAM-map-232x300.jpg\" alt=\"TEAM map\" width=\"232\" height=\"300\" srcset=\"https:\/\/cochacashu.sandiegozooglobal.org\/wp-content\/uploads\/2014\/04\/TEAM-map-232x300.jpg 232w, https:\/\/cochacashu.sandiegozooglobal.org\/wp-content\/uploads\/2014\/04\/TEAM-map.jpg 412w\" sizes=\"(max-width: 232px) 100vw, 232px\" \/><\/a>En la figura&nbsp;se observa la localizaci\u00f3n de las parcelas de \u00e1rboles evaluadas en los meses de Agosto a setiembre del 2012, las 60 c\u00e1maras trampas colocadas en los meses de junio, julio, agosto del 2012, y la ubicaci\u00f3n de la estaci\u00f3n de clima.<\/p>\n<p style=\"text-align: justify;\">En los censos del 2011 y del 2012 se han registrado aproximadamente unas 570 especies de \u00e1rboles y lianas con m\u00e1s de 10 cm de di\u00e1metro a la altura del pecho. El n\u00famero total de tallos censados son 3721 tallos.<\/p>\n<p style=\"text-align: justify;\">En el a\u00f1o 2011 se registraron 29 especies de mam\u00edferos y 14 especies de aves. En el a\u00f1o 2012 se registr\u00f3 33 especies de mam\u00edferos, 24 especies de aves y dos especies de reptiles. En el a\u00f1o 2013 se registraron 28 especies de mam\u00edferos y 23 especies de aves. La poblaci\u00f3n animal es un indicador de las condiciones de conservaci\u00f3n del Parque Nacional Manu. Se hizo una comparaci\u00f3n con los otros lugares ubicados en bosques tropicales proyecto TEAM trabaja; Manu se encuentra entre los m\u00e1s pr\u00edstinos y conservados, siendo el lugar que tiene mayor cantidad de jaguares, pumas y tapires.<\/p>\n<p style=\"text-align: justify;\">Para ver im\u00e1genes maravillosas de mam\u00edferos, capturados por TEAM, por favor hacer clic <a href=\"https:\/\/www.youtube.com\/watch?v=SIM2V4r0s8g\">aqu\u00ed<\/a>.<\/p>","protected":false},"excerpt":{"rendered":"<p>Por Patricia \u00c1lvarez-Loayza Evaluaci\u00f3n y monitoreo de procesos ecol\u00f3gicos tropicales (TEAM Network) &#8220;La idea detr\u00e1s de TEAM es aparentemente sencilla: se mide&nbsp; y compara la vegetaci\u00f3n, vertebrados terrestres, que habitan en el bosque h\u00famedo tropical, y el clima utilizando una &hellip; <a href=\"https:\/\/cochacashu.sandiegozooglobal.org\/es\/team-network\/\">Sigue leyendo <span class=\"meta-nav\">&rarr;<\/span><\/a><\/p>\n","protected":false},"author":1,"featured_media":0,"parent":0,"menu_order":0,"comment_status":"closed","ping_status":"closed","template":"","meta":{"_mi_skip_tracking":false,"_exactmetrics_sitenote_active":false,"_exactmetrics_sitenote_note":"","_exactmetrics_sitenote_category":0,"footnotes":""},"_links":{"self":[{"href":"https:\/\/cochacashu.sandiegozooglobal.org\/es\/wp-json\/wp\/v2\/pages\/2698\/"}],"collection":[{"href":"https:\/\/cochacashu.sandiegozooglobal.org\/es\/wp-json\/wp\/v2\/pages\/"}],"about":[{"href":"https:\/\/cochacashu.sandiegozooglobal.org\/es\/wp-json\/wp\/v2\/types\/page\/"}],"author":[{"embeddable":true,"href":"https:\/\/cochacashu.sandiegozooglobal.org\/es\/wp-json\/wp\/v2\/users\/1\/"}],"replies":[{"embeddable":true,"href":"https:\/\/cochacashu.sandiegozooglobal.org\/es\/wp-json\/wp\/v2\/comments\/?post=2698"}],"version-history":[{"count":2,"href":"https:\/\/cochacashu.sandiegozooglobal.org\/es\/wp-json\/wp\/v2\/pages\/2698\/revisions\/"}],"predecessor-version":[{"id":3434,"href":"https:\/\/cochacashu.sandiegozooglobal.org\/es\/wp-json\/wp\/v2\/pages\/2698\/revisions\/3434\/"}],"wp:attachment":[{"href":"https:\/\/cochacashu.sandiegozooglobal.org\/es\/wp-json\/wp\/v2\/media\/?parent=2698"}],"curies":[{"name":"wp","href":"https:\/\/api.w.org\/{rel}","templated":true}]}}