{"id":2715,"date":"2018-07-04T00:02:13","date_gmt":"2018-07-04T00:02:13","guid":{"rendered":"https:\/\/cochacashu.sandiegozooglobal.org\/?page_id=2715"},"modified":"2020-01-21T14:27:33","modified_gmt":"2020-01-21T14:27:33","slug":"tarifas-estacion-y-botes","status":"publish","type":"page","link":"https:\/\/cochacashu.sandiegozooglobal.org\/es\/tarifas-estacion-y-botes\/","title":{"rendered":"Tarifas de la Estaci\u00f3n y los Botes"},"content":{"rendered":"<p><strong>Cuota para Visitantes a la Estaci\u00f3n Biol\u00f3gica Cocha Cashu<\/strong><\/p>\n<p>La experiencia de gesti\u00f3n de los \u00faltimos siete a\u00f1os nos ha ense\u00f1ado que una estaci\u00f3n de las caracter\u00edsticas de Cocha Cashu no puede operar exclusivamente con el aporte de sus visitantes; es necesario contar con recursos adicionales. El pago de los visitantes cubre solamente entre el 20-25% del costo de operaci\u00f3n de la estaci\u00f3n. Por ello, dicho pago se denomina &#8216;cuota&#8217; de usuario o visitante y no &#8216;tarifa&#8217; para resaltar el esp\u00edritu cooperativo en la gesti\u00f3n de la estaci\u00f3n.<\/p>\n<p>San Diego Zoo Global est\u00e1 comprometido para apoyar el esfuerzo de SERNANP por mantener Cocha Cashu como un sitio estelar de inspiraci\u00f3n y generaci\u00f3n de conocimientos. As\u00ed, seguiremos con nuestro prop\u00f3sito de que la cuota para usuarios siga siendo la m\u00e1s baja posible. En este af\u00e1n, queremos agradecer a los donantes que nos han acompa\u00f1ado en estos a\u00f1os para hacer de Cocha Cashu un lugar muy especial en nuestros corazones.<\/p>\n<p>Por favor ver las siguientes enlaces para nuestras tarifas de los botes y la Estaci\u00f3n:<\/p>\n<p><a href=\"https:\/\/cochacashu.sandiegozooglobal.org\/wp-content\/uploads\/2020\/01\/Station-fees-Tarifas-de-la-estacion-2020-FINAL.docx\">Station fees \/ Tarifas de la Estacion 20<\/a><a href=\"https:\/\/cochacashu.sandiegozooglobal.org\/wp-content\/uploads\/2018\/02\/Station-fees-Tarifas-de-la-estacion-2018-FINAL.docx\">20<\/a><\/p>\n<p><a href=\"https:\/\/cochacashu.sandiegozooglobal.org\/wp-content\/uploads\/2020\/01\/Boat-fees-Tarifas-de-los-botes-2020.docx\">Boat fees \/ Tarifas de los botes 2020<\/a><\/p>\n<p><strong>Contribuci\u00f3n para combatir la crisis clim\u00e1tica<\/strong><\/p>\n<p>Todas las actividades humanas, incluidas las operaciones de investigaci\u00f3n y conservaci\u00f3n, generan emisiones de gases de efecto invernadero (GEI) que contribuyen a aumentar las concentraciones de GEI en la atm\u00f3sfera y, por lo tanto, agravan la crisis clim\u00e1tica. A la luz de esto, la Estaci\u00f3n Biol\u00f3gica Cocha Cashu (EBCC), administrada por SERNANP y San Diego Zoo Global Per\u00fa, ha calculado su huella de carbono y tiene medidas en curso para reducir su huella ambiental. A partir del 1 de enero de 2020, la estaci\u00f3n y sus visitantes compensar\u00e1n sus emisiones residuales de GEI a trav\u00e9s de acciones concretas de conservaci\u00f3n y restauraci\u00f3n que protegen las reservas de carbono de los bosques de Manu, lideradas por las comunidades ind\u00edgenas que bordean el Parque Nacional del Manu.<\/p>\n<p><strong>Compensaci\u00f3n de carbono y conservaci\u00f3n con Regenera<\/strong><\/p>\n<p>La Estaci\u00f3n Biol\u00f3gica Cocha Cashu est\u00e1 trabajando con <a href=\"https:\/\/sistemab.org\/nature-services-peru\">Nature Services Per\u00fa<\/a>, una empresa social certificada para compensar localmente las emisiones a trav\u00e9s de <a href=\"http:\/\/www.regenera.pe\">Regenera<\/a>. Regenera es una red de personas, organizaciones y guardianes rurales dedicados a cuidar y restaurar la naturaleza en Per\u00fa, preservando la biodiversidad y luchando contra el cambio clim\u00e1tico. La red garantiza el apoyo t\u00e9cnico y financiero a los guardianes forestales, fortaleciendo su organizaci\u00f3n y sus capacidades para administrar sus tierras y realizar actividades productivas de manera responsable. En Manu, las comunidades participantes se han comprometido a Planes de Vida que apoyan la gobernanza forestal y promueven pr\u00e1cticas econ\u00f3micas pro-bosque, y a realizar patrullas mensuales para proteger sus tierras de la invasi\u00f3n agr\u00edcola y la tala ilegal, de esta manera evitando la deforestaci\u00f3n y aumentando sus reservas de carbono forestal. Todo esto se realiza en coordinaci\u00f3n con las actividades en curso apoyadas por las autoridades y las organizaciones de desarrollo locales.<\/p>\n<p>Espec\u00edficamente, los ingresos generados a trav\u00e9s de las contribuciones de Cashu se distribuir\u00e1n de acuerdo con el siguiente acuerdo:<\/p>\n<ol>\n<li>60% para las comunidades ind\u00edgenas vecinas de Shipetiari, Palotoa Teparo e Isla de los Valles para patrullajes de vigilancia, actividades de restauraci\u00f3n forestal y organizaci\u00f3n comunitaria priorizada en los Planes de Vida de cada Comunidad.<\/li>\n<li>20% para las organizaciones locales de conservaci\u00f3n para el desarrollo de capacidades y desarrollo de capital social con estas comunidades ind\u00edgenas.<\/li>\n<li>20% a Nature Services Per\u00fa por coordinar y comercializar el programa Regenera.<\/li>\n<\/ol>\n<p>Por favor, haz clic en <a href=\"https:\/\/cochacashu.sandiegozooglobal.org\/wp-content\/uploads\/2020\/01\/Climate-crisis-contribution-contribucion-crisis-climatica-2020.docx\">Climate crisis contribution \/ Contribuci\u00f3n crisis clim\u00e1tica 2020<\/a> para ver la contribuci\u00f3n a la crisis clim\u00e1tica para visitantes internacionales o nacionales.<\/p>\n<h5><\/h5>\n","protected":false},"excerpt":{"rendered":"<p>Cuota para Visitantes a la Estaci\u00f3n Biol\u00f3gica Cocha Cashu La experiencia de gesti\u00f3n de los \u00faltimos siete a\u00f1os nos ha ense\u00f1ado que una estaci\u00f3n de las caracter\u00edsticas de Cocha Cashu no puede operar exclusivamente con el aporte de sus visitantes; &hellip; <a href=\"https:\/\/cochacashu.sandiegozooglobal.org\/es\/tarifas-estacion-y-botes\/\">Sigue leyendo <span class=\"meta-nav\">&rarr;<\/span><\/a><\/p>\n","protected":false},"author":1,"featured_media":0,"parent":0,"menu_order":0,"comment_status":"closed","ping_status":"closed","template":"","meta":{"_mi_skip_tracking":false,"_exactmetrics_sitenote_active":false,"_exactmetrics_sitenote_note":"","_exactmetrics_sitenote_category":0,"footnotes":""},"_links":{"self":[{"href":"https:\/\/cochacashu.sandiegozooglobal.org\/es\/wp-json\/wp\/v2\/pages\/2715\/"}],"collection":[{"href":"https:\/\/cochacashu.sandiegozooglobal.org\/es\/wp-json\/wp\/v2\/pages\/"}],"about":[{"href":"https:\/\/cochacashu.sandiegozooglobal.org\/es\/wp-json\/wp\/v2\/types\/page\/"}],"author":[{"embeddable":true,"href":"https:\/\/cochacashu.sandiegozooglobal.org\/es\/wp-json\/wp\/v2\/users\/1\/"}],"replies":[{"embeddable":true,"href":"https:\/\/cochacashu.sandiegozooglobal.org\/es\/wp-json\/wp\/v2\/comments\/?post=2715"}],"version-history":[{"count":11,"href":"https:\/\/cochacashu.sandiegozooglobal.org\/es\/wp-json\/wp\/v2\/pages\/2715\/revisions\/"}],"predecessor-version":[{"id":3523,"href":"https:\/\/cochacashu.sandiegozooglobal.org\/es\/wp-json\/wp\/v2\/pages\/2715\/revisions\/3523\/"}],"wp:attachment":[{"href":"https:\/\/cochacashu.sandiegozooglobal.org\/es\/wp-json\/wp\/v2\/media\/?parent=2715"}],"curies":[{"name":"wp","href":"https:\/\/api.w.org\/{rel}","templated":true}]}}