{"id":2719,"date":"2018-07-04T00:03:16","date_gmt":"2018-07-04T00:03:16","guid":{"rendered":"https:\/\/cochacashu.sandiegozooglobal.org\/?page_id=2719"},"modified":"2022-07-21T01:11:54","modified_gmt":"2022-07-21T01:11:54","slug":"fechas-de-botes","status":"publish","type":"page","link":"https:\/\/cochacashu.sandiegozooglobal.org\/es\/fechas-de-botes\/","title":{"rendered":"Cronograma de Botes"},"content":{"rendered":"<p style=\"text-align: justify;\">Por favor, haz clic en el siguiente enlace para obtener mas informaci\u00f3n sobre los movimientos de botes hacia la Estaci\u00f3n Biol\u00f3gica Cocha Cashu durante 2022:<\/p>\n<p><a href=\"https:\/\/cochacashu.sandiegozooglobal.org\/wp-content\/uploads\/2022\/07\/Calendario-de-Botes_-Boat-Scheadule-_june-to-december-2022.pdf\">Calendario de Botes_ Boat Scheadule _june to december 2022<\/a><\/p>\n<h5 style=\"text-align: right;\"><em>Foto: Frank Hajek<\/em><a href=\"https:\/\/cochacashu.sandiegozooglobal.org\/wp-content\/uploads\/2011\/11\/P40_lobo-de-rio.jpg\"><img decoding=\"async\" loading=\"lazy\" class=\"alignleft wp-image-374 size-large\" src=\"https:\/\/cochacashu.sandiegozooglobal.org\/wp-content\/uploads\/2011\/11\/P40_lobo-de-rio-1024x674.jpg\" alt=\"P40_lobo-de-rio\" width=\"584\" height=\"384\" srcset=\"https:\/\/cochacashu.sandiegozooglobal.org\/wp-content\/uploads\/2011\/11\/P40_lobo-de-rio-1024x674.jpg 1024w, https:\/\/cochacashu.sandiegozooglobal.org\/wp-content\/uploads\/2011\/11\/P40_lobo-de-rio-300x197.jpg 300w, https:\/\/cochacashu.sandiegozooglobal.org\/wp-content\/uploads\/2011\/11\/P40_lobo-de-rio-455x300.jpg 455w, https:\/\/cochacashu.sandiegozooglobal.org\/wp-content\/uploads\/2011\/11\/P40_lobo-de-rio.jpg 1213w\" sizes=\"(max-width: 584px) 100vw, 584px\" \/><\/a><\/h5>\n","protected":false},"excerpt":{"rendered":"<p>Por favor, haz clic en el siguiente enlace para obtener mas informaci\u00f3n sobre los movimientos de botes hacia la Estaci\u00f3n Biol\u00f3gica Cocha Cashu durante 2022: Calendario de Botes_ Boat Scheadule _june to december 2022 Foto: Frank Hajek<\/p>\n","protected":false},"author":1,"featured_media":0,"parent":0,"menu_order":0,"comment_status":"closed","ping_status":"closed","template":"","meta":{"_mi_skip_tracking":false,"_exactmetrics_sitenote_active":false,"_exactmetrics_sitenote_note":"","_exactmetrics_sitenote_category":0,"footnotes":""},"_links":{"self":[{"href":"https:\/\/cochacashu.sandiegozooglobal.org\/es\/wp-json\/wp\/v2\/pages\/2719\/"}],"collection":[{"href":"https:\/\/cochacashu.sandiegozooglobal.org\/es\/wp-json\/wp\/v2\/pages\/"}],"about":[{"href":"https:\/\/cochacashu.sandiegozooglobal.org\/es\/wp-json\/wp\/v2\/types\/page\/"}],"author":[{"embeddable":true,"href":"https:\/\/cochacashu.sandiegozooglobal.org\/es\/wp-json\/wp\/v2\/users\/1\/"}],"replies":[{"embeddable":true,"href":"https:\/\/cochacashu.sandiegozooglobal.org\/es\/wp-json\/wp\/v2\/comments\/?post=2719"}],"version-history":[{"count":6,"href":"https:\/\/cochacashu.sandiegozooglobal.org\/es\/wp-json\/wp\/v2\/pages\/2719\/revisions\/"}],"predecessor-version":[{"id":3736,"href":"https:\/\/cochacashu.sandiegozooglobal.org\/es\/wp-json\/wp\/v2\/pages\/2719\/revisions\/3736\/"}],"wp:attachment":[{"href":"https:\/\/cochacashu.sandiegozooglobal.org\/es\/wp-json\/wp\/v2\/media\/?parent=2719"}],"curies":[{"name":"wp","href":"https:\/\/api.w.org\/{rel}","templated":true}]}}