{"id":2726,"date":"2018-07-04T00:06:29","date_gmt":"2018-07-04T00:06:29","guid":{"rendered":"https:\/\/cochacashu.sandiegozooglobal.org\/?page_id=2726"},"modified":"2018-07-13T17:38:37","modified_gmt":"2018-07-13T17:38:37","slug":"alimentacion","status":"publish","type":"page","link":"https:\/\/cochacashu.sandiegozooglobal.org\/es\/alimentacion\/","title":{"rendered":"Alimentaci\u00f3n"},"content":{"rendered":"<p style=\"text-align: justify;\">La administraci\u00f3n de Cusco se encarga en hacer llegar todos los insumos para la alimentaci\u00f3n en Cocha Cashu. V\u00edveres y verduras son enviados desde Cusco cada 30 d\u00edas y en algunos casos cada 15 d\u00edas para asegurar que cuenten con lo necesario para tener alimentos m\u00e1s variados. Contamos con men\u00fas elaborados por una nutricionista, garantizando de esta manera el balance que necesitan para estar bien nutridos.<\/p>\n<p style=\"text-align: justify;\">La estaci\u00f3n es administrada bajo dos reg\u00edmenes:<\/p>\n<p style=\"text-align: justify;\"><strong>Primero<\/strong>. &#8211; Cuando tenemos per\u00edodos donde el n\u00famero de investigadores es peque\u00f1o (menos de 5 investigadores, generalmente entre enero y Mayo), No tenemos cocinero, para lo cual los propios residentes deben ayudarse a s\u00ed mismos con respecto a la comida y la cocina. Ellos tienen acceso a la cocina y la comida. A menudo, los habitantes se organizan para cocinar en turnos para que una sola personan tenga que cocinar la mayor\u00eda de los d\u00edas.<\/p>\n<p style=\"text-align: justify;\"><strong>Segundo<\/strong>. &#8211; Aproximadamente entre julio y Noviembre, un segundo r\u00e9gimen est\u00e1 presente. Durante este per\u00edodo, un grupo m\u00e1s amplio de investigadores suele estar presente (10 a 20 personas) y la estaci\u00f3n tiene un cocinero a tiempo completo para preparar las comidas. A veces es necesaria la ayuda de un asistente de cocina. Siempre es bienvenida una ayuda extra para alguien que quiere ayudar o ense\u00f1ar alg\u00fan plato nuevo.<\/p>\n<p style=\"text-align: justify;\">La &#8220;cocina&#8221; Cocha Cashu es ahora m\u00e1s variada. Principalmente se compone de menestras, carne de soya , quinua, arroz , pasta, at\u00fan, salsa de tomate , queso,\u00a0\u00a0 Pollo en conserva , vegetales frescos , como las patatas , cebollas , ajos , zanahorias, betarraga, repollo, tomate, pimientos, br\u00f3coli, pepinos, frutas como naranjas, manzanas, mandarinas, granadillas, sandia, etc. Adem\u00e1s, intercambiamos productos con nuestros vecinos Matsigenka como la yuca , pl\u00e1tanos, aguacates , entre otros.<\/p>\n<p style=\"text-align: justify;\">Es importante que cada investigador y asistente que ingrese a Cocha Cashu\u00a0llene la ficha de informaci\u00f3n en\u00a0el\u00a0<a href=\"https:\/\/cochacashu.sandiegozooglobal.org\/wp-content\/uploads\/2018\/07\/Cocha-Cashu-Acuerdo-de-Participacion-120718.doc\">Cocha Cashu Acuerdo de Participacion 120718<\/a>\u00a0para indicar si es vegetariano o si tiene alergia a alg\u00fan alimento.<\/p>\n<p style=\"text-align: right;\"><em><span data-ft=\"{\" data-reactid=\".e5.1:3:1:$comment566208516725461_1781755:0.0.$right.0.$left.0.0.1:$comment-body\"><span class=\"UFICommentBody\" data-reactid=\".e5.1:3:1:$comment566208516725461_1781755:0.0.$right.0.$left.0.0.1:$comment-body.0\">Foto: Fortunato Rayan<\/span><\/span><\/em><a href=\"https:\/\/cochacashu.sandiegozooglobal.org\/wp-content\/uploads\/2012\/01\/Alimento.jpg\"><img decoding=\"async\" loading=\"lazy\" class=\"aligncenter wp-image-1169 size-full\" src=\"https:\/\/cochacashu.sandiegozooglobal.org\/wp-content\/uploads\/2012\/01\/Alimento.jpg\" alt=\"Alimento\" width=\"960\" height=\"771\" srcset=\"https:\/\/cochacashu.sandiegozooglobal.org\/wp-content\/uploads\/2012\/01\/Alimento.jpg 960w, https:\/\/cochacashu.sandiegozooglobal.org\/wp-content\/uploads\/2012\/01\/Alimento-300x240.jpg 300w, https:\/\/cochacashu.sandiegozooglobal.org\/wp-content\/uploads\/2012\/01\/Alimento-373x300.jpg 373w\" sizes=\"(max-width: 960px) 100vw, 960px\" \/><\/a><\/p>\n<p>&nbsp;<\/p>\n","protected":false},"excerpt":{"rendered":"<p>La administraci\u00f3n de Cusco se encarga en hacer llegar todos los insumos para la alimentaci\u00f3n en Cocha Cashu. V\u00edveres y verduras son enviados desde Cusco cada 30 d\u00edas y en algunos casos cada 15 d\u00edas para asegurar que cuenten con &hellip; <a href=\"https:\/\/cochacashu.sandiegozooglobal.org\/es\/alimentacion\/\">Sigue leyendo <span class=\"meta-nav\">&rarr;<\/span><\/a><\/p>\n","protected":false},"author":1,"featured_media":0,"parent":0,"menu_order":0,"comment_status":"closed","ping_status":"closed","template":"","meta":{"_mi_skip_tracking":false,"_exactmetrics_sitenote_active":false,"_exactmetrics_sitenote_note":"","_exactmetrics_sitenote_category":0,"footnotes":""},"_links":{"self":[{"href":"https:\/\/cochacashu.sandiegozooglobal.org\/es\/wp-json\/wp\/v2\/pages\/2726\/"}],"collection":[{"href":"https:\/\/cochacashu.sandiegozooglobal.org\/es\/wp-json\/wp\/v2\/pages\/"}],"about":[{"href":"https:\/\/cochacashu.sandiegozooglobal.org\/es\/wp-json\/wp\/v2\/types\/page\/"}],"author":[{"embeddable":true,"href":"https:\/\/cochacashu.sandiegozooglobal.org\/es\/wp-json\/wp\/v2\/users\/1\/"}],"replies":[{"embeddable":true,"href":"https:\/\/cochacashu.sandiegozooglobal.org\/es\/wp-json\/wp\/v2\/comments\/?post=2726"}],"version-history":[{"count":2,"href":"https:\/\/cochacashu.sandiegozooglobal.org\/es\/wp-json\/wp\/v2\/pages\/2726\/revisions\/"}],"predecessor-version":[{"id":3239,"href":"https:\/\/cochacashu.sandiegozooglobal.org\/es\/wp-json\/wp\/v2\/pages\/2726\/revisions\/3239\/"}],"wp:attachment":[{"href":"https:\/\/cochacashu.sandiegozooglobal.org\/es\/wp-json\/wp\/v2\/media\/?parent=2726"}],"curies":[{"name":"wp","href":"https:\/\/api.w.org\/{rel}","templated":true}]}}