{"id":2732,"date":"2018-07-04T00:09:39","date_gmt":"2018-07-04T00:09:39","guid":{"rendered":"https:\/\/cochacashu.sandiegozooglobal.org\/?page_id=2732"},"modified":"2020-03-25T16:03:36","modified_gmt":"2020-03-25T16:03:36","slug":"reservaciones","status":"publish","type":"page","link":"https:\/\/cochacashu.sandiegozooglobal.org\/es\/reservaciones\/","title":{"rendered":"Reservaciones"},"content":{"rendered":"<p style=\"text-align: justify;\">Con el fin de llevar a cabo cualquier investigaci\u00f3n en la Estaci\u00f3n Biol\u00f3gica de Cocha Cashu en el Parque Nacional del Manu, POR FAVOR, es muy importante ponerse en contacto con <a href=\"mailto:v.chavez@sandiegozooperu.org\">Ver\u00f3nica Chavez <\/a>por lo menos con dos meses de antelaci\u00f3n, para organizar la entrada de la estaci\u00f3n, ya que este se encuentra en una muy lugar remoto e inaccesible.<\/p>\n<p style=\"text-align: justify;\">Tambi\u00e9n es <strong>obligatorio<\/strong> completar\/firmar los siguientes formularios, tanto para el investigador principal, como para \u00a0cada asistente, si hay. Con estos formularios se dispone de informaci\u00f3n acerca de ti y tus ayudantes en caso de cualquier emergencia. Por favor, mandalos llenado\/firmado a <a href=\"mailto:v.chavez@sandiegozooperu.org\">Veronica Chavez<\/a>.<\/p>\n<ul>\n<li>\n<div style=\"text-align: left;\"><a href=\"https:\/\/cochacashu.sandiegozooglobal.org\/wp-content\/uploads\/2020\/03\/Estimado-Visitante-de-la-Estaci\u00f3n_24-marzo-2020.docx\">Estimado Visitante de la Estaci\u00f3n_24 marzo 2020<\/a><\/div>\n<\/li>\n<li><a href=\"https:\/\/cochacashu.sandiegozooglobal.org\/wp-content\/uploads\/2020\/03\/Cocha-Cashu-Acuerdo-de-Participacion_24-marzo-2020.doc\">Cocha Cashu Acuerdo de Participacion_24 marzo 2020<\/a><\/li>\n<li><a href=\"https:\/\/cochacashu.sandiegozooglobal.org\/wp-content\/uploads\/2020\/03\/Cocha-Cashu-Politicas-y-Guias_24-marzo-2020.docx\">Cocha Cashu Politicas y Guias_24 marzo 2020<\/a><\/li>\n<\/ul>\n<p style=\"text-align: justify;\">Adem\u00e1s de las reservas, si vas hacer investigaci\u00f3n en el Manu, por favor revise la secci\u00f3n <a href=\"https:\/\/cochacashu.sandiegozooglobal.org\/es\/permisos\/\">Permisos<\/a> ya que ser\u00e1 necesario un permiso del SERNANP.<\/p>\n<p style=\"text-align: justify;\">La estaci\u00f3n tiene un espacio limitado para oficinas y plataformas. En la actualidad, estamos limitando el n\u00famero de personas a 30. Se contratar\u00e1 un cocinero cuando hay un n\u00famero suficiente de investigadores (m\u00e1s de cinco personas por lo general), de lo contrario el investigador tendr\u00e1 que planear la preparaci\u00f3n de sus alimentos.<\/p>\n<p style=\"text-align: justify;\">Por favor, indique claramente y por adelantado el periodo de la estancia y el n\u00famero de personas involucradas en el proyecto. No podemos garantizar la entrada inmediata o coordinaci\u00f3n de la entrada si no tenemos un conocimiento previo de sus planes.<\/p>\n<p style=\"text-align: justify;\">Debido al aumento de investigadores y asistentes en la EBCC y el alto costo de los alimentos, movilidad, etc. el pago de <a href=\"https:\/\/cochacashu.sandiegozooglobal.org\/es\/tarifas-estacion-y-botes\/\">las tarifas<\/a><a href=\"https:\/\/cochacashu.sandiegozooglobal.org\/es\/fees-and-logistic\/\">\u00a0<\/a>debe hacerse por adelantado; de esta manera se garantiza su reserva en la estaci\u00f3n. Este pago debe incluir el pago de la estancia, la comida y el transporte. Debe ser depositado en las cuentas de San Diego Zoo Global en los Estado Unidos, previa coordinaci\u00f3n con <a href=\"mailto:mdrummond@sandiegozoo.org\">Maggie Drummond<\/a>. Puedes solicitar un presupuesto para la cantidad aproximada que le costar\u00e1 estar en la EBCC por el tiempo que lo necesite. Si al finalizar tu per\u00edodo de investigaci\u00f3n hubiese un saldo a tu favor, este dinero te ser\u00e1 devuelto en un cheque.<\/p>\n<p style=\"text-align: right;\"><em>Foto: Andre Baertschi<\/em><a href=\"https:\/\/cochacashu.sandiegozooglobal.org\/wp-content\/uploads\/2011\/11\/AA-0313_Andre_Baertschi.jpg\"><img decoding=\"async\" loading=\"lazy\" class=\"alignleft wp-image-1553 size-large\" src=\"https:\/\/cochacashu.sandiegozooglobal.org\/wp-content\/uploads\/2011\/11\/AA-0313_Andre_Baertschi-1024x681.jpg\" alt=\"AA-0313_Andre_Baertschi\" width=\"584\" height=\"388\" srcset=\"https:\/\/cochacashu.sandiegozooglobal.org\/wp-content\/uploads\/2011\/11\/AA-0313_Andre_Baertschi-1024x681.jpg 1024w, https:\/\/cochacashu.sandiegozooglobal.org\/wp-content\/uploads\/2011\/11\/AA-0313_Andre_Baertschi-300x199.jpg 300w, https:\/\/cochacashu.sandiegozooglobal.org\/wp-content\/uploads\/2011\/11\/AA-0313_Andre_Baertschi-450x300.jpg 450w, https:\/\/cochacashu.sandiegozooglobal.org\/wp-content\/uploads\/2011\/11\/AA-0313_Andre_Baertschi.jpg 1200w\" sizes=\"(max-width: 584px) 100vw, 584px\" \/><\/a><\/p>\n<p style=\"text-align: justify;\"><em><span id=\"fbPhotoSnowliftCaption\" class=\"fbPhotosPhotoCaption\" tabindex=\"0\"><span class=\"hasCaption\">\u00a0<\/span><\/span><\/em><\/p>\n","protected":false},"excerpt":{"rendered":"<p>Con el fin de llevar a cabo cualquier investigaci\u00f3n en la Estaci\u00f3n Biol\u00f3gica de Cocha Cashu en el Parque Nacional del Manu, POR FAVOR, es muy importante ponerse en contacto con Ver\u00f3nica Chavez por lo menos con dos meses de &hellip; <a href=\"https:\/\/cochacashu.sandiegozooglobal.org\/es\/reservaciones\/\">Sigue leyendo <span class=\"meta-nav\">&rarr;<\/span><\/a><\/p>\n","protected":false},"author":1,"featured_media":0,"parent":0,"menu_order":0,"comment_status":"closed","ping_status":"closed","template":"","meta":{"_mi_skip_tracking":false,"_exactmetrics_sitenote_active":false,"_exactmetrics_sitenote_note":"","_exactmetrics_sitenote_category":0,"footnotes":""},"_links":{"self":[{"href":"https:\/\/cochacashu.sandiegozooglobal.org\/es\/wp-json\/wp\/v2\/pages\/2732\/"}],"collection":[{"href":"https:\/\/cochacashu.sandiegozooglobal.org\/es\/wp-json\/wp\/v2\/pages\/"}],"about":[{"href":"https:\/\/cochacashu.sandiegozooglobal.org\/es\/wp-json\/wp\/v2\/types\/page\/"}],"author":[{"embeddable":true,"href":"https:\/\/cochacashu.sandiegozooglobal.org\/es\/wp-json\/wp\/v2\/users\/1\/"}],"replies":[{"embeddable":true,"href":"https:\/\/cochacashu.sandiegozooglobal.org\/es\/wp-json\/wp\/v2\/comments\/?post=2732"}],"version-history":[{"count":4,"href":"https:\/\/cochacashu.sandiegozooglobal.org\/es\/wp-json\/wp\/v2\/pages\/2732\/revisions\/"}],"predecessor-version":[{"id":3556,"href":"https:\/\/cochacashu.sandiegozooglobal.org\/es\/wp-json\/wp\/v2\/pages\/2732\/revisions\/3556\/"}],"wp:attachment":[{"href":"https:\/\/cochacashu.sandiegozooglobal.org\/es\/wp-json\/wp\/v2\/media\/?parent=2732"}],"curies":[{"name":"wp","href":"https:\/\/api.w.org\/{rel}","templated":true}]}}