{"id":2754,"date":"2018-07-04T00:19:16","date_gmt":"2018-07-04T00:19:16","guid":{"rendered":"https:\/\/cochacashu.sandiegozooglobal.org\/?page_id=2754"},"modified":"2018-07-13T17:27:38","modified_gmt":"2018-07-13T17:27:38","slug":"para-investigadores","status":"publish","type":"page","link":"https:\/\/cochacashu.sandiegozooglobal.org\/es\/para-investigadores\/","title":{"rendered":"Para Investigadores"},"content":{"rendered":"<p style=\"text-align: justify;\">Cocha Cashu es una estaci\u00f3n biol\u00f3gica dirigido por los investigadores, para los investigadores, y nuestro objetivo es ofrecer unas instalaciones confortables, un servicio eficiente y los recursos necesarios para que pueda alcanzar su pleno potencial investigador y ser lo m\u00e1s centrado y productivo posible. Es importante recordar, sin embargo, que Cocha Cashu est\u00e1 en un lugar muy remoto, en el coraz\u00f3n de la selva (nunca un ambiente f\u00e1cil), en un pa\u00eds cuyas culturas, realidades, burocracia, etc, pueden diferir notablemente de las del pa\u00eds donde normalmente vives. A pesar de que, como San Diego Zoo Global, administramos la estaci\u00f3n \u200b\u200ben el d\u00eda a d\u00eda, lo hacemos dentro de un Parque Nacional y Reserva de Biosfera, en estrecha colaboraci\u00f3n con el SERNANP, el Servicio de Per\u00fa para las \u00c1reas Protegidas. SERNANP es la entidad que emite los permisos de investigaci\u00f3n, y nuestro papel es el de actuar como mediador entre tu, el investigador, y el personal de SERNANP. El proceso de obtenci\u00f3n de permisos para la investigaci\u00f3n por lo general se ejecuta sin problemas, pero a veces hay contratiempos, ya sea por nuestra parte debido a la falta de informaci\u00f3n, o como resultado de los procedimientos y requisitos SERNANP. Del mismo modo, puede haber problemas de log\u00edstica o transporte, o fallos culinarios. Aunque se reconoce que estos obst\u00e1culos pueden ser frustrantes y consume mucho tiempo, con paciencia, el respeto y la voluntad de todas las partes para adaptarse, las cosas pueden ser resueltas. Por lo tanto, pedimos tu comprensi\u00f3n. La experiencia de Cocha Cashu vale la pena.<\/p>\n<p style=\"text-align: justify;\"><span style=\"color: #008000;\"><span style=\"color: #000000;\">Si est\u00e1s pensando en comenzar un proyecto de investigaci\u00f3n en Cocha Cashu, el primer paso es hacer los arreglos necesarios a trav\u00e9s de Ver\u00f3nica Ch\u00e1vez (llamar a: (0051) (84) 226 225 o escribir a<\/span> <a href=\"mailto:v.chavez@sandiegozooperu.org\">Veronica<\/a><span style=\"color: #000000;\">) para reservar espacio en la Estaci\u00f3n. CCBS admite un m\u00e1ximo de 35 personas, y est\u00e1 a menudo a toda su capacidad de agosto a diciembre. Entre enero y julio, normalmente hay espacio disponible. <\/span><\/span><\/p>\n<p style=\"text-align: center;\"><a href=\"https:\/\/cochacashu.sandiegozooglobal.org\/wp-content\/uploads\/2011\/11\/Roxana.jpg\"><img decoding=\"async\" loading=\"lazy\" class=\"alignnone wp-image-1402 size-medium\" src=\"https:\/\/cochacashu.sandiegozooglobal.org\/wp-content\/uploads\/2011\/11\/Roxana-224x300.jpg\" alt=\"Roxana Arauco\" width=\"224\" height=\"300\" srcset=\"https:\/\/cochacashu.sandiegozooglobal.org\/wp-content\/uploads\/2011\/11\/Roxana-224x300.jpg 224w, https:\/\/cochacashu.sandiegozooglobal.org\/wp-content\/uploads\/2011\/11\/Roxana-768x1024.jpg 768w, https:\/\/cochacashu.sandiegozooglobal.org\/wp-content\/uploads\/2011\/11\/Roxana.jpg 1704w\" sizes=\"(max-width: 224px) 100vw, 224px\" \/><\/a><\/p>\n<p style=\"text-align: center;\"><em>Foto: Roxana Arauco<\/em><\/p>\n<p style=\"text-align: center;\">\n","protected":false},"excerpt":{"rendered":"<p>Cocha Cashu es una estaci\u00f3n biol\u00f3gica dirigido por los investigadores, para los investigadores, y nuestro objetivo es ofrecer unas instalaciones confortables, un servicio eficiente y los recursos necesarios para que pueda alcanzar su pleno potencial investigador y ser lo m\u00e1s &hellip; <a href=\"https:\/\/cochacashu.sandiegozooglobal.org\/es\/para-investigadores\/\">Sigue leyendo <span class=\"meta-nav\">&rarr;<\/span><\/a><\/p>\n","protected":false},"author":1,"featured_media":0,"parent":0,"menu_order":4,"comment_status":"closed","ping_status":"closed","template":"","meta":{"_mi_skip_tracking":false,"_exactmetrics_sitenote_active":false,"_exactmetrics_sitenote_note":"","_exactmetrics_sitenote_category":0,"footnotes":""},"_links":{"self":[{"href":"https:\/\/cochacashu.sandiegozooglobal.org\/es\/wp-json\/wp\/v2\/pages\/2754\/"}],"collection":[{"href":"https:\/\/cochacashu.sandiegozooglobal.org\/es\/wp-json\/wp\/v2\/pages\/"}],"about":[{"href":"https:\/\/cochacashu.sandiegozooglobal.org\/es\/wp-json\/wp\/v2\/types\/page\/"}],"author":[{"embeddable":true,"href":"https:\/\/cochacashu.sandiegozooglobal.org\/es\/wp-json\/wp\/v2\/users\/1\/"}],"replies":[{"embeddable":true,"href":"https:\/\/cochacashu.sandiegozooglobal.org\/es\/wp-json\/wp\/v2\/comments\/?post=2754"}],"version-history":[{"count":4,"href":"https:\/\/cochacashu.sandiegozooglobal.org\/es\/wp-json\/wp\/v2\/pages\/2754\/revisions\/"}],"predecessor-version":[{"id":3229,"href":"https:\/\/cochacashu.sandiegozooglobal.org\/es\/wp-json\/wp\/v2\/pages\/2754\/revisions\/3229\/"}],"wp:attachment":[{"href":"https:\/\/cochacashu.sandiegozooglobal.org\/es\/wp-json\/wp\/v2\/media\/?parent=2754"}],"curies":[{"name":"wp","href":"https:\/\/api.w.org\/{rel}","templated":true}]}}