{"id":2757,"date":"2018-07-04T00:20:17","date_gmt":"2018-07-04T00:20:17","guid":{"rendered":"https:\/\/cochacashu.sandiegozooglobal.org\/?page_id=2757"},"modified":"2018-07-13T18:43:34","modified_gmt":"2018-07-13T18:43:34","slug":"prioridades-de-investigacion","status":"publish","type":"page","link":"https:\/\/cochacashu.sandiegozooglobal.org\/es\/prioridades-de-investigacion\/","title":{"rendered":"Prioridades de Investigaci\u00f3n de Cocha Cashu"},"content":{"rendered":"<p>El presente documento, <a href=\"https:\/\/cochacashu.sandiegozooglobal.org\/wp-content\/uploads\/2018\/02\/Prioridades-Investigaci\u00f3n-EBCC.pdf\">Prioridades Investigaci\u00f3n EBCC<\/a>, describe las prioridades de investigaci\u00f3n que la Estaci\u00f3n Biol\u00f3gica Cocha Cashu busca promover activamente en los pr\u00f3ximos 10 a\u00f1os.\u00a0 De este modo, los temas seleccionados como prioritarios guiar\u00e1n nuestros esfuerzos en la b\u00fasqueda de fondos, en involucrar Universidades y docentes con potencial para involucrarse en el quehacer cient\u00edfico de Cocha Cashu, dise\u00f1ar cursos de entrenamiento, apoyar estudiantes destacados entre otras actividades.<\/p>\n<p>Las l\u00edneas de investigaci\u00f3n descritas a continuaci\u00f3n, de ser aplicadas por equipos de cient\u00edficos innovadores y talentosos, ayudar\u00e1 a resolver muchos de los grandes problemas que enfrenta la conservaci\u00f3n en el Parque Nacional del Manu y los ecosistemas amaz\u00f3nicos. De este modo, se han seleccionado once l\u00edneas de investigaci\u00f3n:<\/p>\n<ol>\n<li>Monitoreo para la Conservaci\u00f3n.<\/li>\n<li>Implementaci\u00f3n y mejora del Plan de Monitoreo del Parque Nacional del Manu.<\/li>\n<li>Investigaci\u00f3n Interdisciplinaria, Intercultural e incorporaci\u00f3n del Arte.<\/li>\n<li>Ecolog\u00eda de Paisajes para detectar y monitorear cambios.<\/li>\n<li>Resiliencia y restauraci\u00f3n ecol\u00f3gica usando Cocha Cashu como sitio de control.<\/li>\n<li>Especies objeto priorizadas para investigaci\u00f3n.<\/li>\n<li>Interacciones ecol\u00f3gicas que involucran especies que tienen una desproporcionada influencia en los procesos de los ecosistemas.<\/li>\n<li>Interacci\u00f3n entre ecosistemas terrestres y acu\u00e1ticos.<\/li>\n<li>Estacionalidad, productividad, fenolog\u00eda y disponibilidad de recursos en ecosistemas de tierras bajas.<\/li>\n<li>Impactos locales del Cambio Clim\u00e1tico.<\/li>\n<li>Otras \u00e1reas importantes de Investigaci\u00f3n.<\/li>\n<\/ol>\n<p>En cada una de estas l\u00edneas de investigaci\u00f3n se han identificados temas generales de investigaci\u00f3n que dan mayor precisi\u00f3n a dichas l\u00edneas.\u00a0 Se espera que en el futuro cercano grupos de trabajo especializados puedan dar mayor precisi\u00f3n a estas l\u00edneas de investigaci\u00f3n estableciendo las preguntas clave y las hip\u00f3tesis que se desea someter a prueba.<\/p>\n<p><img decoding=\"async\" loading=\"lazy\" class=\"aligncenter size-full wp-image-2248\" src=\"https:\/\/cochacashu.sandiegozooglobal.org\/wp-content\/uploads\/2018\/02\/CCBS-Students-39-of-42_01.jpg\" alt=\"\" width=\"1000\" height=\"606\" srcset=\"https:\/\/cochacashu.sandiegozooglobal.org\/wp-content\/uploads\/2018\/02\/CCBS-Students-39-of-42_01.jpg 1000w, https:\/\/cochacashu.sandiegozooglobal.org\/wp-content\/uploads\/2018\/02\/CCBS-Students-39-of-42_01-300x182.jpg 300w, https:\/\/cochacashu.sandiegozooglobal.org\/wp-content\/uploads\/2018\/02\/CCBS-Students-39-of-42_01-768x465.jpg 768w, https:\/\/cochacashu.sandiegozooglobal.org\/wp-content\/uploads\/2018\/02\/CCBS-Students-39-of-42_01-495x300.jpg 495w\" sizes=\"(max-width: 1000px) 100vw, 1000px\" \/><\/p>\n<p>Es importante precisar que Cocha Cashu es un lugar privilegiado que ofrece oportunidades de investigar en un ambiente con muy bajo impacto humano; no hay muchos lugares con esta caracter\u00edstica disponibles en la Amazon\u00eda.\u00a0 Por esta raz\u00f3n, aquellos temas que no han sido priorizados siempre tendr\u00e1n cabida y seguir\u00e1n siendo bienvenidos en la estaci\u00f3n.<\/p>\n<p>Este documento se considera una primera aproximaci\u00f3n el cu\u00e1l ir\u00e1 modific\u00e1ndose sobre la base del aporte de los investigadores ligados a Cocha Cashu y los nuevos descubrimientos que emergen continuamente.\u00a0Por favor, p\u00f3ngase en contacto con <a href=\"mailto:c.flores@sandiegozooperu.org\">Cesar Flores<\/a> si desea saber m\u00e1s!<\/p>\n","protected":false},"excerpt":{"rendered":"<p>El presente documento, Prioridades Investigaci\u00f3n EBCC, describe las prioridades de investigaci\u00f3n que la Estaci\u00f3n Biol\u00f3gica Cocha Cashu busca promover activamente en los pr\u00f3ximos 10 a\u00f1os.\u00a0 De este modo, los temas seleccionados como prioritarios guiar\u00e1n nuestros esfuerzos en la b\u00fasqueda de &hellip; <a href=\"https:\/\/cochacashu.sandiegozooglobal.org\/es\/prioridades-de-investigacion\/\">Sigue leyendo <span class=\"meta-nav\">&rarr;<\/span><\/a><\/p>\n","protected":false},"author":1,"featured_media":0,"parent":0,"menu_order":0,"comment_status":"closed","ping_status":"closed","template":"","meta":{"_mi_skip_tracking":false,"_exactmetrics_sitenote_active":false,"_exactmetrics_sitenote_note":"","_exactmetrics_sitenote_category":0,"footnotes":""},"_links":{"self":[{"href":"https:\/\/cochacashu.sandiegozooglobal.org\/es\/wp-json\/wp\/v2\/pages\/2757\/"}],"collection":[{"href":"https:\/\/cochacashu.sandiegozooglobal.org\/es\/wp-json\/wp\/v2\/pages\/"}],"about":[{"href":"https:\/\/cochacashu.sandiegozooglobal.org\/es\/wp-json\/wp\/v2\/types\/page\/"}],"author":[{"embeddable":true,"href":"https:\/\/cochacashu.sandiegozooglobal.org\/es\/wp-json\/wp\/v2\/users\/1\/"}],"replies":[{"embeddable":true,"href":"https:\/\/cochacashu.sandiegozooglobal.org\/es\/wp-json\/wp\/v2\/comments\/?post=2757"}],"version-history":[{"count":4,"href":"https:\/\/cochacashu.sandiegozooglobal.org\/es\/wp-json\/wp\/v2\/pages\/2757\/revisions\/"}],"predecessor-version":[{"id":3193,"href":"https:\/\/cochacashu.sandiegozooglobal.org\/es\/wp-json\/wp\/v2\/pages\/2757\/revisions\/3193\/"}],"wp:attachment":[{"href":"https:\/\/cochacashu.sandiegozooglobal.org\/es\/wp-json\/wp\/v2\/media\/?parent=2757"}],"curies":[{"name":"wp","href":"https:\/\/api.w.org\/{rel}","templated":true}]}}