{"id":2760,"date":"2018-07-04T00:21:45","date_gmt":"2018-07-04T00:21:45","guid":{"rendered":"https:\/\/cochacashu.sandiegozooglobal.org\/?page_id=2760"},"modified":"2020-03-25T18:24:25","modified_gmt":"2020-03-25T18:24:25","slug":"contacto-con-el-mundo-externo","status":"publish","type":"page","link":"https:\/\/cochacashu.sandiegozooglobal.org\/es\/contacto-con-el-mundo-externo\/","title":{"rendered":"Contacto con el Mundo Externo"},"content":{"rendered":"<p><strong>Por Internet: <\/strong>La Estaci\u00f3n Biol\u00f3gica Cocha Cashu ha adquirido los servicios de internet de ADN Telecom, el cual funciona 24 horas al d\u00eda, los 7 d\u00edas de la semana (aunque siempre que haya dias nublados podria afectar la fuente de energia). Sin embargo, el internet t<span style=\"font-weight: normal; color: #373737;\">iene capacidad definida y por temporadas se deberan colaborar y respetar horarios para garantizar una velocidad aceptable. La mayor utilizaci\u00f3n de internet es entre 16:00-21:00.\u00a0<\/span><\/p>\n<p style=\"text-align: justify;\"><span style=\"font-weight: normal; color: #373737;\">IMPORTANTE: Por favor, no deberian venir con\u00a0las expectativas de querer utilizarlo para, por ejemplo, backup de tus fotos o datos online, para ver videos You Tube sin restriccion, o para bajar documentos grandes.\u00a0<\/span><\/p>\n<p style=\"text-align: justify;\"><strong>Por Radio: <\/strong>La estaci\u00f3n tambi\u00e9n tiene una radio de dos v\u00edas que se puede utilizar para las comunicaciones personales. Es mucho m\u00e1s barato que el tel\u00e9fono, pero menos fiable, ya que el mal tiempo puede interferir con la transmisi\u00f3n. Actualmente nos comunicamos a trav\u00e9s de un servicio en\u00a0Cuzco: Servicio Galindo (Alex y Diana); tel\u00e9fono # (51-84) 23-8219; en el siguiente horario: 19:00-20:30. Sin embargo, nadie puede ponerse en contacto con Cashu Cashu a menos que la radio est\u00e1 encendida. Para realizar una llamada a la Estaci\u00f3n, se debe llamar al encargado de Cusco y solicitar hablar con Cocha Cashu o Cocha Uno (esta \u00faltima es la designaci\u00f3n de radio para\u00a0Cocha Cashu) a trav\u00e9s de la radio. Uno puede hacer una llamada telef\u00f3nica desde Cashu a trav\u00e9s de la radio, siempre y cuando la llamada sea captada por la radio. Estas llamadas se realizan a trav\u00e9s de un operador y por lo tanto requieren m\u00e1s tiempo. Lo recomendable es que la gente te llame en un horario que hayas coordinado, o \u00a0usar el tel\u00e9fono satelital. El establecimiento de una conexi\u00f3n en un d\u00eda y hora determinada no est\u00e1 garantizada, por lo que amigos y familiares no deben preocuparse si no reciben noticas tuyas muy frecuentes. \u00a0Galindo cobra por su servicio de radio-patch. En la estaci\u00f3n mantenemos un registro de cada llamada realizada desde o hacia Cashu. Al final de la llamada, se le dir\u00e1 cuanto le cost\u00f3 el servicio, esto se registra pudiendo cancelar el monto total de servicio al final de la temporada. El precio de radio \u2013 parche es \u00a0$ 0.37 el minuto, \u00a0adem\u00e1s del costo de la llamada telef\u00f3nica.<\/p>\n<p style=\"text-align: justify;\"><strong>Por Correo: <\/strong>Las entradas y salidas de investigadores\u00a0 son generalmente frecuente en la estaci\u00f3n, lo que brinda la posibilidad de enviar alg\u00fan correo. Por lo tanto, es recomendable llevar papeler\u00eda, sobres y tarjetas postales, as\u00ed como sellos de Estados Unidos (peel-off solamente) y estampillas peruanas. Los investigadores que regresan a los Estados Unidos, enviar\u00e1n las cartas por correo en ese pa\u00eds, ya que es m\u00e1s r\u00e1pido. Para recibir correos puede brindar la direcci\u00f3n de la oficina, ya que cuando las personas pasan a trav\u00e9s de Cuzco en su camino a Cocha Cashu, paran en la oficina para recoger todo el correo que se haya acumulado.<\/p>\n<p style=\"text-align: justify;\">La direcci\u00f3n para la recepci\u00f3n de correo es: Su nombre, c\/o Veronica Ch\u00e1vez, Estaci\u00f3n Biol\u00f3gica Cocha Cashu, San Diego Zoo Global Peru, Av. Per\u00fa F-10, Urb. Quispicanchis, Cuzco, PER\u00da. En caso de emergencia (por ejemplo, nuevas gafas), vamos a tratar de contactar con alguien que ingrese para que pueda llevar el art\u00edculo.<\/p>\n<p style=\"text-align: right;\"><em>Foto: Frank Hajek<\/em><a href=\"https:\/\/cochacashu.sandiegozooglobal.org\/wp-content\/uploads\/2011\/12\/L153_Capitulo2.jpg\"><img decoding=\"async\" loading=\"lazy\" class=\"alignleft wp-image-639 size-large\" src=\"https:\/\/cochacashu.sandiegozooglobal.org\/wp-content\/uploads\/2011\/12\/L153_Capitulo2-1024x681.jpg\" alt=\"L153_Capitulo2\" width=\"584\" height=\"388\" srcset=\"https:\/\/cochacashu.sandiegozooglobal.org\/wp-content\/uploads\/2011\/12\/L153_Capitulo2-1024x681.jpg 1024w, https:\/\/cochacashu.sandiegozooglobal.org\/wp-content\/uploads\/2011\/12\/L153_Capitulo2-300x199.jpg 300w, https:\/\/cochacashu.sandiegozooglobal.org\/wp-content\/uploads\/2011\/12\/L153_Capitulo2-450x300.jpg 450w, https:\/\/cochacashu.sandiegozooglobal.org\/wp-content\/uploads\/2011\/12\/L153_Capitulo2.jpg 1201w\" sizes=\"(max-width: 584px) 100vw, 584px\" \/><\/a><\/p>\n","protected":false},"excerpt":{"rendered":"<p>Por Internet: La Estaci\u00f3n Biol\u00f3gica Cocha Cashu ha adquirido los servicios de internet de ADN Telecom, el cual funciona 24 horas al d\u00eda, los 7 d\u00edas de la semana (aunque siempre que haya dias nublados podria afectar la fuente de &hellip; <a href=\"https:\/\/cochacashu.sandiegozooglobal.org\/es\/contacto-con-el-mundo-externo\/\">Sigue leyendo <span class=\"meta-nav\">&rarr;<\/span><\/a><\/p>\n","protected":false},"author":1,"featured_media":0,"parent":0,"menu_order":0,"comment_status":"closed","ping_status":"closed","template":"","meta":{"_mi_skip_tracking":false,"_exactmetrics_sitenote_active":false,"_exactmetrics_sitenote_note":"","_exactmetrics_sitenote_category":0,"footnotes":""},"_links":{"self":[{"href":"https:\/\/cochacashu.sandiegozooglobal.org\/es\/wp-json\/wp\/v2\/pages\/2760\/"}],"collection":[{"href":"https:\/\/cochacashu.sandiegozooglobal.org\/es\/wp-json\/wp\/v2\/pages\/"}],"about":[{"href":"https:\/\/cochacashu.sandiegozooglobal.org\/es\/wp-json\/wp\/v2\/types\/page\/"}],"author":[{"embeddable":true,"href":"https:\/\/cochacashu.sandiegozooglobal.org\/es\/wp-json\/wp\/v2\/users\/1\/"}],"replies":[{"embeddable":true,"href":"https:\/\/cochacashu.sandiegozooglobal.org\/es\/wp-json\/wp\/v2\/comments\/?post=2760"}],"version-history":[{"count":2,"href":"https:\/\/cochacashu.sandiegozooglobal.org\/es\/wp-json\/wp\/v2\/pages\/2760\/revisions\/"}],"predecessor-version":[{"id":3565,"href":"https:\/\/cochacashu.sandiegozooglobal.org\/es\/wp-json\/wp\/v2\/pages\/2760\/revisions\/3565\/"}],"wp:attachment":[{"href":"https:\/\/cochacashu.sandiegozooglobal.org\/es\/wp-json\/wp\/v2\/media\/?parent=2760"}],"curies":[{"name":"wp","href":"https:\/\/api.w.org\/{rel}","templated":true}]}}