{"id":2763,"date":"2018-07-04T00:22:44","date_gmt":"2018-07-04T00:22:44","guid":{"rendered":"https:\/\/cochacashu.sandiegozooglobal.org\/?page_id=2763"},"modified":"2020-03-25T23:33:33","modified_gmt":"2020-03-25T23:33:33","slug":"permisos","status":"publish","type":"page","link":"https:\/\/cochacashu.sandiegozooglobal.org\/es\/permisos\/","title":{"rendered":"Permisos"},"content":{"rendered":"<p><span style=\"color: #000000;\"><strong>PROCEDIMIENTO PARA OBTENER LA AUTORIZACI\u00d3N PARA REALIZAR UNA INVESTIGACI\u00d3N CIENT\u00cdFICA EN COCHA CASHU<\/strong><\/span><\/p>\n<p style=\"text-align: justify;\">A continuaci\u00f3n presentamos informaci\u00f3n reciente sobre los requisitos indispensables para realizar cualquier tipo de investigaci\u00f3n en \u00c1reas Naturales Protegidas (ANP) divulgada por el SERNANP de acuerdo al Texto \u00danico de Procedimiento Administrativo (TUPA).<\/p>\n<p style=\"text-align: justify;\"><span style=\"color: #000000;\"><span style=\"font-weight: normal; color: #222222;\"><strong>IMPORTANTE<\/strong>: No se hace ning\u00fan pago por investigaci\u00f3n y l<\/span><\/span>os permisos pueden ser hasta por 2 a\u00f1os.<\/p>\n<p style=\"text-align: justify;\"><span style=\"color: #000000;\"><span style=\"color: #3366ff;\"><span style=\"color: #333333;\">Recomendamos iniciar el proceso de aplicaci\u00f3n por lo menos con un mes y medio de anticipaci\u00f3n (si usted cuenta con todo la documentaci\u00f3n requerida y no recibe observaciones, el proceso dura entre doce y veinti\u00fan d\u00edas h\u00e1biles). La solicitud se realiza en espa\u00f1ol y s\u00f3lo ser\u00e1 procesada una vez que TODOS los documentos est\u00e9n completos. Si no dispone del tiempo necesario para realizar el procedimiento en persona, puede coordinar con\u00a0<\/span><a href=\"mailto:v.chavez@sandiegozooperu.org\">Ver\u00f3nica Ch\u00e1vez<\/a>\u00a0<span style=\"color: #333333;\">para que en su representaci\u00f3n haga los tr\u00e1mites<\/span><\/span>.\u00a0<\/span><\/p>\n<div style=\"font-weight: normal; color: #222222;\">Hay dos tipos de Solicitudes de Investigaci\u00f3n:<\/div>\n<div style=\"font-weight: normal; color: #222222;\"><\/div>\n<div style=\"font-weight: normal; color: #222222;\">1.- Solicitud de Aprobaci\u00f3n Autom\u00e1tica\u00a0(esto no es aplicable para la Estaci\u00f3n Biol\u00f3gica Cocha Cashu).<\/div>\n<div style=\"font-weight: normal; color: #222222;\">2.- Solicitud de Evaluaci\u00f3n Previa<\/div>\n<div style=\"font-weight: normal; color: #222222;\"><\/div>\n<div style=\"font-weight: normal; color: #222222;\"><strong><span style=\"color: #000000;\">Formatos de Investigaci\u00f3n:<\/span><\/strong><\/div>\n<div><\/div>\n<p style=\"text-align: justify;\"><a href=\"https:\/\/cochacashu.sandiegozooglobal.org\/wp-content\/uploads\/2011\/11\/Procedimiento-para-solicitar-autorizacion-PN-Manu.pdf\">Procedimiento para solicitar autorizacion PN Manu<\/a><\/p>\n<p style=\"text-align: justify;\"><a href=\"https:\/\/cochacashu.sandiegozooglobal.org\/wp-content\/uploads\/2011\/11\/Anexos-RP-N\u00b0-287-2015-SERNANP.doc\">Anexos RP N\u00b0 287-2015-SERNANP<\/a><\/p>\n<p style=\"text-align: justify;\"><span style=\"color: #000000;\"><strong>ATENCION<\/strong>: Si piensa hacer investigaci\u00f3n por m\u00e1s de tres meses en Cocha Cashu, es muy importante que se contacte con las oficinas de migraciones del Per\u00fa, antes de viajar a la Estacion, para hacer el tr\u00e1mite correspondiente.\u00a0<\/span><\/p>\n<p style=\"text-align: justify;\"><span style=\"color: #000000;\">En Cusco, tendr\u00e1 que visitar la oficina de SERNANP para recoger la autorizaci\u00f3n de su proyecto de investigaci\u00f3n. El actual Director del Parque es el Ing. Ernesto John Flores Leiva, cuya oficina se encuentra en la Urb. Santa Martha E-12, San Jer\u00f3nimo, Cusco. El telefax es (084) 274509. El horario de atenci\u00f3n es de 9:00am a 1:00pm y de 3:00pm a 5:00pm, lunes a viernes.\u00a0<\/span><\/p>\n<p style=\"text-align: justify;\"><span style=\"color: #000000;\">Una vez obtenida la\u00a0autorizaci\u00f3n de su proyecto de investigaci\u00f3n, tiene que obtener\u00a0el\u00a0permiso de entrada al Parque Nacional del Manu.\u00a0Se necesita tres copias del permiso de entrada: uno para dejar en la oficina de\u00a0Cocha Cashu en Cusco y dos copias para\u00a0los puestos de control Limonal y Pakitza dentro del Parque Nacional del Manu. Es muy importante el cumplimiento de este requisito, ya que no podr\u00e1 ingresar al Parque sin estos permisos.<\/span><\/p>\n<p style=\"text-align: justify;\"><span style=\"text-decoration: underline;\"><strong>IMPORTANTE:<\/strong><\/span><\/p>\n<p style=\"text-align: justify;\">Si su investigaci\u00f3n requiere exportar los espec\u00edmenes colectados, entonces deber\u00e1 tramitar ante el Servicio Nacional Forestal y de Fauna Silvestre (SERFOR) un \u201cPermiso de Exportaci\u00f3n de Flora o Fauna con Fines Cient\u00edficos\u201d. Este permiso debe tramitarse luego de culminar la colecta de muestras y su dep\u00f3sito en Instituciones cient\u00edficas nacionales registradas ante el SERFOR. Ojo:\u00a0el investigador mismo debe\u00a0<span style=\"font-weight: normal; color: #222222;\">contactar a\u00a0<\/span><span class=\"il\" style=\"font-weight: normal; color: #222222;\">SERFOR\u00a0<\/span><span style=\"font-weight: normal; color: #222222;\">directamente. A diferencia de los permisos de investigacion, que nosotros tramitamos, llevando los documentos impresos (pero preparados por el investigador) a la oficina de\u00a0<\/span><span class=\"il\" style=\"font-weight: normal; color: #222222;\">SERFOR<\/span><span style=\"font-weight: normal; color: #222222;\">, en el caso de permisos de exportacion, no podemos ofrecer ese servicio. Tener en cuenta que aunque los documentos se pueden dejar en mesa de partes den Cusco, es mas rapido, entregarlo directamente en Lima (en Cusco esperan acumular un numero de solicitudes).\u00a0<\/span><\/p>\n<p style=\"text-align: justify;\">Para mas informacion:\u00a0<a href=\"https:\/\/cochacashu.sandiegozooglobal.org\/wp-content\/uploads\/2011\/11\/Pasos-para-Solicitar-un-Permiso-de-Exportaci\u00f3n-2017.pdf\">Pasos para Solicitar un Permiso de Exportaci\u00f3n &#8211; 2017<\/a><\/p>\n<p style=\"text-align: right;\"><em>Foto: Alex Kirschel<\/em><a href=\"https:\/\/cochacashu.sandiegozooglobal.org\/wp-content\/uploads\/2011\/11\/river_otterD07G0059.jpg\"><img decoding=\"async\" loading=\"lazy\" class=\"alignleft wp-image-1401 size-large\" src=\"https:\/\/cochacashu.sandiegozooglobal.org\/wp-content\/uploads\/2011\/11\/river_otterD07G0059-1024x683.jpg\" alt=\"Alex Kirschel\" width=\"584\" height=\"389\" srcset=\"https:\/\/cochacashu.sandiegozooglobal.org\/wp-content\/uploads\/2011\/11\/river_otterD07G0059-1024x683.jpg 1024w, https:\/\/cochacashu.sandiegozooglobal.org\/wp-content\/uploads\/2011\/11\/river_otterD07G0059-300x200.jpg 300w, https:\/\/cochacashu.sandiegozooglobal.org\/wp-content\/uploads\/2011\/11\/river_otterD07G0059-449x300.jpg 449w, https:\/\/cochacashu.sandiegozooglobal.org\/wp-content\/uploads\/2011\/11\/river_otterD07G0059.jpg 1808w\" sizes=\"(max-width: 584px) 100vw, 584px\" \/><\/a><\/p>\n","protected":false},"excerpt":{"rendered":"<p>PROCEDIMIENTO PARA OBTENER LA AUTORIZACI\u00d3N PARA REALIZAR UNA INVESTIGACI\u00d3N CIENT\u00cdFICA EN COCHA CASHU A continuaci\u00f3n presentamos informaci\u00f3n reciente sobre los requisitos indispensables para realizar cualquier tipo de investigaci\u00f3n en \u00c1reas Naturales Protegidas (ANP) divulgada por el SERNANP de acuerdo al &hellip; <a href=\"https:\/\/cochacashu.sandiegozooglobal.org\/es\/permisos\/\">Sigue leyendo <span class=\"meta-nav\">&rarr;<\/span><\/a><\/p>\n","protected":false},"author":1,"featured_media":0,"parent":0,"menu_order":0,"comment_status":"closed","ping_status":"closed","template":"","meta":{"_mi_skip_tracking":false,"_exactmetrics_sitenote_active":false,"_exactmetrics_sitenote_note":"","_exactmetrics_sitenote_category":0,"footnotes":""},"_links":{"self":[{"href":"https:\/\/cochacashu.sandiegozooglobal.org\/es\/wp-json\/wp\/v2\/pages\/2763\/"}],"collection":[{"href":"https:\/\/cochacashu.sandiegozooglobal.org\/es\/wp-json\/wp\/v2\/pages\/"}],"about":[{"href":"https:\/\/cochacashu.sandiegozooglobal.org\/es\/wp-json\/wp\/v2\/types\/page\/"}],"author":[{"embeddable":true,"href":"https:\/\/cochacashu.sandiegozooglobal.org\/es\/wp-json\/wp\/v2\/users\/1\/"}],"replies":[{"embeddable":true,"href":"https:\/\/cochacashu.sandiegozooglobal.org\/es\/wp-json\/wp\/v2\/comments\/?post=2763"}],"version-history":[{"count":3,"href":"https:\/\/cochacashu.sandiegozooglobal.org\/es\/wp-json\/wp\/v2\/pages\/2763\/revisions\/"}],"predecessor-version":[{"id":3595,"href":"https:\/\/cochacashu.sandiegozooglobal.org\/es\/wp-json\/wp\/v2\/pages\/2763\/revisions\/3595\/"}],"wp:attachment":[{"href":"https:\/\/cochacashu.sandiegozooglobal.org\/es\/wp-json\/wp\/v2\/media\/?parent=2763"}],"curies":[{"name":"wp","href":"https:\/\/api.w.org\/{rel}","templated":true}]}}