{"id":2766,"date":"2018-07-04T00:24:44","date_gmt":"2018-07-04T00:24:44","guid":{"rendered":"https:\/\/cochacashu.sandiegozooglobal.org\/?page_id=2766"},"modified":"2018-07-09T16:40:28","modified_gmt":"2018-07-09T16:40:28","slug":"asistentes-de-investigacion","status":"publish","type":"page","link":"https:\/\/cochacashu.sandiegozooglobal.org\/es\/asistentes-de-investigacion\/","title":{"rendered":"Asistentes de Investigaci\u00f3n"},"content":{"rendered":"<p>Si necesita ayuda para localizar a un estudiante interesado, le recomendamos publicar un anuncio de trabajo en los servidores de noticias de las siguientes universidades peruanas:<\/p>\n<p><span style=\"color: #008000;\"><span style=\"color: #3366ff;\"><a href=\"http:\/\/www.lamolina.edu.pe\">Universidad Nacional Agraria La Molina<\/a>, <\/span><\/span><\/p>\n<p><span style=\"color: #008000;\"><span style=\"color: #3366ff;\"><a href=\"http:\/\/www.unsaac.edu.pe\">Universidad Nacional de San Antonio Abad del Cusco<\/a>, <\/span><\/span><\/p>\n<p><span style=\"color: #008000;\"><span style=\"color: #3366ff;\"><a href=\"http:\/\/www.unmsm.edu.pe\">Universidad Nacional Mayor de San Marcos<\/a>, <\/span><\/span><\/p>\n<p><span style=\"color: #008000;\"><span style=\"color: #3366ff;\"><a href=\"http:\/\/www.unsa.edu.pe\">Universidad Nacional de San Agustin<\/a>, <\/span><\/span><\/p>\n<p><span style=\"color: #008000;\"><span style=\"color: #3366ff;\"><a href=\"http:\/\/www.urp.edu.pe\">Universidad Ricardo Palma<\/a>, <\/span><\/span><\/p>\n<p><span style=\"color: #008000;\"><span style=\"color: #3366ff;\"><a href=\"http:\/\/www.upch.edu.pe\">Universidad Peruana Cayetano Heredia<\/a>.<\/span><\/span><\/p>\n<p style=\"text-align: justify;\"><span style=\"color: #008000;\"><span style=\"color: #000000;\">Los nombres, edades, afiliaci\u00f3n institucional, y los n\u00fameros de identificaci\u00f3n (DNI) de todos los peruanos asistentes y colaboradores deben ser incluidos en su solicitud los documentos. Los asistentes pueden trabajar a tiempo completo con el investigador principal del proyecto, o permite un tiempo libre para proponer un proyecto<\/span> <span style=\"color: #000000;\">independiente. A menudo, estos proyectos independientes pueden conducir a una investigaci\u00f3n para obtener t\u00edtulo de Licenciatura o tesis en los a\u00f1os subsiguientes.<\/span><\/span><\/p>\n<p style=\"text-align: justify;\"><em>Foto: Dano Grayson<\/em><\/p>\n<p style=\"text-align: justify;\"><a href=\"https:\/\/cochacashu.sandiegozooglobal.org\/wp-content\/uploads\/2012\/01\/10411155_584722845424_7987854870448525176_n.jpg\"><img decoding=\"async\" loading=\"lazy\" class=\"aligncenter size-full wp-image-1964\" src=\"https:\/\/cochacashu.sandiegozooglobal.org\/wp-content\/uploads\/2012\/01\/10411155_584722845424_7987854870448525176_n.jpg\" alt=\"10411155_584722845424_7987854870448525176_n\" width=\"640\" height=\"640\" srcset=\"https:\/\/cochacashu.sandiegozooglobal.org\/wp-content\/uploads\/2012\/01\/10411155_584722845424_7987854870448525176_n.jpg 640w, https:\/\/cochacashu.sandiegozooglobal.org\/wp-content\/uploads\/2012\/01\/10411155_584722845424_7987854870448525176_n-150x150.jpg 150w, https:\/\/cochacashu.sandiegozooglobal.org\/wp-content\/uploads\/2012\/01\/10411155_584722845424_7987854870448525176_n-300x300.jpg 300w\" sizes=\"(max-width: 640px) 100vw, 640px\" \/><\/a><\/p>\n<p>&nbsp;<\/p>\n","protected":false},"excerpt":{"rendered":"<p>Si necesita ayuda para localizar a un estudiante interesado, le recomendamos publicar un anuncio de trabajo en los servidores de noticias de las siguientes universidades peruanas: Universidad Nacional Agraria La Molina, Universidad Nacional de San Antonio Abad del Cusco, Universidad &hellip; <a href=\"https:\/\/cochacashu.sandiegozooglobal.org\/es\/asistentes-de-investigacion\/\">Sigue leyendo <span class=\"meta-nav\">&rarr;<\/span><\/a><\/p>\n","protected":false},"author":1,"featured_media":0,"parent":0,"menu_order":0,"comment_status":"closed","ping_status":"closed","template":"","meta":{"_mi_skip_tracking":false,"_exactmetrics_sitenote_active":false,"_exactmetrics_sitenote_note":"","_exactmetrics_sitenote_category":0,"footnotes":""},"_links":{"self":[{"href":"https:\/\/cochacashu.sandiegozooglobal.org\/es\/wp-json\/wp\/v2\/pages\/2766\/"}],"collection":[{"href":"https:\/\/cochacashu.sandiegozooglobal.org\/es\/wp-json\/wp\/v2\/pages\/"}],"about":[{"href":"https:\/\/cochacashu.sandiegozooglobal.org\/es\/wp-json\/wp\/v2\/types\/page\/"}],"author":[{"embeddable":true,"href":"https:\/\/cochacashu.sandiegozooglobal.org\/es\/wp-json\/wp\/v2\/users\/1\/"}],"replies":[{"embeddable":true,"href":"https:\/\/cochacashu.sandiegozooglobal.org\/es\/wp-json\/wp\/v2\/comments\/?post=2766"}],"version-history":[{"count":1,"href":"https:\/\/cochacashu.sandiegozooglobal.org\/es\/wp-json\/wp\/v2\/pages\/2766\/revisions\/"}],"predecessor-version":[{"id":2769,"href":"https:\/\/cochacashu.sandiegozooglobal.org\/es\/wp-json\/wp\/v2\/pages\/2766\/revisions\/2769\/"}],"wp:attachment":[{"href":"https:\/\/cochacashu.sandiegozooglobal.org\/es\/wp-json\/wp\/v2\/media\/?parent=2766"}],"curies":[{"name":"wp","href":"https:\/\/api.w.org\/{rel}","templated":true}]}}