{"id":2770,"date":"2018-07-04T00:25:38","date_gmt":"2018-07-04T00:25:38","guid":{"rendered":"https:\/\/cochacashu.sandiegozooglobal.org\/?page_id=2770"},"modified":"2018-07-09T17:12:17","modified_gmt":"2018-07-09T17:12:17","slug":"comunicacion-de-ciencia","status":"publish","type":"page","link":"https:\/\/cochacashu.sandiegozooglobal.org\/es\/comunicacion-de-ciencia\/","title":{"rendered":"Comunicaci\u00f3n de Ciencia"},"content":{"rendered":"<p style=\"text-align: justify;\">Estamos tratando de cerrar la brecha entre los investigadores y los actores locales \/ nacionales, sintetizando los mensajes principales\u00a0que surgen de la investigaci\u00f3n de campo, asegurando que\u00a0\u00e9stos son digerible y f\u00e1cilmente disponibles, y enfatizar\u00a0su importancia para la ecolog\u00eda tropical y \/ o la conservaci\u00f3n y manejo de \u00e1reas protegidas.<\/p>\n<p style=\"text-align: justify;\">Como investigador prospectivo en la Estaci\u00f3n Biol\u00f3gica Cocha Cashu, queremos informarte\u00a0que el seguimiento de su visita incluye una encuesta que debe ser completada dentro de los dos meses siguientes a su salida de la estaci\u00f3n, sobre la naturaleza y el prop\u00f3sito de su investigaci\u00f3n. La informaci\u00f3n que proporciones puede ser traducido y \/ o hecha p\u00fablica en materias relacionadas con la estaci\u00f3n, incluyendo boletines, informes, medios de comunicaci\u00f3n social, y otros.<\/p>\n<p style=\"text-align: justify;\">En lugar de una gran cantidad de detalles t\u00e9cnicos, estamos buscando lenguaje concisa, sencillo, y claro, que puede ser entendido por los no expertos. Vamos a proporcionar tu direcci\u00f3n de correo electr\u00f3nico en caso de que los lectores quieren m\u00e1s informaci\u00f3n sobre m\u00e9todos y estad\u00edsticas, etc.<\/p>\n<p style=\"text-align: justify;\">Tambi\u00e9n te pediremos que nos env\u00edes una foto de ti mismo (retrato) ; una foto relacionada con tus m\u00e9todos \/ trabajo de campo; y una foto relacionada con tu organismo de estudio (el h\u00e1bitat si no el propio organismo), con cr\u00e9ditos de las fotos.<\/p>\n<p style=\"text-align: justify;\">Por \u00faltimo, aunque esto es opcional, le animamos a hacer una presentaci\u00f3n de media hora sobre su trabajo, antes de su estancia en Cocha Cashu, a la personal de Cashu y SERNANP en Cusco. A todos nos gustar\u00eda escuchar acerca de su investigaci\u00f3n planificada. Por otra parte, una vez que su estudio est\u00e9 completo, le recomendamos que realice una presentaci\u00f3n de sus principales hallazgos en el Centro de Interpretaci\u00f3n en Cusco. Por favor,\u00a0 comunique cuanto antes para que podamos anunciar su presentaci\u00f3n y para que los estudiantes universitarios tambi\u00e9n pueden asistir. Por favor, tenga esto en cuenta a la hora de planificar su viaje; se requerir\u00e1 una ma\u00f1ana o tarde.<\/p>\n<p style=\"text-align: justify;\"><em>Foto: Fortunato Rayan<\/em><\/p>\n<p style=\"text-align: justify;\"><a href=\"https:\/\/cochacashu.sandiegozooglobal.org\/wp-content\/uploads\/2016\/07\/caiman.jpg\"><img decoding=\"async\" loading=\"lazy\" class=\"aligncenter size-full wp-image-1966\" src=\"https:\/\/cochacashu.sandiegozooglobal.org\/wp-content\/uploads\/2016\/07\/caiman.jpg\" alt=\"caiman\" width=\"800\" height=\"425\" srcset=\"https:\/\/cochacashu.sandiegozooglobal.org\/wp-content\/uploads\/2016\/07\/caiman.jpg 800w, https:\/\/cochacashu.sandiegozooglobal.org\/wp-content\/uploads\/2016\/07\/caiman-300x159.jpg 300w, https:\/\/cochacashu.sandiegozooglobal.org\/wp-content\/uploads\/2016\/07\/caiman-500x265.jpg 500w\" sizes=\"(max-width: 800px) 100vw, 800px\" \/><\/a><\/p>\n","protected":false},"excerpt":{"rendered":"<p>Estamos tratando de cerrar la brecha entre los investigadores y los actores locales \/ nacionales, sintetizando los mensajes principales\u00a0que surgen de la investigaci\u00f3n de campo, asegurando que\u00a0\u00e9stos son digerible y f\u00e1cilmente disponibles, y enfatizar\u00a0su importancia para la ecolog\u00eda tropical y &hellip; <a href=\"https:\/\/cochacashu.sandiegozooglobal.org\/es\/comunicacion-de-ciencia\/\">Sigue leyendo <span class=\"meta-nav\">&rarr;<\/span><\/a><\/p>\n","protected":false},"author":1,"featured_media":0,"parent":0,"menu_order":0,"comment_status":"closed","ping_status":"closed","template":"","meta":{"_mi_skip_tracking":false,"_exactmetrics_sitenote_active":false,"_exactmetrics_sitenote_note":"","_exactmetrics_sitenote_category":0,"footnotes":""},"_links":{"self":[{"href":"https:\/\/cochacashu.sandiegozooglobal.org\/es\/wp-json\/wp\/v2\/pages\/2770\/"}],"collection":[{"href":"https:\/\/cochacashu.sandiegozooglobal.org\/es\/wp-json\/wp\/v2\/pages\/"}],"about":[{"href":"https:\/\/cochacashu.sandiegozooglobal.org\/es\/wp-json\/wp\/v2\/types\/page\/"}],"author":[{"embeddable":true,"href":"https:\/\/cochacashu.sandiegozooglobal.org\/es\/wp-json\/wp\/v2\/users\/1\/"}],"replies":[{"embeddable":true,"href":"https:\/\/cochacashu.sandiegozooglobal.org\/es\/wp-json\/wp\/v2\/comments\/?post=2770"}],"version-history":[{"count":1,"href":"https:\/\/cochacashu.sandiegozooglobal.org\/es\/wp-json\/wp\/v2\/pages\/2770\/revisions\/"}],"predecessor-version":[{"id":2771,"href":"https:\/\/cochacashu.sandiegozooglobal.org\/es\/wp-json\/wp\/v2\/pages\/2770\/revisions\/2771\/"}],"wp:attachment":[{"href":"https:\/\/cochacashu.sandiegozooglobal.org\/es\/wp-json\/wp\/v2\/media\/?parent=2770"}],"curies":[{"name":"wp","href":"https:\/\/api.w.org\/{rel}","templated":true}]}}