{"id":2920,"date":"2018-07-04T04:20:00","date_gmt":"2018-07-04T04:20:00","guid":{"rendered":"https:\/\/cochacashu.sandiegozooglobal.org\/?page_id=2920"},"modified":"2018-07-12T20:11:33","modified_gmt":"2018-07-12T20:11:33","slug":"nuestro-mision","status":"publish","type":"page","link":"https:\/\/cochacashu.sandiegozooglobal.org\/es\/nuestro-mision\/","title":{"rendered":"Nuestro Misi\u00f3n"},"content":{"rendered":"<blockquote>\n<address>\u00a0<\/address>\n<address style=\"text-align: center;\"><em><span style=\"color: #000000;\">\u201c<\/span>Contribuir al conocimiento y a la conservaci\u00f3n de la diversidad biol\u00f3gica tropical,<\/em><\/address>\n<address style=\"text-align: center;\"><em>mejorando la infraestructura del sitio, educando al p\u00fablico y fortaleciendo su capacidad de conservaci\u00f3n.<\/em><\/address>\n<address style=\"text-align: center;\"><em>Adem\u00e1s, deseamos promover la investigaci\u00f3n innovadora, cient\u00edfica y de alta calidad en el \u00e1mbito local, regional, nacional e internacional<span style=\"color: #000000;\">\u201d.<\/span><\/em><\/address>\n<\/blockquote>\n<h5 style=\"text-align: right;\"><img decoding=\"async\" loading=\"lazy\" class=\"aligncenter wp-image-165 size-large\" src=\"https:\/\/cochacashu.sandiegozooglobal.org\/wp-content\/uploads\/2011\/11\/T11_0625_008-1024x576.jpg\" alt=\"\" width=\"584\" height=\"328\" srcset=\"https:\/\/cochacashu.sandiegozooglobal.org\/wp-content\/uploads\/2011\/11\/T11_0625_008-1024x576.jpg 1024w, https:\/\/cochacashu.sandiegozooglobal.org\/wp-content\/uploads\/2011\/11\/T11_0625_008-300x168.jpg 300w, https:\/\/cochacashu.sandiegozooglobal.org\/wp-content\/uploads\/2011\/11\/T11_0625_008-500x281.jpg 500w, https:\/\/cochacashu.sandiegozooglobal.org\/wp-content\/uploads\/2011\/11\/T11_0625_008.jpg 1920w\" sizes=\"(max-width: 584px) 100vw, 584px\" \/><\/h5>\n<h5><em>Foto: Ken Bohn \/ SDZG<\/em><\/h5>\n<p>&nbsp;<\/p>\n","protected":false},"excerpt":{"rendered":"<p>\u00a0 \u201cContribuir al conocimiento y a la conservaci\u00f3n de la diversidad biol\u00f3gica tropical, mejorando la infraestructura del sitio, educando al p\u00fablico y fortaleciendo su capacidad de conservaci\u00f3n. Adem\u00e1s, deseamos promover la investigaci\u00f3n innovadora, cient\u00edfica y de alta calidad en el &hellip; <a href=\"https:\/\/cochacashu.sandiegozooglobal.org\/es\/nuestro-mision\/\">Sigue leyendo <span class=\"meta-nav\">&rarr;<\/span><\/a><\/p>\n","protected":false},"author":2,"featured_media":0,"parent":0,"menu_order":0,"comment_status":"closed","ping_status":"closed","template":"","meta":{"_mi_skip_tracking":false,"_exactmetrics_sitenote_active":false,"_exactmetrics_sitenote_note":"","_exactmetrics_sitenote_category":0,"footnotes":""},"_links":{"self":[{"href":"https:\/\/cochacashu.sandiegozooglobal.org\/es\/wp-json\/wp\/v2\/pages\/2920\/"}],"collection":[{"href":"https:\/\/cochacashu.sandiegozooglobal.org\/es\/wp-json\/wp\/v2\/pages\/"}],"about":[{"href":"https:\/\/cochacashu.sandiegozooglobal.org\/es\/wp-json\/wp\/v2\/types\/page\/"}],"author":[{"embeddable":true,"href":"https:\/\/cochacashu.sandiegozooglobal.org\/es\/wp-json\/wp\/v2\/users\/2\/"}],"replies":[{"embeddable":true,"href":"https:\/\/cochacashu.sandiegozooglobal.org\/es\/wp-json\/wp\/v2\/comments\/?post=2920"}],"version-history":[{"count":4,"href":"https:\/\/cochacashu.sandiegozooglobal.org\/es\/wp-json\/wp\/v2\/pages\/2920\/revisions\/"}],"predecessor-version":[{"id":3203,"href":"https:\/\/cochacashu.sandiegozooglobal.org\/es\/wp-json\/wp\/v2\/pages\/2920\/revisions\/3203\/"}],"wp:attachment":[{"href":"https:\/\/cochacashu.sandiegozooglobal.org\/es\/wp-json\/wp\/v2\/media\/?parent=2920"}],"curies":[{"name":"wp","href":"https:\/\/api.w.org\/{rel}","templated":true}]}}