{"id":2922,"date":"2018-07-04T04:00:41","date_gmt":"2018-07-04T04:00:41","guid":{"rendered":"https:\/\/cochacashu.sandiegozooglobal.org\/?page_id=2922"},"modified":"2018-07-13T17:40:42","modified_gmt":"2018-07-13T17:40:42","slug":"porque-cocha-cashu","status":"publish","type":"page","link":"https:\/\/cochacashu.sandiegozooglobal.org\/es\/porque-cocha-cashu\/","title":{"rendered":"\u00bfPorqu\u00e9 Hacer Investigaci\u00f3n en Cocha Cashu?"},"content":{"rendered":"<ol>\n<li>\n<div style=\"text-align: justify;\">Porque vas a tener la oportunidad de estudiar la naturaleza en un lugar en d\u00f3nde la naturaleza no ha sido perturbada, y en el cual se proveer\u00e1 al investigador las facilidades necesarias para el acceso a la zona, que cuenta con una infraestructura adecuada.<\/div>\n<\/li>\n<li style=\"text-align: justify;\">Porque vas a estar rodeado de una diversidad inigualable de plantas y animales (desde hongos, jaguares y nutrias gigantes), de h\u00e1bitats acu\u00e1ticos y terrestres (desde llanuras aluviales, colinas bajas y lagunas de aguas blancas) as\u00ed como de una gran variedad de culturas.<\/li>\n<li style=\"text-align: justify;\">Porque puedes aprovechar la infraestructura para la investigaci\u00f3n que posee Cocha Cashu para realizar tu investigaci\u00f3n, ayudando as\u00ed a construir un nuevo y brillante futuro para la Cocha Cashu.<\/li>\n<li style=\"text-align: justify;\">Porque puedes contribuir a una mejor comprensi\u00f3n, manejo y conservaci\u00f3n de la biodiversidad y el proceso natural del Parque Nacional del Manu y el de los bosques tropicales.<\/li>\n<li style=\"text-align: justify;\">Porque puedes disfrutar de la camarader\u00eda y de un intercambio altamente productivo de ideas y creatividad, con ideas similares, y a veces diferentes opiniones que har\u00e1n m\u00e1s gratificante tu experiencia lo que ayudar\u00e1 a potenciar tu investigaci\u00f3n.<\/li>\n<li style=\"text-align: justify;\">Porque puedes aprender de ti mismo en un lugar que no tiene las distracciones de la civilizaci\u00f3n, adem\u00e1s puedes reconectarte con la naturaleza en un nivel mucho m\u00e1s profundo de lo que alguna vez so\u00f1aste.<\/li>\n<li style=\"text-align: justify;\">Porque definitivamente vas a quedar encantado por una genuina y r\u00fastica experiencia en un lugar que cuenta con los servicios b\u00e1sicos.<\/li>\n<li style=\"text-align: justify;\">Porque puedes ayudarnos a repotenciar las salidas de campo en un momento en el que \u00e9stas podr\u00edan quedar en el olvido.<\/li>\n<li style=\"text-align: justify;\">Porque puedes formar parte del legado de Cocha Cashu y unirte a m\u00e1s de cuatro d\u00e9cadas de historia.<\/li>\n<li style=\"text-align: justify;\">Y porque no tienes que preocuparte por tu comida, ya que alguien m\u00e1s cocina! (la mayor parte del tiempo).<\/li>\n<\/ol>\n<p><em>Foto: Frank Hajek<\/em><\/p>\n<p><img decoding=\"async\" loading=\"lazy\" class=\"aligncenter wp-image-274 size-large\" src=\"https:\/\/cochacashu.sandiegozooglobal.org\/wp-content\/uploads\/2011\/12\/AN19_Capitulo1-1024x678.jpg\" alt=\"\" width=\"584\" height=\"386\" srcset=\"https:\/\/cochacashu.sandiegozooglobal.org\/wp-content\/uploads\/2011\/12\/AN19_Capitulo1-1024x678.jpg 1024w, https:\/\/cochacashu.sandiegozooglobal.org\/wp-content\/uploads\/2011\/12\/AN19_Capitulo1-300x198.jpg 300w, https:\/\/cochacashu.sandiegozooglobal.org\/wp-content\/uploads\/2011\/12\/AN19_Capitulo1-452x300.jpg 452w, https:\/\/cochacashu.sandiegozooglobal.org\/wp-content\/uploads\/2011\/12\/AN19_Capitulo1.jpg 1205w\" sizes=\"(max-width: 584px) 100vw, 584px\" \/><\/p>\n","protected":false},"excerpt":{"rendered":"<p>Porque vas a tener la oportunidad de estudiar la naturaleza en un lugar en d\u00f3nde la naturaleza no ha sido perturbada, y en el cual se proveer\u00e1 al investigador las facilidades necesarias para el acceso a la zona, que cuenta &hellip; <a href=\"https:\/\/cochacashu.sandiegozooglobal.org\/es\/porque-cocha-cashu\/\">Sigue leyendo <span class=\"meta-nav\">&rarr;<\/span><\/a><\/p>\n","protected":false},"author":1,"featured_media":0,"parent":0,"menu_order":0,"comment_status":"closed","ping_status":"closed","template":"","meta":{"_mi_skip_tracking":false,"_exactmetrics_sitenote_active":false,"_exactmetrics_sitenote_note":"","_exactmetrics_sitenote_category":0,"footnotes":""},"_links":{"self":[{"href":"https:\/\/cochacashu.sandiegozooglobal.org\/es\/wp-json\/wp\/v2\/pages\/2922\/"}],"collection":[{"href":"https:\/\/cochacashu.sandiegozooglobal.org\/es\/wp-json\/wp\/v2\/pages\/"}],"about":[{"href":"https:\/\/cochacashu.sandiegozooglobal.org\/es\/wp-json\/wp\/v2\/types\/page\/"}],"author":[{"embeddable":true,"href":"https:\/\/cochacashu.sandiegozooglobal.org\/es\/wp-json\/wp\/v2\/users\/1\/"}],"replies":[{"embeddable":true,"href":"https:\/\/cochacashu.sandiegozooglobal.org\/es\/wp-json\/wp\/v2\/comments\/?post=2922"}],"version-history":[{"count":2,"href":"https:\/\/cochacashu.sandiegozooglobal.org\/es\/wp-json\/wp\/v2\/pages\/2922\/revisions\/"}],"predecessor-version":[{"id":3242,"href":"https:\/\/cochacashu.sandiegozooglobal.org\/es\/wp-json\/wp\/v2\/pages\/2922\/revisions\/3242\/"}],"wp:attachment":[{"href":"https:\/\/cochacashu.sandiegozooglobal.org\/es\/wp-json\/wp\/v2\/media\/?parent=2922"}],"curies":[{"name":"wp","href":"https:\/\/api.w.org\/{rel}","templated":true}]}}