{"id":2928,"date":"2018-07-04T04:05:33","date_gmt":"2018-07-04T04:05:33","guid":{"rendered":"https:\/\/cochacashu.sandiegozooglobal.org\/?page_id=2928"},"modified":"2019-05-31T20:44:25","modified_gmt":"2019-05-31T20:44:25","slug":"introduciendo-cocha-cashu","status":"publish","type":"page","link":"https:\/\/cochacashu.sandiegozooglobal.org\/es\/introduciendo-cocha-cashu\/","title":{"rendered":"Introduciendo Cocha Cashu"},"content":{"rendered":"<p><span style=\"color: #000000;\">La Estaci\u00f3n Biol\u00f3gica de Cocha Cashu (EBCC) es una estaci\u00f3n de ecolog\u00eda de campo tropical de renombre internacional e importancia para la comprensi\u00f3n y la preservaci\u00f3n de la biodiversidad tropical. Es una de las zonas m\u00e1s productivas del mundo cient\u00edfico y, sin duda, uno de los sitios de bosques neotropicales m\u00e1s estudiados. Situado en el Parque Nacional del Manu, en el sureste de Per\u00fa, Cocha Cashu puede ofrecer una visi\u00f3n de lo que las comunidades de mam\u00edferos como eran mucho antes que ingresara el hombre. El sitio se ha mantenido libre de caza sistem\u00e1tica desde 1970, cuando los in<img decoding=\"async\" loading=\"lazy\" class=\"alignleft size-medium wp-image-265\" title=\"\" src=\"https:\/\/cochacashu.sandiegozooglobal.org\/wp-content\/uploads\/2011\/12\/AN99_Capitulo1-300x198.jpg\" alt=\"\" width=\"300\" height=\"198\" srcset=\"https:\/\/cochacashu.sandiegozooglobal.org\/wp-content\/uploads\/2011\/12\/AN99_Capitulo1-300x198.jpg 300w, https:\/\/cochacashu.sandiegozooglobal.org\/wp-content\/uploads\/2011\/12\/AN99_Capitulo1-1024x677.jpg 1024w, https:\/\/cochacashu.sandiegozooglobal.org\/wp-content\/uploads\/2011\/12\/AN99_Capitulo1-453x300.jpg 453w, https:\/\/cochacashu.sandiegozooglobal.org\/wp-content\/uploads\/2011\/12\/AN99_Capitulo1.jpg 1208w\" sizes=\"(max-width: 300px) 100vw, 300px\" \/>vestigadores comenzaron a ocupar la zona. Con una gama completa de depredadores, grandes dispersores de semillas, y comedores de semillas, la EBCC ofrece oportunidades sin rival para el estudio de los procesos de la naturaleza en gran medida inalterada por el hombre. Se ofrece una muy importante l\u00ednea de base, un punto de referencia para las comparaciones cient\u00edficas. La lejan\u00eda de Cocha Cashu hace que sea especialmente valioso para la investigaci\u00f3n sobre el cambio clim\u00e1tico porque, a diferencia de muchos otros sitios de estudio, la zona est\u00e1 relativamente libre de otros efectos antropog\u00e9nicos que pueden confundir los resultados. El valor de Cocha Cashu y el parque que lo abarca como un paisaje de referencia es probable que aumente a medida que m\u00e1s de la selva tropical vecina se pierda o se degrade.<br \/>\n<\/span><\/p>\n<p><span style=\"color: #000000;\">Cocha Cashu ha albergado a investigadores de todo el mundo en una variedad de disciplinas, generando mas de 770 publicaciones cient\u00edficas. El Dr. John Terborgh, profesor de Ciencias Ambientales de Duke University y una eminente autoridad en ecolog\u00eda tropical, oper\u00f3 la estaci\u00f3n, bajo los auspicios del gobierno peruano, por m\u00e1s de 30 a\u00f1os, y personalmente llev\u00f3 a cabo investigaci\u00f3n sobre temas tan diversos como los primates, aves, jaguares y la composici\u00f3n del bosque.<\/span><\/p>\n<p><span style=\"color: #000000;\"><img decoding=\"async\" loading=\"lazy\" class=\"alignleft wp-image-2468 size-medium\" src=\"https:\/\/cochacashu.sandiegozooglobal.org\/wp-content\/uploads\/2011\/12\/GBMF_logo_PMS342-300x116.jpg\" alt=\"\" width=\"300\" height=\"116\" srcset=\"https:\/\/cochacashu.sandiegozooglobal.org\/wp-content\/uploads\/2011\/12\/GBMF_logo_PMS342-300x116.jpg 300w, https:\/\/cochacashu.sandiegozooglobal.org\/wp-content\/uploads\/2011\/12\/GBMF_logo_PMS342-500x193.jpg 500w, https:\/\/cochacashu.sandiegozooglobal.org\/wp-content\/uploads\/2011\/12\/GBMF_logo_PMS342.jpg 1003w\" sizes=\"(max-width: 300px) 100vw, 300px\" \/>Hoy en d\u00eda, Cocha Cashu est\u00e1 bajo nueva direcci\u00f3n. A principios de 2011, San Diego Zoo Global y el Servicio Nacional de \u00c1reas Naturales Protegidas (SERNANP) firmaron un Memorando de entendimiento de diez a\u00f1os, lanzando una nueva era para Cocha Cashu. Al invertir en infraestructura, log\u00edstica, educaci\u00f3n y capacidad cient\u00edfica, vamos a crear un terreno f\u00e9rtil para que la EBCC alcanca su pleno potencial como un sitio de estudio, maximizando su contribuci\u00f3n cient\u00edfica al conocimiento y manejo de los ecosistemas tropicales. La Estaci\u00f3n es apoyado por los recursos del Zool\u00f3gico de San Diego Global, y fue financiado en parte por la Fundaci\u00f3n de Gordon y Betty Moore. Varios otros donantes han proporcionado apoyo adicional. En particular, agradecemos a la familia de Condon, la familia Resch, y la familia Karp. Damos la bienvenida a nuevos seguidores en cualquier nivel; las donaciones designados a ayudarnos con el costo de operaci\u00f3n de la estaci\u00f3n se pueden hacer directamente <a href=\"https:\/\/secure3.convio.net\/sdzoo\/site\/Donation2;jsessionid=00000000.app30133a?idb=1474525698&amp;df_id=14186&amp;mfc_pref=T&amp;14186.donation=form1&amp;NONCE_TOKEN=CB0F03DF39E76C7DBED1EF13E4FDCC0B&amp;14186_donation=form1\">aqui<\/a>. <\/span><\/p>\n<p><span style=\"color: #000000;\">El principal objetivo de la investigaci\u00f3n en la EBCC es adquirir conocimientos sobre los procesos ecol\u00f3gicos y biol\u00f3gicos que ocurren en el bosque tropical de la Amazon\u00eda del Sur Este. Este conocimiento proporciona la informaci\u00f3n necesaria para la mejor gesti\u00f3n de las \u00e1reas, as\u00ed como las directrices para el uso racional de los recursos naturales. Consideramos que todos los tipos de investigaci\u00f3n biol\u00f3gica y la conservaci\u00f3n de los recursos naturales son una prioridad para las \u00e1reas protegidas y, por tanto, \u00fatil para la gesti\u00f3n del parque. Para facilitar esto, vamos a mantener el car\u00e1cter de la Estaci\u00f3n rustico y eficiente, mientras se realizan mejoras modestas a las instalaciones para fomentar el uso m\u00e1s importante y sostenido por los investigadores que persiguen las preguntas clave de la investigaci\u00f3n.<\/span><\/p>\n","protected":false},"excerpt":{"rendered":"<p>La Estaci\u00f3n Biol\u00f3gica de Cocha Cashu (EBCC) es una estaci\u00f3n de ecolog\u00eda de campo tropical de renombre internacional e importancia para la comprensi\u00f3n y la preservaci\u00f3n de la biodiversidad tropical. Es una de las zonas m\u00e1s productivas del mundo cient\u00edfico &hellip; <a href=\"https:\/\/cochacashu.sandiegozooglobal.org\/es\/introduciendo-cocha-cashu\/\">Sigue leyendo <span class=\"meta-nav\">&rarr;<\/span><\/a><\/p>\n","protected":false},"author":1,"featured_media":0,"parent":0,"menu_order":0,"comment_status":"closed","ping_status":"closed","template":"","meta":{"_mi_skip_tracking":false,"_exactmetrics_sitenote_active":false,"_exactmetrics_sitenote_note":"","_exactmetrics_sitenote_category":0,"footnotes":""},"_links":{"self":[{"href":"https:\/\/cochacashu.sandiegozooglobal.org\/es\/wp-json\/wp\/v2\/pages\/2928\/"}],"collection":[{"href":"https:\/\/cochacashu.sandiegozooglobal.org\/es\/wp-json\/wp\/v2\/pages\/"}],"about":[{"href":"https:\/\/cochacashu.sandiegozooglobal.org\/es\/wp-json\/wp\/v2\/types\/page\/"}],"author":[{"embeddable":true,"href":"https:\/\/cochacashu.sandiegozooglobal.org\/es\/wp-json\/wp\/v2\/users\/1\/"}],"replies":[{"embeddable":true,"href":"https:\/\/cochacashu.sandiegozooglobal.org\/es\/wp-json\/wp\/v2\/comments\/?post=2928"}],"version-history":[{"count":6,"href":"https:\/\/cochacashu.sandiegozooglobal.org\/es\/wp-json\/wp\/v2\/pages\/2928\/revisions\/"}],"predecessor-version":[{"id":3388,"href":"https:\/\/cochacashu.sandiegozooglobal.org\/es\/wp-json\/wp\/v2\/pages\/2928\/revisions\/3388\/"}],"wp:attachment":[{"href":"https:\/\/cochacashu.sandiegozooglobal.org\/es\/wp-json\/wp\/v2\/media\/?parent=2928"}],"curies":[{"name":"wp","href":"https:\/\/api.w.org\/{rel}","templated":true}]}}