{"id":2935,"date":"2018-07-04T04:08:46","date_gmt":"2018-07-04T04:08:46","guid":{"rendered":"https:\/\/cochacashu.sandiegozooglobal.org\/?page_id=2935"},"modified":"2021-03-12T22:14:35","modified_gmt":"2021-03-12T22:14:35","slug":"nuestro-personal","status":"publish","type":"page","link":"https:\/\/cochacashu.sandiegozooglobal.org\/es\/nuestro-personal\/","title":{"rendered":"Nuestro Personal"},"content":{"rendered":"<p style=\"text-align: left;\"><strong>Nota<\/strong>: Si deseas ponerte en contacto con un miembro de nuestro personal y hacer clic en el nombre de esa persona no funciona, por favor haga clic en el nombre con el bot\u00f3n secundario, seleccione &#8220;Copiar direcci\u00f3n de correo electr\u00f3nico&#8221; y simplemente p\u00e9guelo en la barra de destinatarios de un correo electr\u00f3nico.<\/p>\n<p style=\"text-align: left;\"><span class=\"short_text\" lang=\"es\" tabindex=\"-1\"><strong><a href=\"https:\/\/cochacashu.sandiegozooglobal.org\/wp-content\/uploads\/2011\/11\/C-Flores_bio-photo1.jpg\"><img decoding=\"async\" loading=\"lazy\" class=\"alignright wp-image-119 size-medium\" src=\"https:\/\/cochacashu.sandiegozooglobal.org\/wp-content\/uploads\/2011\/11\/C-Flores_bio-photo1-300x200.jpg\" alt=\"C-Flores_bio photo1\" width=\"300\" height=\"200\" srcset=\"https:\/\/cochacashu.sandiegozooglobal.org\/wp-content\/uploads\/2011\/11\/C-Flores_bio-photo1-300x200.jpg 300w, https:\/\/cochacashu.sandiegozooglobal.org\/wp-content\/uploads\/2011\/11\/C-Flores_bio-photo1-450x300.jpg 450w, https:\/\/cochacashu.sandiegozooglobal.org\/wp-content\/uploads\/2011\/11\/C-Flores_bio-photo1.jpg 840w\" sizes=\"(max-width: 300px) 100vw, 300px\" \/><\/a><a href=\"mailto:cflores2005@gmail.com\">Cesar Flores<\/a><\/strong><span style=\"color: #000000;\"> es Director de la Estaci\u00f3n Biol\u00f3gica Cocha Cashu. Inici\u00f3 su carrera de investigaci\u00f3n en Cocha Cashu en el a\u00f1o 1986, explorando la fenolog\u00eda de las dietas de frutas del mono ardilla. Desde entonces se ha mantenido conectado con el Parque y la estaci\u00f3n, llevando a cabo la investigaci\u00f3n de la ecolog\u00eda de las plantas, y ayudando con los programas de entrenamiento de Guardia de parque. C\u00e9sar es un ingeniero forestal certificado peruano, egresado de la Universidad Nacional Agraria La Molina (1988), con una Maestr\u00eda en Ciencias Forestales de la Yale School of Forestry &amp; Environmental Studies (1995), y actualmente trabaja en su disertaci\u00f3n de doctorado sobre la ecolog\u00eda de regeneraci\u00f3n de los bosques tropicales de cedros de tierras bajas. Sus intereses van desde el establecimiento de plantas y ecofisiolog\u00eda, interacciones insecto-planta, y los suelos tropicales, a la administraci\u00f3n \u00a0forestal de los servicios del ecosistema (siendo la eco-hidrolog\u00eda, su iniciativa m\u00e1s reciente).<\/span><\/span><\/p>\n<p style=\"text-align: left;\"><span style=\"color: #000000;\"><img decoding=\"async\" loading=\"lazy\" class=\"alignright size-medium wp-image-767\" title=\"\" src=\"https:\/\/cochacashu.sandiegozooglobal.org\/wp-content\/uploads\/2011\/11\/T11_0585_065-300x200.jpg\" alt=\"\" width=\"300\" height=\"200\" srcset=\"https:\/\/cochacashu.sandiegozooglobal.org\/wp-content\/uploads\/2011\/11\/T11_0585_065-300x200.jpg 300w, https:\/\/cochacashu.sandiegozooglobal.org\/wp-content\/uploads\/2011\/11\/T11_0585_065-1024x682.jpg 1024w, https:\/\/cochacashu.sandiegozooglobal.org\/wp-content\/uploads\/2011\/11\/T11_0585_065-450x300.jpg 450w, https:\/\/cochacashu.sandiegozooglobal.org\/wp-content\/uploads\/2011\/11\/T11_0585_065.jpg 1080w\" sizes=\"(max-width: 300px) 100vw, 300px\" \/><span style=\"color: #3366ff;\"><strong><a href=\"mailto:veronicachavezortiz@gmail.com\">Ver\u00f3nica Ch\u00e1vez<\/a><\/strong><\/span>, economista peruana, tiene una amplia experiencia en la gesti\u00f3n administrativa y log\u00edstica de la Estaci\u00f3n Biol\u00f3gica de Cocha Cashu, para la cual ha trabajado durante los \u00faltimos 17 a\u00f1os. Ella es responsable de la preparaci\u00f3n de presupuestos, coordinaci\u00f3n de los horarios de los visitantes y la log\u00edstica de viajes, compra de suministros generales y combustible, y el cumplimiento de los requisitos de muchos de los investigadores y el personal de Cocha Cashu. Tambi\u00e9n facilita el proceso vital de la obtenci\u00f3n de los permisos de investigaci\u00f3n, en estrecha colaboraci\u00f3n con el Servicio de Parques del Per\u00fa (SERNANP). Ella ama la naturaleza y se siente personalmente comprometida con la investigaci\u00f3n y la conservaci\u00f3n de la biodiversidad.<\/span><\/p>\n<p style=\"text-align: left;\"><img decoding=\"async\" loading=\"lazy\" class=\"alignleft size-medium wp-image-3641\" src=\"https:\/\/cochacashu.sandiegozooglobal.org\/wp-content\/uploads\/2020\/08\/Yeissy-300x225.jpg\" alt=\"\" width=\"300\" height=\"225\" srcset=\"https:\/\/cochacashu.sandiegozooglobal.org\/wp-content\/uploads\/2020\/08\/Yeissy-300x225.jpg 300w, https:\/\/cochacashu.sandiegozooglobal.org\/wp-content\/uploads\/2020\/08\/Yeissy-1024x768.jpg 1024w, https:\/\/cochacashu.sandiegozooglobal.org\/wp-content\/uploads\/2020\/08\/Yeissy-768x576.jpg 768w, https:\/\/cochacashu.sandiegozooglobal.org\/wp-content\/uploads\/2020\/08\/Yeissy-400x300.jpg 400w, https:\/\/cochacashu.sandiegozooglobal.org\/wp-content\/uploads\/2020\/08\/Yeissy.jpg 1300w\" sizes=\"(max-width: 300px) 100vw, 300px\" \/><a href=\"mailto:y.sarmiento@sandiegozooperu.org\"><strong>Yeissy Sarmiento<\/strong><\/a> se ha formado como bi\u00f3loga en la Universidad Nacional San Luis Gonzaga y ha realizado sus estudios de maestr\u00eda en Educaci\u00f3n Ambiental en la Universidad Federal de Rio Grande, Brasil. Durante su experiencia profesional ha estado involucrada en trabajos de conservaci\u00f3n, ya sea como voluntaria o asistente de campo.<\/p>\n<p style=\"text-align: left;\">Ha trabajado como coordinadora del programa de Educaci\u00f3n Ambiental de la ONG Neotropical Primate Conservation en escuelas de comunidades rurales que practican la conservaci\u00f3n comunitaria, en las regiones de Amazonas y San Mart\u00edn. Tambi\u00e9n ha colaborado con las Autoridades Regionales Ambientales (ARA) y nacionales (SERFOR) en el rescate, cuidado y reubicaci\u00f3n de animales silvestres procedentes del tr\u00e1fico de fauna y ha coordinado campa\u00f1as de prevenci\u00f3n sobre este tema, en medios de comunicaci\u00f3n local y centros educativos en las ciudades de Tarapoto, Pucallpa e Iquitos.<\/p>\n<p style=\"text-align: left;\">Su inter\u00e9s en convertirse en educadora ambiental parte de una diversidad de experiencias y reflexiones, con la expectativa de que la educaci\u00f3n en cualquiera de sus formas puede ser una v\u00eda de transformaci\u00f3n para la sociedad. Considera que el educador ambiental es el traductor y comunicador de los conocimientos cient\u00edficos sobre la naturaleza en lenguajes m\u00e1s simples.<\/p>\n<p style=\"text-align: left;\"><span style=\"color: #000000;\"><strong><img decoding=\"async\" loading=\"lazy\" class=\"alignleft size-medium wp-image-763\" title=\"\" src=\"https:\/\/cochacashu.sandiegozooglobal.org\/wp-content\/uploads\/2011\/11\/T11_0585_130-300x200.jpg\" alt=\"\" width=\"300\" height=\"200\" srcset=\"https:\/\/cochacashu.sandiegozooglobal.org\/wp-content\/uploads\/2011\/11\/T11_0585_130-300x200.jpg 300w, https:\/\/cochacashu.sandiegozooglobal.org\/wp-content\/uploads\/2011\/11\/T11_0585_130-1024x682.jpg 1024w, https:\/\/cochacashu.sandiegozooglobal.org\/wp-content\/uploads\/2011\/11\/T11_0585_130-450x300.jpg 450w, https:\/\/cochacashu.sandiegozooglobal.org\/wp-content\/uploads\/2011\/11\/T11_0585_130.jpg 1080w\" sizes=\"(max-width: 300px) 100vw, 300px\" \/><span style=\"color: #3366ff;\"><a href=\"mailto:rswaisgood@sandiegozoo.org\">Dr. Ron Swaisgood<\/a><\/span><\/strong> trabaja en el Zool\u00f3gico de San Diego Global como el Director de Ecolog\u00eda Animal Aplicada. Tambi\u00e9n dirige la Unidad de Conservaci\u00f3n de Panda Gigante y es el Director General Cient\u00edfico de la Estaci\u00f3n Biol\u00f3gica de Cocha Cashu en el Parque Nacional del Manu en la Amazon\u00eda peruana. Ron obtuvo una licenciatura de la Universidad de Carolina del Norte en Chapel Hill y un doctorado en comportamiento animal de la Universidad de California en Davis. <\/span><\/p>\n<p style=\"text-align: left;\"><span style=\"color: #000000;\">Entrenado como un bi\u00f3logo de campo, Ron supervisa una serie de programas cient\u00edficos de conservaci\u00f3n, principalmente en California, M\u00e9xico, China, Sud\u00e1frica y Per\u00fa. Estos incluyen (1) programas de investigaci\u00f3n ecol\u00f3gica y de comportamiento para el oso y varias otras especies de mam\u00edferos (2) programas de monitoreo poblacional y de gesti\u00f3n adaptivo para especies de aves, reptiles y anfibios locales, y (3) programas de translocaci\u00f3n \/ reintroducci\u00f3n de varias especies como las ratas canguro, b\u00fahos, c\u00f3ndores, rinocerontes, tortugas y ranas. Algunos de estos programas han perdurado durante m\u00e1s de una d\u00e9cada. En esta capacidad, el supervisa los equipos de campo en tres continentes y ha desarrollado e implementado una serie de colaboraciones internacionales. <\/span><\/p>\n<p style=\"text-align: left;\"><span style=\"color: #000000;\">La mayor parte de la experiencia de investigaci\u00f3n de Ron se centra en el uso de la teor\u00eda ecol\u00f3gica y de comportamiento para abordar las cuestiones cr\u00edticas de conservaci\u00f3n, usando la ciencia como una herramienta para la mejora del gesti\u00f3n de la conservaci\u00f3n, y con la mayor\u00eda de los proyectos enfocados en la conservaci\u00f3n de especies en un contexto m\u00e1s amplio del ecosistema. La evaluaci\u00f3n del h\u00e1bitat y en algunos casos, la restauraci\u00f3n es una parte fundamental de estos programas. Las \u00faltimas tecnolog\u00edas, que van desde collares de GPS por sat\u00e9lite hasta la vigilancia remota de v\u00eddeo, junto con los recursos extensos del laboratorio disponibles en el ICR, se emplean para responder a las preguntas clave con implicaciones ecol\u00f3gicas de conservaci\u00f3n. El programa del Zool\u00f3gico de panda gigante, dirigida por Ron, ha sido uno de los m\u00e1s grandes programas internacionales colaborativos de la ICR, con la participaci\u00f3n de asociaciones m\u00faltiples con universidades, zool\u00f3gicos, y los gobiernos. El c\u00f3ndor de California es otro ejemplo, donde esfuerzos a largo plazo, incluyendo el establecimiento de una estaci\u00f3n de campo en colaboraci\u00f3n con varias agencias mexicanas, han contribuido a la recuperaci\u00f3n de una especie en peligro de extinci\u00f3n a lo largo de gran parte de su antigua \u00e1rea de distribuci\u00f3n. M\u00e1s recientemente, el Dr. Swaisgood ha centrado cada vez m\u00e1s los esfuerzos de la divisi\u00f3n de ciencia de la conservaci\u00f3n en el Per\u00fa. Adem\u00e1s de Cocha Cashu, el supervisa un programa a gran escala de la ecolog\u00eda y conservaci\u00f3n del oso andino, en colaboraci\u00f3n con Spectacled Bear Conservation; y un programa de ecolog\u00eda de la poblaci\u00f3n amaz\u00f3nica, en colaboraci\u00f3n con WWF, dise\u00f1ado para utilizar los grandes mam\u00edferos como indicadores de la funci\u00f3n del ecosistema y para facilitar la planificaci\u00f3n de la conservaci\u00f3n y gesti\u00f3n.\u00a0\u00a0 <\/span><\/p>\n<p style=\"text-align: left;\"><img decoding=\"async\" loading=\"lazy\" class=\"alignleft wp-image-3085 size-medium\" src=\"https:\/\/cochacashu.sandiegozooglobal.org\/wp-content\/uploads\/2018\/07\/Fortunato-Rayan-Perez-200x300.jpg\" alt=\"\" width=\"200\" height=\"300\" srcset=\"https:\/\/cochacashu.sandiegozooglobal.org\/wp-content\/uploads\/2018\/07\/Fortunato-Rayan-Perez-200x300.jpg 200w, https:\/\/cochacashu.sandiegozooglobal.org\/wp-content\/uploads\/2018\/07\/Fortunato-Rayan-Perez-768x1152.jpg 768w, https:\/\/cochacashu.sandiegozooglobal.org\/wp-content\/uploads\/2018\/07\/Fortunato-Rayan-Perez-683x1024.jpg 683w, https:\/\/cochacashu.sandiegozooglobal.org\/wp-content\/uploads\/2018\/07\/Fortunato-Rayan-Perez.jpg 1920w\" sizes=\"(max-width: 200px) 100vw, 200px\" \/><\/p>\n<p style=\"text-align: left;\"><strong><a href=\"mailto:f.rayan@sandiegozooperu.org\">Fortunato Rayan Perez<\/a> <\/strong>trabaja en la Estaci\u00f3n Biol\u00f3gica Cocha Cashu desde 2009. Los primeros a\u00f1os trabaj\u00f3 como motorista, del mismo participando en diferentes proyectos que se realizaban. En el transepto del trabajo se dio cuenta que estaba en un para\u00edso de flora y fauna silvestre, y en eso despert\u00f3 su pasi\u00f3n por la fotograf\u00eda, porque la fotograf\u00eda es un instrumento muy importante para hacer llegar im\u00e1genes del mundo natural al gran p\u00fablico en general. El cree que es un instrumento que se complementa con el labor que realizan los cient\u00edficos, del mismo modo ver que las im\u00e1genes llegan a la gente y por otro lado ver que tus im\u00e1genes pone su granito de arena para contribuir a la protecci\u00f3n de la naturaleza. Desde 2016, Fortunato ocupa el cargo de Asistente de Administraci\u00f3n en la Estaci\u00f3n Biol\u00f3gica Cocha Cashu.<\/p>\n<p style=\"text-align: left;\"><strong><img decoding=\"async\" loading=\"lazy\" class=\"alignright wp-image-3083 size-large\" src=\"https:\/\/cochacashu.sandiegozooglobal.org\/wp-content\/uploads\/2018\/07\/Eloy-Ochoa-Nina-1024x683.jpg\" alt=\"\" width=\"584\" height=\"390\" srcset=\"https:\/\/cochacashu.sandiegozooglobal.org\/wp-content\/uploads\/2018\/07\/Eloy-Ochoa-Nina-1024x683.jpg 1024w, https:\/\/cochacashu.sandiegozooglobal.org\/wp-content\/uploads\/2018\/07\/Eloy-Ochoa-Nina-300x200.jpg 300w, https:\/\/cochacashu.sandiegozooglobal.org\/wp-content\/uploads\/2018\/07\/Eloy-Ochoa-Nina-768x512.jpg 768w, https:\/\/cochacashu.sandiegozooglobal.org\/wp-content\/uploads\/2018\/07\/Eloy-Ochoa-Nina-450x300.jpg 450w, https:\/\/cochacashu.sandiegozooglobal.org\/wp-content\/uploads\/2018\/07\/Eloy-Ochoa-Nina.jpg 1620w\" sizes=\"(max-width: 584px) 100vw, 584px\" \/><a href=\"mailto:eloyochoanina@gmail.com\">Eloy Ochoa<\/a><\/strong> es cocinero profesional de aventura en la selva y tiene experiencia en el Parque Nacional del Manu desde 1997. Trabaja durante los \u00faltimos a\u00f1os para la Estaci\u00f3n Biol\u00f3gica Cocha Cashu, preparando alimentos sanos, balanceados, y nutritivos para nuestros investigadores, los estudiantes de diferentes cursos, y los trabajadores de Cocha Cashu. El forma parte de la investigaci\u00f3n y conservaci\u00f3n, y ama y protege la naturaleza.<\/p>\n<p style=\"text-align: left;\"><a href=\"http:\/\/cochacashu.sandiegozooglobal.org\/wp-content\/uploads\/2018\/12\/Mario-Cruz.jpg\"><img decoding=\"async\" loading=\"lazy\" class=\"alignnone wp-image-3320 size-large\" src=\"http:\/\/cochacashu.sandiegozooglobal.org\/wp-content\/uploads\/2018\/12\/Mario-Cruz-1024x806.jpg\" alt=\"\" width=\"584\" height=\"460\" srcset=\"https:\/\/cochacashu.sandiegozooglobal.org\/wp-content\/uploads\/2018\/12\/Mario-Cruz.jpg 1024w, https:\/\/cochacashu.sandiegozooglobal.org\/wp-content\/uploads\/2018\/12\/Mario-Cruz-300x236.jpg 300w, https:\/\/cochacashu.sandiegozooglobal.org\/wp-content\/uploads\/2018\/12\/Mario-Cruz-768x605.jpg 768w, https:\/\/cochacashu.sandiegozooglobal.org\/wp-content\/uploads\/2018\/12\/Mario-Cruz-381x300.jpg 381w\" sizes=\"(max-width: 584px) 100vw, 584px\" \/><\/a><\/p>\n<p style=\"text-align: left;\"><strong><a href=\"mailto:mchemperador2017@gmail.com\">Mario Cruz Huam\u00e1n<\/a> <\/strong>naci\u00f3 en Cusco en 1967. Actualmente trabaja en la Estaci\u00f3n Biol\u00f3gica Cocha Cashu en lo que es mantenimiento de motores y como motorista. Llego a Madre de Dios en 1978, inicio su trabajo en Puerto Mazuco, Rio Inambari, y llego a Boca Manu en 1984 trabajando como motorista para los comerciantes en la ruta Shintuya\u2013Colorado\u2013Laberinto. Mario inici\u00f3 su trabajo en turismo en 1995 en Puerto Maldonado con el Proyecto Loro para la empresa Tapir Tour. Regres\u00f3 a Boca Manu en 1996 trabajando para la empresa Manu Nature Tours hasta 1999. Tambi\u00e9n ha trabajado en las empresas Manu Ecol\u00f3gico, Inca Natura, y Crees, y ha participado en varios cursos y talleres de mec\u00e1nica.<\/p>\n<p style=\"text-align: left;\"><a href=\"http:\/\/cochacashu.sandiegozooglobal.org\/wp-content\/uploads\/2018\/12\/Maryori_cropped.jpg\"><img decoding=\"async\" loading=\"lazy\" class=\"size-medium wp-image-3328 alignleft\" src=\"http:\/\/cochacashu.sandiegozooglobal.org\/wp-content\/uploads\/2018\/12\/Maryori_cropped-207x300.jpg\" alt=\"\" width=\"207\" height=\"300\" srcset=\"https:\/\/cochacashu.sandiegozooglobal.org\/wp-content\/uploads\/2018\/12\/Maryori_cropped-207x300.jpg 207w, https:\/\/cochacashu.sandiegozooglobal.org\/wp-content\/uploads\/2018\/12\/Maryori_cropped.jpg 499w\" sizes=\"(max-width: 207px) 100vw, 207px\" \/><\/a><\/p>\n<p style=\"text-align: left;\">En las palabras de <strong><a href=\"mailto:maryoadri87@gmail.com\">Maryori Condori<\/a><\/strong>: &#8220;Realic\u00e9 mis estudios en el ISTP KHIPU, la carrera de Contabilidad. Tengo experiencia en la gesti\u00f3n administrativa, contabilidad, y tesorer\u00eda. Trabaj\u00e9 en ACCA durante 5 a\u00f1os como Asistente de Contabilidad y Tesorer\u00eda y ahora trabajo durante los \u00faltimos a\u00f1os para San Diego Zoo Global Peru, de nuevo apoyando en contabilidad y administraci\u00f3n para una buena causa. Me encanta la naturaleza, los animales, y proteger la naturaleza!<\/p>\n<div class=\"yj6qo\" style=\"text-align: left;\"><\/div>\n","protected":false},"excerpt":{"rendered":"<p>Nota: Si deseas ponerte en contacto con un miembro de nuestro personal y hacer clic en el nombre de esa persona no funciona, por favor haga clic en el nombre con el bot\u00f3n secundario, seleccione &#8220;Copiar direcci\u00f3n de correo electr\u00f3nico&#8221; &hellip; <a href=\"https:\/\/cochacashu.sandiegozooglobal.org\/es\/nuestro-personal\/\">Sigue leyendo <span class=\"meta-nav\">&rarr;<\/span><\/a><\/p>\n","protected":false},"author":2,"featured_media":0,"parent":0,"menu_order":0,"comment_status":"closed","ping_status":"closed","template":"","meta":{"_mi_skip_tracking":false,"_exactmetrics_sitenote_active":false,"_exactmetrics_sitenote_note":"","_exactmetrics_sitenote_category":0,"footnotes":""},"_links":{"self":[{"href":"https:\/\/cochacashu.sandiegozooglobal.org\/es\/wp-json\/wp\/v2\/pages\/2935\/"}],"collection":[{"href":"https:\/\/cochacashu.sandiegozooglobal.org\/es\/wp-json\/wp\/v2\/pages\/"}],"about":[{"href":"https:\/\/cochacashu.sandiegozooglobal.org\/es\/wp-json\/wp\/v2\/types\/page\/"}],"author":[{"embeddable":true,"href":"https:\/\/cochacashu.sandiegozooglobal.org\/es\/wp-json\/wp\/v2\/users\/2\/"}],"replies":[{"embeddable":true,"href":"https:\/\/cochacashu.sandiegozooglobal.org\/es\/wp-json\/wp\/v2\/comments\/?post=2935"}],"version-history":[{"count":19,"href":"https:\/\/cochacashu.sandiegozooglobal.org\/es\/wp-json\/wp\/v2\/pages\/2935\/revisions\/"}],"predecessor-version":[{"id":3653,"href":"https:\/\/cochacashu.sandiegozooglobal.org\/es\/wp-json\/wp\/v2\/pages\/2935\/revisions\/3653\/"}],"wp:attachment":[{"href":"https:\/\/cochacashu.sandiegozooglobal.org\/es\/wp-json\/wp\/v2\/media\/?parent=2935"}],"curies":[{"name":"wp","href":"https:\/\/api.w.org\/{rel}","templated":true}]}}