{"id":2938,"date":"2018-07-04T04:10:25","date_gmt":"2018-07-04T04:10:25","guid":{"rendered":"https:\/\/cochacashu.sandiegozooglobal.org\/?page_id=2938"},"modified":"2018-07-12T20:45:18","modified_gmt":"2018-07-12T20:45:18","slug":"san-diego-zoo-global-instituto-de-investigacion-para-la-conservacion","status":"publish","type":"page","link":"https:\/\/cochacashu.sandiegozooglobal.org\/es\/san-diego-zoo-global-instituto-de-investigacion-para-la-conservacion\/","title":{"rendered":"San Diego Zoo Global \/ Instituto de Investigaci\u00f3n para la Conservaci\u00f3n"},"content":{"rendered":"<p style=\"text-align: justify;\"><img decoding=\"async\" loading=\"lazy\" class=\"alignleft size-medium wp-image-289\" title=\"\" src=\"https:\/\/cochacashu.sandiegozooglobal.org\/wp-content\/uploads\/2011\/11\/Global_logo_rgb3-300x220.jpg\" alt=\"\" width=\"298\" height=\"200\" \/><a href=\"http:\/\/www.sandiegozooglobal.org\/\">San Diego Zoo Global <\/a>es una organizaci\u00f3n de conservaci\u00f3n sin fines de lucro dedicada a la ciencia de salvar especies en peligro de extinci\u00f3n en todo el mundo. San Diego Zoo Global opera tres instalaciones de clase mundial: el Zool\u00f3gico de San Diego, el San Diego Zoo Safari Park y el Instituto de Investigaci\u00f3n de Conservaci\u00f3n del Zool\u00f3gico de San Diego. Nuestro trabajo de conservaci\u00f3n se lleva a cabo en estos tres campus, y se extiende a m\u00e1s de 100 proyectos de conservaci\u00f3n en 35 pa\u00edses. Nuestro enfoque \u00fanico y centrado une a las personas y grupos para colaborar en las soluciones, y tomamos un enfoque innovador y multidisciplinario para algunos de los desaf\u00edos de conservaci\u00f3n m\u00e1s dif\u00edciles de nuestro tiempo.<\/p>\n<p style=\"text-align: justify;\"><span style=\"color: #000000;\">Nuestros investigadores de campo trabajan con la poblaci\u00f3n local, colegas cient\u00edficos de conservaci\u00f3n, organizaciones asociadas, y organismos gubernamentales para lograr los objetivos de conservaci\u00f3n de vida silvestre. Un objetivo importante es apoyar y formar a los cient\u00edficos locales y los gestores de la conservaci\u00f3n para mejorar la administraci\u00f3n de las especies amenazadas y sus h\u00e1bitats.<\/span><\/p>\n<p><strong>Misi\u00f3n<\/strong><\/p>\n<p style=\"text-align: justify;\">San Diego Zoo Global\u00a0se ha comprometido a salvar especies en todo el mundo mediante la uni\u00f3n de nuestra experiencia en el cuidado de los animales y la ciencia de la conservaci\u00f3n con nuestra dedicaci\u00f3n a inspirar pasi\u00f3n por la naturaleza.<\/p>\n<p><strong>Visi\u00f3n<\/strong><\/p>\n<p>Vamos a liderar la lucha contra la extinci\u00f3n.<\/p>\n<p><a href=\"https:\/\/cochacashu.sandiegozooglobal.org\/wp-content\/uploads\/2011\/11\/ICR_logo_rgb.jpeg\"><img decoding=\"async\" loading=\"lazy\" class=\"alignleft wp-image-279 size-medium\" src=\"https:\/\/cochacashu.sandiegozooglobal.org\/wp-content\/uploads\/2011\/11\/ICR_logo_rgb-300x220.jpg\" alt=\"ICR_logo_rgb\" width=\"300\" height=\"220\" srcset=\"https:\/\/cochacashu.sandiegozooglobal.org\/wp-content\/uploads\/2011\/11\/ICR_logo_rgb-300x220.jpg 300w, https:\/\/cochacashu.sandiegozooglobal.org\/wp-content\/uploads\/2011\/11\/ICR_logo_rgb-407x300.jpg 407w, https:\/\/cochacashu.sandiegozooglobal.org\/wp-content\/uploads\/2011\/11\/ICR_logo_rgb.jpeg 409w\" sizes=\"(max-width: 300px) 100vw, 300px\" \/><\/a><\/p>\n<p style=\"text-align: justify;\"><a href=\"http:\/\/institute.sandiegozoo.org\/\">El Instituto de Investigaci\u00f3n para la Conservaci\u00f3n<\/a>\u00a0tiene como misi\u00f3n reunir, compartir y aplicar el conocimiento cient\u00edfico fundamental para la conservaci\u00f3n de los animales, plantas y h\u00e1bitats en todo el mundo. El ICR es el m\u00e1s grande del mundo con base en el zool\u00f3gico equipo multidisciplinario de investigaci\u00f3n, con m\u00e1s de 150 cient\u00edficos, investigadores, t\u00e9cnicos, becarios post-doctorales y personal de apoyo, y m\u00e1s de 100 programas de conservaci\u00f3n de campo en m\u00e1s de 35 pa\u00edses. Los programas atienden las necesidades biol\u00f3gicas de la especie objetivo, la conservaci\u00f3n y restauraci\u00f3n de h\u00e1bitats cr\u00edticos, y las oportunidades de capacitaci\u00f3n para cient\u00edficos de pa\u00edses de rango y administradores de recursos:<\/p>\n<p><span style=\"color: #000000;\"><strong>Administraci\u00f3n y Operaciones<\/strong><\/span><\/p>\n<p style=\"text-align: justify;\"><span style=\"color: #000000;\">Bajo el liderazgo de la directora del Instituto\u00a0<a href=\"http:\/\/institute.sandiegozoo.org\/allison-alberts-phd\">Allison Alberts, Ph.D.<\/a>\u00a0el personal de Administraci\u00f3n y Operaciones proporcionan apoyo cr\u00edtico al equipo del Instituto de Investigaci\u00f3n de Conservaci\u00f3n del Zool\u00f3gico de San Diego en las \u00e1reas de instalaciones, finanzas, recursos humanos, desarrollo, y relaciones p\u00fablicas.<\/span><\/p>\n<p><span style=\"color: #000000;\"><strong>Ecolog\u00eda Animal Aplicada<\/strong><\/span><\/p>\n<p style=\"text-align: justify;\"><span style=\"color: #000000;\">La Divisi\u00f3n Animal Ecolog\u00eda Aplicada se centra en los programas de conservaci\u00f3n a gran escala que ayudan en la recuperaci\u00f3n de las poblaciones en peligro de extinci\u00f3n y amenazadas. Aplican los conocimientos adquiridos cient\u00edficamente del comportamiento y ecol\u00f3gicos para resolver los problemas de conservaci\u00f3n.<\/span><\/p>\n<p><span style=\"color: #000000;\"><strong>Ecolog\u00eda Vegetal Aplicada<\/strong><\/span><\/p>\n<p style=\"text-align: justify;\"><span style=\"color: #000000;\">El enfoque de la Divisi\u00f3n de Ecolog\u00eda Vegetal Aplicada es sobre la sostenibilidad y la restauraci\u00f3n de los ecosistemas nativos, la ciencia de semillas, control y gesti\u00f3n del h\u00e1bitat, las interacciones vegetal-animal, y los programas de recuperaci\u00f3n de especies de plantas raras y en peligro de extinci\u00f3n.<\/span><\/p>\n<p><span style=\"color: #000000;\"><strong>Biolog\u00eda del Comportamiento<\/strong><\/span><\/p>\n<p style=\"text-align: justify;\"><span style=\"color: #000000;\">La Divisi\u00f3n de Biolog\u00eda del Comportamiento documenta los factores responsables de la variaci\u00f3n en el \u00e9xito reproductivo de los animales. En ellos se incorpora una perspectiva multidisciplinar dise\u00f1ada para contribuir a la mejora de la gesti\u00f3n y conservaci\u00f3n de los animales y sus h\u00e1bitats.<\/span><\/p>\n<p><span style=\"color: #000000;\"><strong>Educaci\u00f3n para la Conservaci\u00f3n<\/strong><\/span><\/p>\n<p style=\"text-align: justify;\"><span style=\"color: #000000;\">Educaci\u00f3n y difusi\u00f3n son las piedras angulares esenciales de cualquier esfuerzo de conservaci\u00f3n exitosa. En el Instituto de Investigaci\u00f3n para la Conservaci\u00f3n del zool\u00f3gico de San Diego, el Centro Beckman de investigaci\u00f3n para la Conservaci\u00f3n es el \u00fanico laboratorio de educaci\u00f3n que se dedica a la conservaci\u00f3n en el mundo.<\/span><\/p>\n<p><span style=\"color: #000000;\"><strong>Gen\u00e9tica<\/strong><\/span><\/p>\n<p style=\"text-align: justify;\"><span style=\"color: #000000;\">La Divisi\u00f3n de Gen\u00e9tica desarrolla y utiliza las tecnolog\u00edas para proporcionar nuevos e importantes conocimientos pertinentes para la evaluaci\u00f3n, monitoreo y manejo de especies en peligro de extinci\u00f3n en los zool\u00f3gicos y en la naturaleza.<\/span><\/p>\n<p><span style=\"color: #000000;\"><strong>Fisiolog\u00eda Reproductiva<\/strong><\/span><\/p>\n<p style=\"text-align: justify;\"><span style=\"color: #000000;\">La Divisi\u00f3n de Fisiolog\u00eda Reproductiva aplica la ciencia y tecnolog\u00eda innovadoras para la conservaci\u00f3n de la diversidad gen\u00e9tica a trav\u00e9s de la reproducci\u00f3n mejorada de las especies en peligro de extinci\u00f3n. Cuatro \u00e1reas principales de investigaci\u00f3n apoyan esta misi\u00f3n.<\/span><\/p>\n<p><span style=\"color: #000000;\"><strong>Laboratorio de Enfermedades de Vida Silvestre<\/strong><\/span><\/p>\n<p style=\"text-align: justify;\"><span style=\"color: #000000;\">Los laboratorios de enfermedades de vida silvestre son el grupo de diagn\u00f3stico de especialidades para el zool\u00f3gico de San Diego Global. Su objetivo es ayudar a asegurar la salud y el bienestar de las poblaciones cautivas y silvestres a trav\u00e9s de investigaciones de la enfermedad multidisciplinaria y de estudios innovadores.<\/span><\/p>\n<p><span style=\"color: #000000;\"><strong>Programas Regionales de Conservaci\u00f3n<\/strong><\/span><\/p>\n<p style=\"text-align: justify;\"><span style=\"color: #000000;\">El Instituto de Investigaci\u00f3n para la Conservaci\u00f3n del Zool\u00f3gico de San Diego trabaja en m\u00e1s de 35 pa\u00edses alrededor del mundo. Los programas atienden las necesidades biol\u00f3gicas de las especies objetivo, la conservaci\u00f3n y restauraci\u00f3n de h\u00e1bitats cr\u00edticos, y las oportunidades de capacitaci\u00f3n para cient\u00edficos de pa\u00edses del \u00e1rea de distribuci\u00f3n y gestores de recursos.<\/span><\/p>\n<p><span style=\"color: #000000;\"><strong>Asociaci\u00f3n para la Conservaci\u00f3n para el Desarrollo<\/strong><\/span><\/p>\n<p style=\"text-align: justify;\"><span style=\"color: #000000;\">La Asociaci\u00f3n para la Conservaci\u00f3n de Desarrollo identifica, cultiva, y coordina las nuevas oportunidades de colaboraci\u00f3n para impulsar la misi\u00f3n del Instituto de Conservaci\u00f3n de la ciencia. Los programas actuales incluyen aplicaciones innovadoras de conocimientos multidisciplinarios del Instituto para la recuperaci\u00f3n de especies, gesti\u00f3n de becas a gran escala, transferencia de tecnolog\u00eda y la biomim\u00e9tica.<\/span><\/p>\n<p>[:]<\/p>\n","protected":false},"excerpt":{"rendered":"<p>San Diego Zoo Global es una organizaci\u00f3n de conservaci\u00f3n sin fines de lucro dedicada a la ciencia de salvar especies en peligro de extinci\u00f3n en todo el mundo. San Diego Zoo Global opera tres instalaciones de clase mundial: el Zool\u00f3gico &hellip; <a href=\"https:\/\/cochacashu.sandiegozooglobal.org\/es\/san-diego-zoo-global-instituto-de-investigacion-para-la-conservacion\/\">Sigue leyendo <span class=\"meta-nav\">&rarr;<\/span><\/a><\/p>\n","protected":false},"author":1,"featured_media":0,"parent":0,"menu_order":0,"comment_status":"closed","ping_status":"closed","template":"","meta":{"_mi_skip_tracking":false,"_exactmetrics_sitenote_active":false,"_exactmetrics_sitenote_note":"","_exactmetrics_sitenote_category":0,"footnotes":""},"_links":{"self":[{"href":"https:\/\/cochacashu.sandiegozooglobal.org\/es\/wp-json\/wp\/v2\/pages\/2938\/"}],"collection":[{"href":"https:\/\/cochacashu.sandiegozooglobal.org\/es\/wp-json\/wp\/v2\/pages\/"}],"about":[{"href":"https:\/\/cochacashu.sandiegozooglobal.org\/es\/wp-json\/wp\/v2\/types\/page\/"}],"author":[{"embeddable":true,"href":"https:\/\/cochacashu.sandiegozooglobal.org\/es\/wp-json\/wp\/v2\/users\/1\/"}],"replies":[{"embeddable":true,"href":"https:\/\/cochacashu.sandiegozooglobal.org\/es\/wp-json\/wp\/v2\/comments\/?post=2938"}],"version-history":[{"count":4,"href":"https:\/\/cochacashu.sandiegozooglobal.org\/es\/wp-json\/wp\/v2\/pages\/2938\/revisions\/"}],"predecessor-version":[{"id":3224,"href":"https:\/\/cochacashu.sandiegozooglobal.org\/es\/wp-json\/wp\/v2\/pages\/2938\/revisions\/3224\/"}],"wp:attachment":[{"href":"https:\/\/cochacashu.sandiegozooglobal.org\/es\/wp-json\/wp\/v2\/media\/?parent=2938"}],"curies":[{"name":"wp","href":"https:\/\/api.w.org\/{rel}","templated":true}]}}