{"id":2942,"date":"2018-07-04T04:11:48","date_gmt":"2018-07-04T04:11:48","guid":{"rendered":"https:\/\/cochacashu.sandiegozooglobal.org\/?page_id=2942"},"modified":"2018-07-12T20:31:25","modified_gmt":"2018-07-12T20:31:25","slug":"la-fundacion-de-cocha-cashu","status":"publish","type":"page","link":"https:\/\/cochacashu.sandiegozooglobal.org\/es\/la-fundacion-de-cocha-cashu\/","title":{"rendered":"La Fundaci\u00f3n de Cocha Cashu"},"content":{"rendered":"<p style=\"text-align: justify;\"><img decoding=\"async\" loading=\"lazy\" class=\"size-medium wp-image-271 alignleft\" src=\"https:\/\/cochacashu.sandiegozooglobal.org\/wp-content\/uploads\/2011\/12\/CC-plaque-La-Molina-and-FZS-300x204.jpg\" alt=\"\" width=\"300\" height=\"204\" srcset=\"https:\/\/cochacashu.sandiegozooglobal.org\/wp-content\/uploads\/2011\/12\/CC-plaque-La-Molina-and-FZS-300x204.jpg 300w, https:\/\/cochacashu.sandiegozooglobal.org\/wp-content\/uploads\/2011\/12\/CC-plaque-La-Molina-and-FZS-439x300.jpg 439w, https:\/\/cochacashu.sandiegozooglobal.org\/wp-content\/uploads\/2011\/12\/CC-plaque-La-Molina-and-FZS.jpg 640w\" sizes=\"(max-width: 300px) 100vw, 300px\" \/><\/p>\n<p style=\"text-align: justify;\">La idea de una estaci\u00f3n biol\u00f3gica en Cocha Cashu fue concebida por primera vez por Paul V. Pierret, el profesor de Parques Nacionales y Fauna Silvestre de la Universidad Nacional Agraria La Molina (UNALM) en Lima, a finales de 1960. Marc Dourojeanni fue su hom\u00f3logo peruano. La idea era que el Instituto de Investigaci\u00f3n Forestal (de la UNALM y del Servicio Forestal) tuviera una base cient\u00edfica en la propuesta de Parque Nacional del Manu. Fue Rudolf Hofmann (profesor visitante de la facultad), con la ayuda de Augusto Tovar y los estudiantes Manuel R\u00edos (en aquel entonces estudiante, ahora profesor) y Jaime Evans quienes construyeron la estaci\u00f3n con sus propias manos en 1969 (con fondos de la Sociedad Zool\u00f3gica de Frankfurt). Ellos contaron con el apoyo del entonces Jefe de la Reserva para el Gran Parque Nacional del Manu, el Ingeniero Carlos Linares Bensim\u00f3n (primer Jefe de \u00c1reas Protegidas del Per\u00fa), de un motorista y de un carpintero contratado en Pucallpa, y dos obreros contratados en Boca Manu. Poco despu\u00e9s, los investigadores y estudiantes de La Molina, como Rudolf Hoffmann, Augusto Tovar y Kai Otte (de la Sociedad Zool\u00f3gica de Frankfurt), llegaron a Cashu para llevar a cabo estudios sobre diversos temas, en especial sobre el caim\u00e1n negro. El parque Nacional del Manu fue establecido formalmente cuatro a\u00f1os m\u00e1s tarde, en 1973.<\/p>\n<div>\n<div style=\"text-align: justify;\">\n<p><a href=\"https:\/\/cochacashu.sandiegozooglobal.org\/wp-content\/uploads\/2012\/02\/IMG_2176.jpg\"><img decoding=\"async\" loading=\"lazy\" class=\"alignleft wp-image-1982 size-medium\" src=\"https:\/\/cochacashu.sandiegozooglobal.org\/wp-content\/uploads\/2012\/02\/IMG_2176-300x225.jpg\" alt=\"IMG_2176\" width=\"300\" height=\"225\" srcset=\"https:\/\/cochacashu.sandiegozooglobal.org\/wp-content\/uploads\/2012\/02\/IMG_2176-300x225.jpg 300w, https:\/\/cochacashu.sandiegozooglobal.org\/wp-content\/uploads\/2012\/02\/IMG_2176-1024x768.jpg 1024w, https:\/\/cochacashu.sandiegozooglobal.org\/wp-content\/uploads\/2012\/02\/IMG_2176-400x300.jpg 400w, https:\/\/cochacashu.sandiegozooglobal.org\/wp-content\/uploads\/2012\/02\/IMG_2176.jpg 1600w\" sizes=\"(max-width: 300px) 100vw, 300px\" \/><\/a>Cocha Cashu ha albergado a investigadores de todo el mundo en una variedad de disciplinas. El Dr. John Terborgh, quien es profesor de Ciencias Ambientales de la Universidad de Duke y adem\u00e1s, es una eminente autoridad en ecolog\u00eda tropical, oper\u00f3 la estaci\u00f3n (bajo los auspicios del gobierno peruano) por m\u00e1s de 30 a\u00f1os. Tambi\u00e9n el Dr. Terborgh llev\u00f3 a cabo diversos temas de investigaci\u00f3n sobre primates, aves, jaguares y composici\u00f3n del bosque. En los primeros a\u00f1os de la su gesti\u00f3n, la estaci\u00f3n original fue destruida por la ca\u00edda natural de un gran \u00e1rbol. Motivo por el cual reconstruy\u00f3 la estaci\u00f3n tomando en consideraci\u00f3n el dise\u00f1o original. Con los a\u00f1os, tanto su investigaci\u00f3n como la de los de otros investigadores han producido impresionantes trabajos, generando m\u00e1s de 750 publicaciones.<\/p>\n<p>Hoy en d\u00eda, la estaci\u00f3n est\u00e1 bajo nueva direcci\u00f3n. En el a\u00f1o 2011, el Zool\u00f3gico de San Diego firm\u00f3 un memorando de 10 a\u00f1os de Entendimiento con el Servicio Nacional de \u00c1reas Naturales Protegidas en el Per\u00fa (SERNANP), iniciando as\u00ed una nueva era para Cocha Cashu.<\/p>\n<\/div>\n<\/div>\n<p>&nbsp;<\/p>\n","protected":false},"excerpt":{"rendered":"<p>La idea de una estaci\u00f3n biol\u00f3gica en Cocha Cashu fue concebida por primera vez por Paul V. Pierret, el profesor de Parques Nacionales y Fauna Silvestre de la Universidad Nacional Agraria La Molina (UNALM) en Lima, a finales de 1960. &hellip; <a href=\"https:\/\/cochacashu.sandiegozooglobal.org\/es\/la-fundacion-de-cocha-cashu\/\">Sigue leyendo <span class=\"meta-nav\">&rarr;<\/span><\/a><\/p>\n","protected":false},"author":1,"featured_media":0,"parent":0,"menu_order":0,"comment_status":"closed","ping_status":"closed","template":"","meta":{"_mi_skip_tracking":false,"_exactmetrics_sitenote_active":false,"_exactmetrics_sitenote_note":"","_exactmetrics_sitenote_category":0,"footnotes":""},"_links":{"self":[{"href":"https:\/\/cochacashu.sandiegozooglobal.org\/es\/wp-json\/wp\/v2\/pages\/2942\/"}],"collection":[{"href":"https:\/\/cochacashu.sandiegozooglobal.org\/es\/wp-json\/wp\/v2\/pages\/"}],"about":[{"href":"https:\/\/cochacashu.sandiegozooglobal.org\/es\/wp-json\/wp\/v2\/types\/page\/"}],"author":[{"embeddable":true,"href":"https:\/\/cochacashu.sandiegozooglobal.org\/es\/wp-json\/wp\/v2\/users\/1\/"}],"replies":[{"embeddable":true,"href":"https:\/\/cochacashu.sandiegozooglobal.org\/es\/wp-json\/wp\/v2\/comments\/?post=2942"}],"version-history":[{"count":3,"href":"https:\/\/cochacashu.sandiegozooglobal.org\/es\/wp-json\/wp\/v2\/pages\/2942\/revisions\/"}],"predecessor-version":[{"id":3212,"href":"https:\/\/cochacashu.sandiegozooglobal.org\/es\/wp-json\/wp\/v2\/pages\/2942\/revisions\/3212\/"}],"wp:attachment":[{"href":"https:\/\/cochacashu.sandiegozooglobal.org\/es\/wp-json\/wp\/v2\/media\/?parent=2942"}],"curies":[{"name":"wp","href":"https:\/\/api.w.org\/{rel}","templated":true}]}}