{"id":3060,"date":"2018-07-07T19:25:19","date_gmt":"2018-07-07T19:25:19","guid":{"rendered":"https:\/\/cochacashu.sandiegozooglobal.org\/?page_id=3060"},"modified":"2020-03-25T18:32:26","modified_gmt":"2020-03-25T18:32:26","slug":"educacion-intercultural-para-la-conservacion","status":"publish","type":"page","link":"https:\/\/cochacashu.sandiegozooglobal.org\/es\/educacion-intercultural-para-la-conservacion\/","title":{"rendered":"El Programa de Visitas Escolares"},"content":{"rendered":"<p><strong>Educaci\u00f3n Intercultural para la Conservaci\u00f3n<\/strong><\/p>\n<p>La EBCC como un centro de ciencia, investigaci\u00f3n, y conocimiento, ha resonado por d\u00e9cadas entre el p\u00fablico acad\u00e9mico. No solo eso, sino que la EBCC est\u00e1 al servicio de la conservaci\u00f3n del Parque Nacional del Manu y de las poblaciones aleda\u00f1as. El PNM ha formalizado una Estrategia de Educaci\u00f3n y Comunicaci\u00f3n Ambiental, guiados por los lineamientos del Plan Nacional de Educaci\u00f3n Ambiental del Per\u00fa y apoyados por aliados como San Diego Zoo Global \u2013 Peru. As\u00ed tambi\u00e9n el PNM ha firmado un convenio tripartito con la Direcci\u00f3n Regional de Educaci\u00f3n de Madre de Dios y el Parque Nacional Alto Pur\u00fas con el fin de formalizar la colaboraci\u00f3n entre la conservaci\u00f3n y educaci\u00f3n. En este contexto, la educaci\u00f3n para la conservaci\u00f3n se convierte en una herramienta clave en la construcci\u00f3n del v\u00ednculo entre la producci\u00f3n cient\u00edfica y los conocimientos tradicionales de las comunidades locales.<\/p>\n<p><img decoding=\"async\" loading=\"lazy\" class=\"aligncenter wp-image-2520 size-full\" src=\"https:\/\/cochacashu.sandiegozooglobal.org\/wp-content\/uploads\/2014\/04\/Maisal-kids-Cesar-presentation.jpg\" alt=\"\" width=\"960\" height=\"553\" srcset=\"https:\/\/cochacashu.sandiegozooglobal.org\/wp-content\/uploads\/2014\/04\/Maisal-kids-Cesar-presentation.jpg 960w, https:\/\/cochacashu.sandiegozooglobal.org\/wp-content\/uploads\/2014\/04\/Maisal-kids-Cesar-presentation-300x172.jpg 300w, https:\/\/cochacashu.sandiegozooglobal.org\/wp-content\/uploads\/2014\/04\/Maisal-kids-Cesar-presentation-500x288.jpg 500w\" sizes=\"(max-width: 960px) 100vw, 960px\" \/><\/p>\n<p>El Programa de Educaci\u00f3n Ambiental Intercultural de la EBCC se basa en el entendimiento mutuo, el respeto por la vida, y el desarrollo del pensamiento cr\u00edtico basado en la curiosidad natural de los j\u00f3venes en edad escolar. Tiene como finalidad fortalecer los procesos educativos de las comunidades locales ubicadas dentro y fuera del Parque Nacional del Manu para formar una ciudadan\u00eda con conciencia ambiental, inter\u00e9s cient\u00edfico y participativa en la conservaci\u00f3n de los recursos naturales.<\/p>\n<p>Nuestra principal estrategia para lograr esta finalidad es la visita educativa a la EBCC, PNM. Est\u00e1 dirigida a estudiantes seleccionados por sus m\u00e9ritos de 5to y 6to grado de Primaria y 1ro, 2do y 4to grado de Secundaria de las IIEE de dentro y fuera (zona de amortiguamiento) del PNM. Ellos pasan 2 d\u00edas y 3 noches en las instalaciones de la EBCC acampando, tal como lo hacen los investigadores. Para estas visitas hemos dise\u00f1ado un programa de aprendizaje basado en dos principios fundamentales:<\/p>\n<p>1. \u00a0 \u00a0 El entendimiento y valor del ecosistema de Selva Tropical es construido desde las perspectivas cient\u00edfica y tradicional.<br \/>\n2. \u00a0 \u00a0 La participaci\u00f3n de todos los miembros de la comunidad, sean j\u00f3venes o adultos, es importante para un manejo sostenible de los recursos naturales.<\/p>\n<p>Para obtener mayor informaci\u00f3n sobre las pr\u00f3ximas actividades de nuestro programa o conocer los requisitos para participar de las visitas educativas, por favor comunicarse con <a href=\"mailto:p.arauco@sandiegozooperu.org\">Roxana Arauco Aliaga<\/a>.<\/p>\n","protected":false},"excerpt":{"rendered":"<p>Educaci\u00f3n Intercultural para la Conservaci\u00f3n La EBCC como un centro de ciencia, investigaci\u00f3n, y conocimiento, ha resonado por d\u00e9cadas entre el p\u00fablico acad\u00e9mico. No solo eso, sino que la EBCC est\u00e1 al servicio de la conservaci\u00f3n del Parque Nacional del &hellip; <a href=\"https:\/\/cochacashu.sandiegozooglobal.org\/es\/educacion-intercultural-para-la-conservacion\/\">Sigue leyendo <span class=\"meta-nav\">&rarr;<\/span><\/a><\/p>\n","protected":false},"author":2,"featured_media":0,"parent":0,"menu_order":0,"comment_status":"closed","ping_status":"closed","template":"","meta":{"_mi_skip_tracking":false,"_exactmetrics_sitenote_active":false,"_exactmetrics_sitenote_note":"","_exactmetrics_sitenote_category":0,"footnotes":""},"_links":{"self":[{"href":"https:\/\/cochacashu.sandiegozooglobal.org\/es\/wp-json\/wp\/v2\/pages\/3060\/"}],"collection":[{"href":"https:\/\/cochacashu.sandiegozooglobal.org\/es\/wp-json\/wp\/v2\/pages\/"}],"about":[{"href":"https:\/\/cochacashu.sandiegozooglobal.org\/es\/wp-json\/wp\/v2\/types\/page\/"}],"author":[{"embeddable":true,"href":"https:\/\/cochacashu.sandiegozooglobal.org\/es\/wp-json\/wp\/v2\/users\/2\/"}],"replies":[{"embeddable":true,"href":"https:\/\/cochacashu.sandiegozooglobal.org\/es\/wp-json\/wp\/v2\/comments\/?post=3060"}],"version-history":[{"count":5,"href":"https:\/\/cochacashu.sandiegozooglobal.org\/es\/wp-json\/wp\/v2\/pages\/3060\/revisions\/"}],"predecessor-version":[{"id":3571,"href":"https:\/\/cochacashu.sandiegozooglobal.org\/es\/wp-json\/wp\/v2\/pages\/3060\/revisions\/3571\/"}],"wp:attachment":[{"href":"https:\/\/cochacashu.sandiegozooglobal.org\/es\/wp-json\/wp\/v2\/media\/?parent=3060"}],"curies":[{"name":"wp","href":"https:\/\/api.w.org\/{rel}","templated":true}]}}