{"id":3111,"date":"2018-07-09T15:54:17","date_gmt":"2018-07-09T15:54:17","guid":{"rendered":"https:\/\/cochacashu.sandiegozooglobal.org\/?page_id=3111"},"modified":"2020-03-31T20:51:23","modified_gmt":"2020-03-31T20:51:23","slug":"programa-de-conservacion-lobos-de-rio","status":"publish","type":"page","link":"https:\/\/cochacashu.sandiegozooglobal.org\/es\/programa-de-conservacion-lobos-de-rio\/","title":{"rendered":"Programa de Conservaci\u00f3n Lobos de Rio"},"content":{"rendered":"\n<p>Por <a href=\"mailto:adibarocas@gmail.com\">Adi Barocas<\/a><\/p>\n\n\n<p>La nutria gigante, tambi\u00e9n conocido como el lobo de rio (<em>Pteronura brasiliensis<\/em>), es un carn\u00edvoro en peligro de extinci\u00f3n que habita en la regi\u00f3n de Madre de Dios en la cuenca amaz\u00f3nica de Per\u00fa. A pesar de la reciente recuperaci\u00f3n de sus poblaciones en algunas \u00e1reas despu\u00e9s de la prohibici\u00f3n del comercio de pieles, la especie ahora enfrenta varias amenazas emergentes que siguen siendo poco conocidas. Estos incluyen la extracci\u00f3n ilegal de oro con mercurio y el conflicto con los pescadores. Para mantener la recuperaci\u00f3n de las poblaciones de nutrias gigantes, se requiere una comprensi\u00f3n proactiva de los factores ecol\u00f3gicos que las respaldan y los impactos antropog\u00e9nicos que las amenazan. Junto con la Unidad de Investigaci\u00f3n para la Conservaci\u00f3n de Vida Silvestre (WildCRU \/ Universidad de Oxford), en mayo de 2017, San Diego Zoo Global se embarc\u00f3 en una investigaci\u00f3n sistem\u00e1tica de factores que regulan las poblaciones de nutrias, junto con la participaci\u00f3n de las comunidades locales para compensar las actividades que tienen un impacto negativo, y trabajando con las agencias del gobierno local para adoptar pr\u00e1cticas de gesti\u00f3n efectivas. El alcance de nuestro programa abarca grandes porciones de la cuenca Madre de Dios dentro y fuera de las \u00e1reas protegidas.<\/p>\n<p><img decoding=\"async\" loading=\"lazy\" class=\"aligncenter wp-image-2605 size-full\" src=\"https:\/\/cochacashu.sandiegozooglobal.org\/wp-content\/uploads\/2018\/06\/GO-photo-Adi-Barocas_small.jpg\" alt=\"\" width=\"1000\" height=\"684\" srcset=\"https:\/\/cochacashu.sandiegozooglobal.org\/wp-content\/uploads\/2018\/06\/GO-photo-Adi-Barocas_small.jpg 1000w, https:\/\/cochacashu.sandiegozooglobal.org\/wp-content\/uploads\/2018\/06\/GO-photo-Adi-Barocas_small-300x205.jpg 300w, https:\/\/cochacashu.sandiegozooglobal.org\/wp-content\/uploads\/2018\/06\/GO-photo-Adi-Barocas_small-768x525.jpg 768w, https:\/\/cochacashu.sandiegozooglobal.org\/wp-content\/uploads\/2018\/06\/GO-photo-Adi-Barocas_small-439x300.jpg 439w\" sizes=\"(max-width: 1000px) 100vw, 1000px\" \/><\/p>\n<p>El investigador principal, Adi Barocas, y su equipo de asistentes peruanos han comenzado a monitorear 8 grupos de nutrias gigantes (42 individuos) en \u00e1reas minadas y otros 9 grupos en \u00e1reas protegidas (&gt; 40 individuos). Han compilado una biblioteca de identificaci\u00f3n con fotos de 63 lobod identificadas y han comenzado la evaluaci\u00f3n de la calidad del agua y la recolecci\u00f3n de muestras de peces, agua, y sedimentos para el an\u00e1lisis de mercurio. Tambi\u00e9n est\u00e1n llevando a cabo censos de aves y reptiles y han establecido s\u00f3lidas relaciones de colaboraci\u00f3n con el Servicio Na\u00bfcional de las \u00c1reas Naturales Protegidas (SERNANP), la Universidad Wake Forest, el Centro de Innovaci\u00f3n Cient\u00edfica de la Amazonia, la Sociedad Zool\u00f3gica de Frankfurt, el Parque Nacional Manu y comunidades locales como Isla de los Valles, donde est\u00e1n ayudando a SePeru, una ONG local, con un programa responsable de ecoturismo de nutrias gigantes.<\/p>\n<p><strong>Visi\u00f3n: Despu\u00e9s de cinco a\u00f1os habremos adquirido conocimientos importantes sobre la ecolog\u00eda de poblaciones de nutrias gigantes en relaci\u00f3n con la abundancia y disponibilidad de recursos, miner\u00eda de oro, y gesti\u00f3n de tierras comunitarias, permitiendo una mejor integraci\u00f3n de las necesidades de conservaci\u00f3n de nutrias gigantes con el desarrollo regional y el manejo de \u00e1reas protegidas.<\/strong><\/p>\n<p>Nuestros objetivos son que a fines de 2023:<\/p>\n<ol>\n<li>El grado de contaminaci\u00f3n por mercurio en las nutrias, sus presas, y su ambiente acu\u00e1tico se caracterizar\u00e1 a lo largo de varios lagos que var\u00edan en su proximidad a las actividades mineras.<\/li>\n<li>Se comprender\u00e1n mejor los factores ecol\u00f3gicos y antropog\u00e9nicos que influyen en la salud de la nutria, la reproducci\u00f3n, y la supervivencia.<\/li>\n<li>Las comunidades humanas que dependen de las cochas para la pesca y otras actividades comprender\u00e1n los riesgos de la contaminaci\u00f3n por mercurio y ser\u00e1n mejores administradores del ecosistema acu\u00e1tico del que dependen ellos y la vida silvestre.<\/li>\n<li>El parque y las autoridades reguladoras tendr\u00e1n una base cient\u00edfica para una mejor gesti\u00f3n de los recursos acu\u00e1ticos en Madre de Dios.<\/li>\n<li>La capacidad para llevar a cabo actividades de conservaci\u00f3n e investigaci\u00f3n con nutrias y ecosistemas acu\u00e1ticos permitir\u00e1 la acci\u00f3n de conservaci\u00f3n continua con m\u00ednima asistencia externa.<\/li>\n<li>Se reducir\u00e1 la tasa de destrucci\u00f3n de las cochas y algunas poblaciones de nutrias fuera de las \u00e1reas protegidas estar\u00e1n a salvo de la miner\u00eda y otras perturbaciones humanas.<\/li>\n<li>Nuestros hallazgos se habr\u00e1n comunicado a la comunidad de conservaci\u00f3n para que los gerentes y tomadores de decisiones en otras regiones puedan beneficiarse de las lecciones aprendidas.<\/li>\n<\/ol>\n<p>Por favor, p\u00f3ngase en contacto con <a href=\"mailto:adibarocas@gmail.com\">Adi Barocas<\/a> si est\u00e1 interesado en obtener m\u00e1s informaci\u00f3n acerca de nuestro programa de nutria gigante.<\/p>\n<p><img decoding=\"async\" loading=\"lazy\" class=\"aligncenter size-large wp-image-3112\" src=\"https:\/\/cochacashu.sandiegozooglobal.org\/wp-content\/uploads\/2018\/07\/Adi-Barocas-3_01-1024x684.jpg\" alt=\"\" width=\"584\" height=\"390\" srcset=\"https:\/\/cochacashu.sandiegozooglobal.org\/wp-content\/uploads\/2018\/07\/Adi-Barocas-3_01-1024x684.jpg 1024w, https:\/\/cochacashu.sandiegozooglobal.org\/wp-content\/uploads\/2018\/07\/Adi-Barocas-3_01-300x200.jpg 300w, https:\/\/cochacashu.sandiegozooglobal.org\/wp-content\/uploads\/2018\/07\/Adi-Barocas-3_01-768x513.jpg 768w, https:\/\/cochacashu.sandiegozooglobal.org\/wp-content\/uploads\/2018\/07\/Adi-Barocas-3_01-449x300.jpg 449w, https:\/\/cochacashu.sandiegozooglobal.org\/wp-content\/uploads\/2018\/07\/Adi-Barocas-3_01.jpg 1500w\" sizes=\"(max-width: 584px) 100vw, 584px\" \/><\/p>","protected":false},"excerpt":{"rendered":"<p>Por Adi Barocas La nutria gigante, tambi\u00e9n conocido como el lobo de rio (Pteronura brasiliensis), es un carn\u00edvoro en peligro de extinci\u00f3n que habita en la regi\u00f3n de Madre de Dios en la cuenca amaz\u00f3nica de Per\u00fa. A pesar de &hellip; <a href=\"https:\/\/cochacashu.sandiegozooglobal.org\/es\/programa-de-conservacion-lobos-de-rio\/\">Sigue leyendo <span class=\"meta-nav\">&rarr;<\/span><\/a><\/p>\n","protected":false},"author":2,"featured_media":0,"parent":0,"menu_order":0,"comment_status":"closed","ping_status":"closed","template":"","meta":{"_mi_skip_tracking":false,"_exactmetrics_sitenote_active":false,"_exactmetrics_sitenote_note":"","_exactmetrics_sitenote_category":0,"footnotes":""},"_links":{"self":[{"href":"https:\/\/cochacashu.sandiegozooglobal.org\/es\/wp-json\/wp\/v2\/pages\/3111\/"}],"collection":[{"href":"https:\/\/cochacashu.sandiegozooglobal.org\/es\/wp-json\/wp\/v2\/pages\/"}],"about":[{"href":"https:\/\/cochacashu.sandiegozooglobal.org\/es\/wp-json\/wp\/v2\/types\/page\/"}],"author":[{"embeddable":true,"href":"https:\/\/cochacashu.sandiegozooglobal.org\/es\/wp-json\/wp\/v2\/users\/2\/"}],"replies":[{"embeddable":true,"href":"https:\/\/cochacashu.sandiegozooglobal.org\/es\/wp-json\/wp\/v2\/comments\/?post=3111"}],"version-history":[{"count":6,"href":"https:\/\/cochacashu.sandiegozooglobal.org\/es\/wp-json\/wp\/v2\/pages\/3111\/revisions\/"}],"predecessor-version":[{"id":3609,"href":"https:\/\/cochacashu.sandiegozooglobal.org\/es\/wp-json\/wp\/v2\/pages\/3111\/revisions\/3609\/"}],"wp:attachment":[{"href":"https:\/\/cochacashu.sandiegozooglobal.org\/es\/wp-json\/wp\/v2\/media\/?parent=3111"}],"curies":[{"name":"wp","href":"https:\/\/api.w.org\/{rel}","templated":true}]}}