{"id":3284,"date":"2018-10-02T22:18:01","date_gmt":"2018-10-02T22:18:01","guid":{"rendered":"https:\/\/cochacashu.sandiegozooglobal.org\/?page_id=3284"},"modified":"2019-09-19T00:50:26","modified_gmt":"2019-09-19T00:50:26","slug":"3284-2","status":"publish","type":"page","link":"https:\/\/cochacashu.sandiegozooglobal.org\/es\/3284-2\/","title":{"rendered":"Investigaci\u00f3n Acu\u00e1tica en Cocha Cashu"},"content":{"rendered":"\n<p>Por Ron Swaisgood<\/p>\n\n\n<p><img decoding=\"async\" loading=\"lazy\" class=\"aligncenter size-thumbnail wp-image-3277\" src=\"https:\/\/cochacashu.sandiegozooglobal.org\/wp-content\/uploads\/2018\/10\/NSF_4-Color_bitmap_Logo-png-150x150.png\" alt=\"\" width=\"150\" height=\"150\" srcset=\"https:\/\/cochacashu.sandiegozooglobal.org\/wp-content\/uploads\/2018\/10\/NSF_4-Color_bitmap_Logo-png-150x150.png 150w, https:\/\/cochacashu.sandiegozooglobal.org\/wp-content\/uploads\/2018\/10\/NSF_4-Color_bitmap_Logo-png-298x300.png 298w, https:\/\/cochacashu.sandiegozooglobal.org\/wp-content\/uploads\/2018\/10\/NSF_4-Color_bitmap_Logo-png-768x772.png 768w, https:\/\/cochacashu.sandiegozooglobal.org\/wp-content\/uploads\/2018\/10\/NSF_4-Color_bitmap_Logo-png-1019x1024.png 1019w, https:\/\/cochacashu.sandiegozooglobal.org\/wp-content\/uploads\/2018\/10\/NSF_4-Color_bitmap_Logo-png.png 1722w\" sizes=\"(max-width: 150px) 100vw, 150px\" \/><\/p>\n<p>La investigaci\u00f3n en el CCBS explora cuestiones ecol\u00f3gicas fundamentales y sin respuesta de la ecolog\u00eda tropical. Ubicada a orillas de un lago que forma parte de una cuenca hidrogr\u00e1fica en gran parte inalterada, conectada por una serie de r\u00edos y arroyos, el potencial del CCBS para promover el conocimiento cient\u00edfico de los sistemas acu\u00e1ticos tropicales es considerable. Sin embargo, en contraste con el largo legado de la investigaci\u00f3n sobre sistemas terrestres en la Estaci\u00f3n y en los bosques amaz\u00f3nicos circundantes, pocos estudios han abordado el ecosistema acu\u00e1tico del que dependen las diversas especies animales y vegetales, as\u00ed como las poblaciones humanas locales.<\/p>\n<p>Debido a que el CCBS proporciona un acceso incomparable a sistemas biol\u00f3gicos complejos no perturbados por las actividades humanas, existe una gran oportunidad de hacer preguntas en ecolog\u00eda acu\u00e1tica donde los procesos evolutivos siguen siendo muy similares a como eran antes de que la humanidad llegara a la escena. Por la misma raz\u00f3n, el CCBS puede servir como un paisaje de referencia que proporciona datos comparativos para comprender los impactos de la perturbaci\u00f3n humana y el cambio ambiental.<\/p>\n<p><img decoding=\"async\" loading=\"lazy\" class=\"aligncenter wp-image-3279 size-medium\" src=\"https:\/\/cochacashu.sandiegozooglobal.org\/wp-content\/uploads\/2018\/10\/109-Aequidens-tetramerus-aqua-DO-300x225.jpg\" alt=\"\" width=\"300\" height=\"225\" srcset=\"https:\/\/cochacashu.sandiegozooglobal.org\/wp-content\/uploads\/2018\/10\/109-Aequidens-tetramerus-aqua-DO-300x225.jpg 300w, https:\/\/cochacashu.sandiegozooglobal.org\/wp-content\/uploads\/2018\/10\/109-Aequidens-tetramerus-aqua-DO-399x300.jpg 399w, https:\/\/cochacashu.sandiegozooglobal.org\/wp-content\/uploads\/2018\/10\/109-Aequidens-tetramerus-aqua-DO.jpg 450w\" sizes=\"(max-width: 300px) 100vw, 300px\" \/><\/p>\n<p>Este proyecto involucrar\u00e1 a un contingente diverso de cient\u00edficos de los Estados Unidos, Per\u00fa y otros lugares para trabajar juntos bajo un paraguas de colaboraci\u00f3n para comprender c\u00f3mo funciona este ecosistema acu\u00e1tico y c\u00f3mo se puede mantener para servir el inter\u00e9s de la biodiversidad, la calidad ambiental y las necesidades humanas. La naturaleza colaborativa de este trabajo tambi\u00e9n servir\u00e1 para establecer relaciones entre los cient\u00edficos de los EEUU y los profesionales peruanos emergentes y establecidos y los representantes gubernamentales, y as\u00ed ayudar a desarrollar la capacidad local en la ciencia, ayudar a construir las carreras de los cient\u00edficos de los EEUU, apoyar las oportunidades educativas y de capacitaci\u00f3n para ciudadanos peruanos y de los EEUU, y crear lazos positivos entre los dos pa\u00edses.<\/p>\n<p>La escasez de datos en esta \u00e1rea garantiza la novedad de nuevas iniciativas de investigaci\u00f3n, y la provisi\u00f3n de sensores e instrumentos facilitar\u00e1 la investigaci\u00f3n multidisciplinaria que integra los datos recopilados sobre los organismos y su entorno abi\u00f3tico, un objetivo fundamental en la ecolog\u00eda. Debido a que los sistemas terrestres y acu\u00e1ticos est\u00e1n acoplados, la investigaci\u00f3n acu\u00e1tica informar\u00e1 el s\u00f3lido cuerpo de investigaci\u00f3n realizado en tierra.<\/p>\n<p><img decoding=\"async\" loading=\"lazy\" class=\"aligncenter size-full wp-image-3281\" src=\"https:\/\/cochacashu.sandiegozooglobal.org\/wp-content\/uploads\/2018\/10\/DSC06915_01.jpg\" alt=\"\" width=\"1000\" height=\"556\" srcset=\"https:\/\/cochacashu.sandiegozooglobal.org\/wp-content\/uploads\/2018\/10\/DSC06915_01.jpg 1000w, https:\/\/cochacashu.sandiegozooglobal.org\/wp-content\/uploads\/2018\/10\/DSC06915_01-300x167.jpg 300w, https:\/\/cochacashu.sandiegozooglobal.org\/wp-content\/uploads\/2018\/10\/DSC06915_01-768x427.jpg 768w, https:\/\/cochacashu.sandiegozooglobal.org\/wp-content\/uploads\/2018\/10\/DSC06915_01-500x278.jpg 500w\" sizes=\"(max-width: 1000px) 100vw, 1000px\" \/><\/p>\n<p>El apoyo de NSF permitir\u00e1 que la investigaci\u00f3n de vanguardia realizada en CCBS crezca hasta el siglo XXI y se expanda a los ecosistemas acu\u00e1ticos de la Amazon\u00eda peruana, proporcionando as\u00ed datos fundamentales para los ecosistemas tropicales y explorando nuevas direcciones que informen la biolog\u00eda del cambio global. Esta expansi\u00f3n puede incluir nuevos estudios sobre hidroecolog\u00eda, din\u00e1mica de las llanuras de inundaci\u00f3n, transporte de nutrientes, caracterizaci\u00f3n ecol\u00f3gica de peces y aves migratorias, impulsores de la biodiversidad de los ecosistemas acu\u00e1ticos, e impactos antropog\u00e9nicos emergentes en estos sistemas y especies espec\u00edficas como la nutria gigante y el caim\u00e1n negro.<\/p>\n<p>Una expansi\u00f3n exitosa de un programa de investigaci\u00f3n acu\u00e1tica en el CCBS requiere que se aborden varios obst\u00e1culos. Para abordar estas limitaciones, los fondos de la FSML se utilizar\u00e1n para comprar tres embarcaciones de investigaci\u00f3n, totalmente equipadas con sensores y equipos especializados de monitoreo acu\u00e1tico; construir un laboratorio para almacenar y procesar muestras acu\u00e1ticas; y construir cabinas para el alojamiento de los investigadores. Una investigaci\u00f3n acu\u00e1tica ampliada en CCBS tendr\u00e1 una aplicaci\u00f3n de conservaci\u00f3n significativa, guiar\u00e1 las actividades de gesti\u00f3n de parques e informar\u00e1 los objetivos de conservaci\u00f3n y restauraci\u00f3n en los sistemas amaz\u00f3nicos, e incrementar\u00e1 directamente el conocimiento para la gesti\u00f3n de especies dependientes de la conservaci\u00f3n, como la nutria gigante. Juntas, estas actividades ayudar\u00e1n a mantener un ecosistema acu\u00e1tico saludable para apoyar a las comunidades humanas y naturales.<\/p>","protected":false},"excerpt":{"rendered":"<p>Por Ron Swaisgood La investigaci\u00f3n en el CCBS explora cuestiones ecol\u00f3gicas fundamentales y sin respuesta de la ecolog\u00eda tropical. Ubicada a orillas de un lago que forma parte de una cuenca hidrogr\u00e1fica en gran parte inalterada, conectada por una serie &hellip; <a href=\"https:\/\/cochacashu.sandiegozooglobal.org\/es\/3284-2\/\">Sigue leyendo <span class=\"meta-nav\">&rarr;<\/span><\/a><\/p>\n","protected":false},"author":2,"featured_media":0,"parent":0,"menu_order":0,"comment_status":"closed","ping_status":"closed","template":"","meta":{"_mi_skip_tracking":false,"_exactmetrics_sitenote_active":false,"_exactmetrics_sitenote_note":"","_exactmetrics_sitenote_category":0,"footnotes":""},"_links":{"self":[{"href":"https:\/\/cochacashu.sandiegozooglobal.org\/es\/wp-json\/wp\/v2\/pages\/3284\/"}],"collection":[{"href":"https:\/\/cochacashu.sandiegozooglobal.org\/es\/wp-json\/wp\/v2\/pages\/"}],"about":[{"href":"https:\/\/cochacashu.sandiegozooglobal.org\/es\/wp-json\/wp\/v2\/types\/page\/"}],"author":[{"embeddable":true,"href":"https:\/\/cochacashu.sandiegozooglobal.org\/es\/wp-json\/wp\/v2\/users\/2\/"}],"replies":[{"embeddable":true,"href":"https:\/\/cochacashu.sandiegozooglobal.org\/es\/wp-json\/wp\/v2\/comments\/?post=3284"}],"version-history":[{"count":7,"href":"https:\/\/cochacashu.sandiegozooglobal.org\/es\/wp-json\/wp\/v2\/pages\/3284\/revisions\/"}],"predecessor-version":[{"id":3427,"href":"https:\/\/cochacashu.sandiegozooglobal.org\/es\/wp-json\/wp\/v2\/pages\/3284\/revisions\/3427\/"}],"wp:attachment":[{"href":"https:\/\/cochacashu.sandiegozooglobal.org\/es\/wp-json\/wp\/v2\/media\/?parent=3284"}],"curies":[{"name":"wp","href":"https:\/\/api.w.org\/{rel}","templated":true}]}}