{"id":3352,"date":"2019-01-29T23:29:00","date_gmt":"2019-01-29T23:29:00","guid":{"rendered":"http:\/\/cochacashu.sandiegozooglobal.org\/?page_id=3352"},"modified":"2019-09-19T00:52:20","modified_gmt":"2019-09-19T00:52:20","slug":"peces-en-el-manu-conocimiento-matsigenka","status":"publish","type":"page","link":"https:\/\/cochacashu.sandiegozooglobal.org\/es\/peces-en-el-manu-conocimiento-matsigenka\/","title":{"rendered":"Peces en el Manu: Conocimiento Matsigenka"},"content":{"rendered":"<p>Por Karen Castillo<\/p>\n<p>Las comunidades matisgenkas de Tsirerishi y Tayakome ubicadas en la Zona de Uso Especial del Parque Nacional del Manu, son un pueblo de pescadores y pescadoras, con un amplio conocimiento ecol\u00f3gico tradicional sobre peces y vasta experiencia en la actividad pesquera, en la que se inician desde muy peque\u00f1os. La cual, adem\u00e1s de constituir una de sus principales actividades de aprovisionamiento, est\u00e1 interconectada con otras dimensiones de la vida social de esta poblaci\u00f3n.<\/p>\n<div id=\"attachment_3342\" style=\"width: 594px\" class=\"wp-caption aligncenter\"><a href=\"http:\/\/cochacashu.sandiegozooglobal.org\/wp-content\/uploads\/2019\/01\/SDZG-WCS-Fish-project-Karen-Castillo.jpg\"><img aria-describedby=\"caption-attachment-3342\" decoding=\"async\" loading=\"lazy\" class=\"wp-image-3342 size-large\" src=\"http:\/\/cochacashu.sandiegozooglobal.org\/wp-content\/uploads\/2019\/01\/SDZG-WCS-Fish-project-Karen-Castillo-1024x674.jpg\" alt=\"\" width=\"584\" height=\"384\" srcset=\"https:\/\/cochacashu.sandiegozooglobal.org\/wp-content\/uploads\/2019\/01\/SDZG-WCS-Fish-project-Karen-Castillo-1024x674.jpg 1024w, https:\/\/cochacashu.sandiegozooglobal.org\/wp-content\/uploads\/2019\/01\/SDZG-WCS-Fish-project-Karen-Castillo-300x198.jpg 300w, https:\/\/cochacashu.sandiegozooglobal.org\/wp-content\/uploads\/2019\/01\/SDZG-WCS-Fish-project-Karen-Castillo-768x506.jpg 768w, https:\/\/cochacashu.sandiegozooglobal.org\/wp-content\/uploads\/2019\/01\/SDZG-WCS-Fish-project-Karen-Castillo-456x300.jpg 456w, https:\/\/cochacashu.sandiegozooglobal.org\/wp-content\/uploads\/2019\/01\/SDZG-WCS-Fish-project-Karen-Castillo.jpg 1285w\" sizes=\"(max-width: 584px) 100vw, 584px\" \/><\/a><p id=\"caption-attachment-3342\" class=\"wp-caption-text\"><strong>Misairo Enrique nos muestra su pesca<\/strong><\/p><\/div>\n<p>Junto a ellos, San Diego Zoo Global-Per\u00fa y Wildlife Conservation Society viene desarrollando desde el a\u00f1o pasado el proyecto \u201cCiencia Ciudadana para la Amazonia\u201d. Este proyecto busca responder a la pregunta d\u00f3nde y cu\u00e1ndo migran los peces en la cuenca amaz\u00f3nica y qu\u00e9 factores ambientales influyen sobre estas migraciones. Lo hace a trav\u00e9s del intercambio cultural y capacitaci\u00f3n a pescadores locales sobre el uso de tecnolog\u00edas a fin de colectar informaci\u00f3n valiosa que reduzca brechas de informaci\u00f3n y contribuya a mejorar el conocimiento cient\u00edfico para la conservaci\u00f3n y desarrollo sostenible de la Amazonia.<\/p>\n<p>As\u00ed, la aplicaci\u00f3n de android Ictio, desarrollada por Cornell Lab, permite a los pescadores registrar sus lugares de pesca, n\u00famero de individuos capturados y su biomasa, as\u00ed como a\u00f1adir fotos de estos, a partir de una lista predeterminada de peces migratorios. Las listas generadas son enviadas desde la Estaci\u00f3n Biol\u00f3gica Cocha Cashu, con el compromiso de devolver los datos a los cient\u00edficos ciudadanos en una forma en que les sea \u00fatil, y brindar informaci\u00f3n p\u00fablica, segura, y de f\u00e1cil acceso.<\/p>\n<div id=\"attachment_3346\" style=\"width: 594px\" class=\"wp-caption aligncenter\"><a href=\"http:\/\/cochacashu.sandiegozooglobal.org\/wp-content\/uploads\/2019\/01\/SDZG-WCS-Fish-project-Karen-Castillo2-1.jpg\"><img aria-describedby=\"caption-attachment-3346\" decoding=\"async\" loading=\"lazy\" class=\"wp-image-3346 size-large\" src=\"http:\/\/cochacashu.sandiegozooglobal.org\/wp-content\/uploads\/2019\/01\/SDZG-WCS-Fish-project-Karen-Castillo2-1-1024x768.jpg\" alt=\"\" width=\"584\" height=\"438\" srcset=\"https:\/\/cochacashu.sandiegozooglobal.org\/wp-content\/uploads\/2019\/01\/SDZG-WCS-Fish-project-Karen-Castillo2-1-1024x768.jpg 1024w, https:\/\/cochacashu.sandiegozooglobal.org\/wp-content\/uploads\/2019\/01\/SDZG-WCS-Fish-project-Karen-Castillo2-1-300x225.jpg 300w, https:\/\/cochacashu.sandiegozooglobal.org\/wp-content\/uploads\/2019\/01\/SDZG-WCS-Fish-project-Karen-Castillo2-1-768x576.jpg 768w, https:\/\/cochacashu.sandiegozooglobal.org\/wp-content\/uploads\/2019\/01\/SDZG-WCS-Fish-project-Karen-Castillo2-1-400x300.jpg 400w, https:\/\/cochacashu.sandiegozooglobal.org\/wp-content\/uploads\/2019\/01\/SDZG-WCS-Fish-project-Karen-Castillo2-1.jpg 1298w\" sizes=\"(max-width: 584px) 100vw, 584px\" \/><\/a><p id=\"caption-attachment-3346\" class=\"wp-caption-text\"><strong>Pesca familiar en el rio Manu<\/strong><\/p><\/div>\n<p>Hasta el momento se viene trabajando con 9 pescadores matsigenkas, y se han enviado m\u00e1s de 300 listas de pesca desde el Manu. Los pescadores matsigenka, para quienes en su mayor\u00eda era la primera vez manipulando celulares, lograron una excelente apropiaci\u00f3n de los medios tecnol\u00f3gicos, aunque en el caso de las personas mayores prefer\u00edan el uso de bit\u00e1coras de pesca en papel, datos que luego era pasados a la aplicaci\u00f3n con ayuda de los m\u00e1s j\u00f3venes.<\/p>\n<div id=\"attachment_3348\" style=\"width: 594px\" class=\"wp-caption aligncenter\"><a href=\"http:\/\/cochacashu.sandiegozooglobal.org\/wp-content\/uploads\/2019\/01\/SDZG-WCS-Fish-project-Karen-Castillo3.jpg\"><img aria-describedby=\"caption-attachment-3348\" decoding=\"async\" loading=\"lazy\" class=\"wp-image-3348 size-large\" src=\"http:\/\/cochacashu.sandiegozooglobal.org\/wp-content\/uploads\/2019\/01\/SDZG-WCS-Fish-project-Karen-Castillo3-1024x758.jpg\" alt=\"\" width=\"584\" height=\"432\" srcset=\"https:\/\/cochacashu.sandiegozooglobal.org\/wp-content\/uploads\/2019\/01\/SDZG-WCS-Fish-project-Karen-Castillo3-1024x758.jpg 1024w, https:\/\/cochacashu.sandiegozooglobal.org\/wp-content\/uploads\/2019\/01\/SDZG-WCS-Fish-project-Karen-Castillo3-300x222.jpg 300w, https:\/\/cochacashu.sandiegozooglobal.org\/wp-content\/uploads\/2019\/01\/SDZG-WCS-Fish-project-Karen-Castillo3-768x569.jpg 768w, https:\/\/cochacashu.sandiegozooglobal.org\/wp-content\/uploads\/2019\/01\/SDZG-WCS-Fish-project-Karen-Castillo3-405x300.jpg 405w, https:\/\/cochacashu.sandiegozooglobal.org\/wp-content\/uploads\/2019\/01\/SDZG-WCS-Fish-project-Karen-Castillo3.jpg 1099w\" sizes=\"(max-width: 584px) 100vw, 584px\" \/><\/a><p id=\"caption-attachment-3348\" class=\"wp-caption-text\"><strong>Valent\u00edn Henchi, pescador matsigenka utilizando Ictio<\/strong><\/p><\/div>\n<p>Como parte del proyecto se realizan tambi\u00e9n entrevistas a la poblaci\u00f3n local. As\u00ed mismo, el Programa de Educaci\u00f3n Ambiental Intercultural de San Diego Zoo Global-Per\u00fa, y la escuela N\u00b0 52240 de la comunidad de Tsirerishi, dise\u00f1aron y aplicaron una sesi\u00f3n de aprendizaje basada en sus pr\u00e1cticas de pesca, peces, y pescadores locales.<\/p>\n<p>Esta iniciativa busca adem\u00e1s dar a conocer la sofisticaci\u00f3n de los saberes locales y tradicionales de los matsigenka del Manu, considerando que el progreso en la gesti\u00f3n sostenible est\u00e1 relacionado con las sinergias posibles entre el conocimiento tradicional y el conocimiento cient\u00edfico.<\/p>\n<p>En el Proyecto Ciencia Ciudadana para la Amazonia participan pescadores en varios puntos de la Cuenca Amazonica y cient\u00edficos e involucra a m\u00e1s de 40 organizaciones socias de Per\u00fa, Bolivia, Brasil, Colombia, Ecuador, Estados Unidos y Francia, de las cuales 17 lideran sitios piloto.<\/p>\n","protected":false},"excerpt":{"rendered":"<p>Por Karen Castillo Las comunidades matisgenkas de Tsirerishi y Tayakome ubicadas en la Zona de Uso Especial del Parque Nacional del Manu, son un pueblo de pescadores y pescadoras, con un amplio conocimiento ecol\u00f3gico tradicional sobre peces y vasta experiencia &hellip; <a href=\"https:\/\/cochacashu.sandiegozooglobal.org\/es\/peces-en-el-manu-conocimiento-matsigenka\/\">Sigue leyendo <span class=\"meta-nav\">&rarr;<\/span><\/a><\/p>\n","protected":false},"author":2,"featured_media":0,"parent":0,"menu_order":0,"comment_status":"closed","ping_status":"closed","template":"","meta":{"_mi_skip_tracking":false,"_exactmetrics_sitenote_active":false,"_exactmetrics_sitenote_note":"","_exactmetrics_sitenote_category":0,"footnotes":""},"_links":{"self":[{"href":"https:\/\/cochacashu.sandiegozooglobal.org\/es\/wp-json\/wp\/v2\/pages\/3352\/"}],"collection":[{"href":"https:\/\/cochacashu.sandiegozooglobal.org\/es\/wp-json\/wp\/v2\/pages\/"}],"about":[{"href":"https:\/\/cochacashu.sandiegozooglobal.org\/es\/wp-json\/wp\/v2\/types\/page\/"}],"author":[{"embeddable":true,"href":"https:\/\/cochacashu.sandiegozooglobal.org\/es\/wp-json\/wp\/v2\/users\/2\/"}],"replies":[{"embeddable":true,"href":"https:\/\/cochacashu.sandiegozooglobal.org\/es\/wp-json\/wp\/v2\/comments\/?post=3352"}],"version-history":[{"count":4,"href":"https:\/\/cochacashu.sandiegozooglobal.org\/es\/wp-json\/wp\/v2\/pages\/3352\/revisions\/"}],"predecessor-version":[{"id":3432,"href":"https:\/\/cochacashu.sandiegozooglobal.org\/es\/wp-json\/wp\/v2\/pages\/3352\/revisions\/3432\/"}],"wp:attachment":[{"href":"https:\/\/cochacashu.sandiegozooglobal.org\/es\/wp-json\/wp\/v2\/media\/?parent=3352"}],"curies":[{"name":"wp","href":"https:\/\/api.w.org\/{rel}","templated":true}]}}